{"id":13,"date":"2015-09-12T11:08:38","date_gmt":"2015-09-12T11:08:38","guid":{"rendered":"http:\/\/anr2-1.nanopikz.com\/?page_id=13"},"modified":"2024-03-21T15:30:33","modified_gmt":"2024-03-21T14:30:33","slug":"presentation","status":"publish","type":"page","link":"https:\/\/academie-nationale-reims.fr\/index.php\/presentation\/","title":{"rendered":"L&rsquo;Acad\u00e9mie"},"content":{"rendered":"\n<p><div class=\"card card-academie\">\n<a href=\"https:\/\/academie-nationale-reims.fr\/index.php\/presentation\/\" aria-current=\"page\">\n<div class=\"card-title\">L\u2019Acad\u00e9mie<\/div>\n<div class=\"card-img\"><img decoding=\"async\" class=\"wp-image-2250\" src=\"http:\/\/academie-nationale-reims.fr\/wp-content\/uploads\/2023\/07\/cadre-etiquette-academie-b.png\" alt=\"\"><\/div><\/a>\n<\/div><\/p>\n\n\n\n<p><em><strong>Le Cardinal Thomas Gousset (1792-1866), archev\u00eaque de Reims (1850-1866), fondateur de l\u2019Acad\u00e9mie de Reims en 1841<\/strong><\/em>. (Gravure par Auguste Lemoine, d&rsquo;apr\u00e8s une photographie de Trinquart)<\/p>\n\n\n<p>L&rsquo;Acad\u00e9mie nationale de Reims\u00a0a\u00a0pour mission de diffuser les connaissances les plus r\u00e9centes sp\u00e9cialement dans le domaine des Sciences humaines et des arts et lettres.<br \/>Elle participe \u00e0 la vulgarisation de ces connaissances par des conf\u00e9rences et des publications.<br \/>Son aire g\u00e9ographique d&rsquo;int\u00e9r\u00eat correspond prioritairement \u00e0 l&rsquo;espace r\u00e9mois.<br \/>Elle soutient la recherche par l&rsquo;engagement de ses membres dans des actions culturelles diverses et par la remise de deux prix.<br \/>Elle est en relation \u00e9troite avec les soci\u00e9t\u00e9s savantes et les institutions repr\u00e9sentatives de la vie culturelle de la nation.<br \/>L&rsquo; Acad\u00e9mie de Reims a \u00e9t\u00e9 fond\u00e9e en 1841 et autoris\u00e9e le 6 d\u00e9cembre de cette m\u00eame ann\u00e9e.<\/p>\n<p><a href=\"http:\/\/academie-nationale-reims.fr\/wp-content\/uploads\/2015\/09\/Arr\u00eat\u00e9-du-6-d\u00e9cembre-1841.pdf\">Arr\u00eat\u00e9 du\u00a0ministre de l&rsquo;Instruction Publique du 6 d\u00e9cembre 1841<\/a><\/p>\n<p>Elle\u00a0a ensuite \u00e9t\u00e9\u00a0reconnue comme \u00e9tablissement d\u2019utilit\u00e9 publique le 15 d\u00e9cembre 1846 comme en t\u00e9moignent la <a href=\"http:\/\/academie-nationale-reims.fr\/index.php\/2015\/11\/22\/medaille-de-pingret\/\">m\u00e9daille par Pingret<\/a> et la confirmation par ordonnance royale de Louis-Philippe en date du 15 d\u00e9cembre 1846.<\/p>\n<p><a href=\"http:\/\/academie-nationale-reims.fr\/wp-content\/uploads\/2015\/09\/ordonnance-du-roi-p1-1.jpg\"><img decoding=\"async\" loading=\"lazy\" class=\"alignnone size-medium wp-image-161\" src=\"http:\/\/academie-nationale-reims.fr\/wp-content\/uploads\/2015\/09\/ordonnance-du-roi-p1-1-212x300.jpg\" alt=\"ordonnance du roi p1\" width=\"212\" height=\"300\" srcset=\"https:\/\/academie-nationale-reims.fr\/wp-content\/uploads\/2015\/09\/ordonnance-du-roi-p1-1-212x300.jpg 212w, https:\/\/academie-nationale-reims.fr\/wp-content\/uploads\/2015\/09\/ordonnance-du-roi-p1-1-768x1086.jpg 768w, https:\/\/academie-nationale-reims.fr\/wp-content\/uploads\/2015\/09\/ordonnance-du-roi-p1-1-724x1024.jpg 724w, https:\/\/academie-nationale-reims.fr\/wp-content\/uploads\/2015\/09\/ordonnance-du-roi-p1-1.jpg 886w\" sizes=\"(max-width: 212px) 100vw, 212px\" \/><\/a> <a href=\"http:\/\/academie-nationale-reims.fr\/wp-content\/uploads\/2015\/09\/ordonnance-du-roi-p2-1.jpg\"><img decoding=\"async\" loading=\"lazy\" class=\"alignnone size-medium wp-image-162\" src=\"http:\/\/academie-nationale-reims.fr\/wp-content\/uploads\/2015\/09\/ordonnance-du-roi-p2-1-238x300.jpg\" alt=\"ordonnance du roi p2\" width=\"238\" height=\"300\" srcset=\"https:\/\/academie-nationale-reims.fr\/wp-content\/uploads\/2015\/09\/ordonnance-du-roi-p2-1-238x300.jpg 238w, https:\/\/academie-nationale-reims.fr\/wp-content\/uploads\/2015\/09\/ordonnance-du-roi-p2-1-768x970.jpg 768w, https:\/\/academie-nationale-reims.fr\/wp-content\/uploads\/2015\/09\/ordonnance-du-roi-p2-1-811x1024.jpg 811w, https:\/\/academie-nationale-reims.fr\/wp-content\/uploads\/2015\/09\/ordonnance-du-roi-p2-1.jpg 886w\" sizes=\"(max-width: 238px) 100vw, 238px\" \/><\/a><\/p>\n<p>Document F17* 420 des Archives Nationales.<\/p>\n<p>\u00a0<\/p>","protected":false},"excerpt":{"rendered":"<p>L\u2019Acad\u00e9mie Le Cardinal Thomas Gousset (1792-1866), archev\u00eaque de Reims (1850-1866), fondateur de l\u2019Acad\u00e9mie de Reims en 1841. (Gravure par Auguste Lemoine, d&rsquo;apr\u00e8s une photographie de Trinquart) L&rsquo;Acad\u00e9mie nationale de Reims\u00a0a\u00a0pour mission de diffuser les connaissances les plus r\u00e9centes sp\u00e9cialement dans le domaine des Sciences humaines et des arts et lettres.Elle participe \u00e0 la vulgarisation de [&hellip;]<\/p>\n","protected":false},"author":1,"featured_media":0,"parent":0,"menu_order":2,"comment_status":"closed","ping_status":"closed","template":"","meta":{"_mi_skip_tracking":false},"yoast_head":"<!-- This site is optimized with the Yoast SEO plugin v20.4 - https:\/\/yoast.com\/wordpress\/plugins\/seo\/ -->\n<title>L&#039;Acad\u00e9mie - Acad\u00e9mie nationale de Reims<\/title>\n<meta name=\"robots\" content=\"index, follow, max-snippet:-1, max-image-preview:large, max-video-preview:-1\" \/>\n<link rel=\"canonical\" href=\"http:\/\/academie-nationale-reims.fr\/index.php\/presentation\/\" \/>\n<meta property=\"og:locale\" content=\"fr_FR\" \/>\n<meta property=\"og:type\" content=\"article\" \/>\n<meta property=\"og:title\" content=\"L&#039;Acad\u00e9mie - Acad\u00e9mie nationale de Reims\" \/>\n<meta property=\"og:description\" content=\"L\u2019Acad\u00e9mie Le Cardinal Thomas Gousset (1792-1866), archev\u00eaque de Reims (1850-1866), fondateur de l\u2019Acad\u00e9mie de Reims en 1841. (Gravure par Auguste Lemoine, d&rsquo;apr\u00e8s une photographie de Trinquart) L&rsquo;Acad\u00e9mie nationale de Reims\u00a0a\u00a0pour mission de diffuser les connaissances les plus r\u00e9centes sp\u00e9cialement dans le domaine des Sciences humaines et des arts et lettres.Elle participe \u00e0 la vulgarisation de [&hellip;]\" \/>\n<meta property=\"og:url\" content=\"http:\/\/academie-nationale-reims.fr\/index.php\/presentation\/\" \/>\n<meta property=\"og:site_name\" content=\"Acad\u00e9mie nationale de Reims\" \/>\n<meta property=\"article:modified_time\" content=\"2024-03-21T14:30:33+00:00\" \/>\n<meta property=\"og:image\" content=\"http:\/\/academie-nationale-reims.fr\/wp-content\/uploads\/2023\/07\/cadre-etiquette-academie-b.png\" \/>\n<meta name=\"twitter:card\" content=\"summary_large_image\" \/>\n<meta name=\"twitter:label1\" content=\"Dur\u00e9e de lecture estim\u00e9e\" \/>\n\t<meta name=\"twitter:data1\" content=\"2 minutes\" \/>\n<script type=\"application\/ld+json\" class=\"yoast-schema-graph\">{\"@context\":\"https:\/\/schema.org\",\"@graph\":[{\"@type\":\"WebPage\",\"@id\":\"http:\/\/academie-nationale-reims.fr\/index.php\/presentation\/\",\"url\":\"http:\/\/academie-nationale-reims.fr\/index.php\/presentation\/\",\"name\":\"L'Acad\u00e9mie - Acad\u00e9mie nationale de Reims\",\"isPartOf\":{\"@id\":\"https:\/\/academie-nationale-reims.fr\/#website\"},\"datePublished\":\"2015-09-12T11:08:38+00:00\",\"dateModified\":\"2024-03-21T14:30:33+00:00\",\"breadcrumb\":{\"@id\":\"http:\/\/academie-nationale-reims.fr\/index.php\/presentation\/#breadcrumb\"},\"inLanguage\":\"fr-FR\",\"potentialAction\":[{\"@type\":\"ReadAction\",\"target\":[\"http:\/\/academie-nationale-reims.fr\/index.php\/presentation\/\"]}]},{\"@type\":\"BreadcrumbList\",\"@id\":\"http:\/\/academie-nationale-reims.fr\/index.php\/presentation\/#breadcrumb\",\"itemListElement\":[{\"@type\":\"ListItem\",\"position\":1,\"name\":\"Accueil\",\"item\":\"https:\/\/academie-nationale-reims.fr\/\"},{\"@type\":\"ListItem\",\"position\":2,\"name\":\"L&rsquo;Acad\u00e9mie\"}]},{\"@type\":\"WebSite\",\"@id\":\"https:\/\/academie-nationale-reims.fr\/#website\",\"url\":\"https:\/\/academie-nationale-reims.fr\/\",\"name\":\"Acad\u00e9mie nationale de Reims\",\"description\":\"Ce site est en cours d\u2019am\u00e9nagements\",\"publisher\":{\"@id\":\"https:\/\/academie-nationale-reims.fr\/#organization\"},\"potentialAction\":[{\"@type\":\"SearchAction\",\"target\":{\"@type\":\"EntryPoint\",\"urlTemplate\":\"https:\/\/academie-nationale-reims.fr\/?s={search_term_string}\"},\"query-input\":\"required name=search_term_string\"}],\"inLanguage\":\"fr-FR\"},{\"@type\":\"Organization\",\"@id\":\"https:\/\/academie-nationale-reims.fr\/#organization\",\"name\":\"Acad\u00e9mie nationale de Reims\",\"url\":\"https:\/\/academie-nationale-reims.fr\/\",\"logo\":{\"@type\":\"ImageObject\",\"inLanguage\":\"fr-FR\",\"@id\":\"https:\/\/academie-nationale-reims.fr\/#\/schema\/logo\/image\/\",\"url\":\"https:\/\/academie-nationale-reims.fr\/wp-content\/uploads\/2023\/03\/logo.png\",\"contentUrl\":\"https:\/\/academie-nationale-reims.fr\/wp-content\/uploads\/2023\/03\/logo.png\",\"width\":2038,\"height\":426,\"caption\":\"Acad\u00e9mie nationale de Reims\"},\"image\":{\"@id\":\"https:\/\/academie-nationale-reims.fr\/#\/schema\/logo\/image\/\"}}]}<\/script>\n<!-- \/ Yoast SEO plugin. -->","yoast_head_json":{"title":"L'Acad\u00e9mie - Acad\u00e9mie nationale de Reims","robots":{"index":"index","follow":"follow","max-snippet":"max-snippet:-1","max-image-preview":"max-image-preview:large","max-video-preview":"max-video-preview:-1"},"canonical":"http:\/\/academie-nationale-reims.fr\/index.php\/presentation\/","og_locale":"fr_FR","og_type":"article","og_title":"L'Acad\u00e9mie - Acad\u00e9mie nationale de Reims","og_description":"L\u2019Acad\u00e9mie Le Cardinal Thomas Gousset (1792-1866), archev\u00eaque de Reims (1850-1866), fondateur de l\u2019Acad\u00e9mie de Reims en 1841. (Gravure par Auguste Lemoine, d&rsquo;apr\u00e8s une photographie de Trinquart) L&rsquo;Acad\u00e9mie nationale de Reims\u00a0a\u00a0pour mission de diffuser les connaissances les plus r\u00e9centes sp\u00e9cialement dans le domaine des Sciences humaines et des arts et lettres.Elle participe \u00e0 la vulgarisation de [&hellip;]","og_url":"http:\/\/academie-nationale-reims.fr\/index.php\/presentation\/","og_site_name":"Acad\u00e9mie nationale de Reims","article_modified_time":"2024-03-21T14:30:33+00:00","og_image":[{"url":"http:\/\/academie-nationale-reims.fr\/wp-content\/uploads\/2023\/07\/cadre-etiquette-academie-b.png"}],"twitter_card":"summary_large_image","twitter_misc":{"Dur\u00e9e de lecture estim\u00e9e":"2 minutes"},"schema":{"@context":"https:\/\/schema.org","@graph":[{"@type":"WebPage","@id":"http:\/\/academie-nationale-reims.fr\/index.php\/presentation\/","url":"http:\/\/academie-nationale-reims.fr\/index.php\/presentation\/","name":"L'Acad\u00e9mie - Acad\u00e9mie nationale de Reims","isPartOf":{"@id":"https:\/\/academie-nationale-reims.fr\/#website"},"datePublished":"2015-09-12T11:08:38+00:00","dateModified":"2024-03-21T14:30:33+00:00","breadcrumb":{"@id":"http:\/\/academie-nationale-reims.fr\/index.php\/presentation\/#breadcrumb"},"inLanguage":"fr-FR","potentialAction":[{"@type":"ReadAction","target":["http:\/\/academie-nationale-reims.fr\/index.php\/presentation\/"]}]},{"@type":"BreadcrumbList","@id":"http:\/\/academie-nationale-reims.fr\/index.php\/presentation\/#breadcrumb","itemListElement":[{"@type":"ListItem","position":1,"name":"Accueil","item":"https:\/\/academie-nationale-reims.fr\/"},{"@type":"ListItem","position":2,"name":"L&rsquo;Acad\u00e9mie"}]},{"@type":"WebSite","@id":"https:\/\/academie-nationale-reims.fr\/#website","url":"https:\/\/academie-nationale-reims.fr\/","name":"Acad\u00e9mie nationale de Reims","description":"Ce site est en cours d\u2019am\u00e9nagements","publisher":{"@id":"https:\/\/academie-nationale-reims.fr\/#organization"},"potentialAction":[{"@type":"SearchAction","target":{"@type":"EntryPoint","urlTemplate":"https:\/\/academie-nationale-reims.fr\/?s={search_term_string}"},"query-input":"required name=search_term_string"}],"inLanguage":"fr-FR"},{"@type":"Organization","@id":"https:\/\/academie-nationale-reims.fr\/#organization","name":"Acad\u00e9mie nationale de Reims","url":"https:\/\/academie-nationale-reims.fr\/","logo":{"@type":"ImageObject","inLanguage":"fr-FR","@id":"https:\/\/academie-nationale-reims.fr\/#\/schema\/logo\/image\/","url":"https:\/\/academie-nationale-reims.fr\/wp-content\/uploads\/2023\/03\/logo.png","contentUrl":"https:\/\/academie-nationale-reims.fr\/wp-content\/uploads\/2023\/03\/logo.png","width":2038,"height":426,"caption":"Acad\u00e9mie nationale de Reims"},"image":{"@id":"https:\/\/academie-nationale-reims.fr\/#\/schema\/logo\/image\/"}}]}},"_links":{"self":[{"href":"https:\/\/academie-nationale-reims.fr\/index.php\/wp-json\/wp\/v2\/pages\/13"}],"collection":[{"href":"https:\/\/academie-nationale-reims.fr\/index.php\/wp-json\/wp\/v2\/pages"}],"about":[{"href":"https:\/\/academie-nationale-reims.fr\/index.php\/wp-json\/wp\/v2\/types\/page"}],"author":[{"embeddable":true,"href":"https:\/\/academie-nationale-reims.fr\/index.php\/wp-json\/wp\/v2\/users\/1"}],"replies":[{"embeddable":true,"href":"https:\/\/academie-nationale-reims.fr\/index.php\/wp-json\/wp\/v2\/comments?post=13"}],"version-history":[{"count":15,"href":"https:\/\/academie-nationale-reims.fr\/index.php\/wp-json\/wp\/v2\/pages\/13\/revisions"}],"predecessor-version":[{"id":2613,"href":"https:\/\/academie-nationale-reims.fr\/index.php\/wp-json\/wp\/v2\/pages\/13\/revisions\/2613"}],"wp:attachment":[{"href":"https:\/\/academie-nationale-reims.fr\/index.php\/wp-json\/wp\/v2\/media?parent=13"}],"curies":[{"name":"wp","href":"https:\/\/api.w.org\/{rel}","templated":true}]}}