{"id":21,"date":"2015-09-12T11:48:51","date_gmt":"2015-09-12T11:48:51","guid":{"rendered":"http:\/\/anr2-1.nanopikz.com\/?page_id=21"},"modified":"2024-11-23T11:01:01","modified_gmt":"2024-11-23T10:01:01","slug":"contact","status":"publish","type":"page","link":"https:\/\/academie-nationale-reims.fr\/index.php\/contact\/","title":{"rendered":"Contacts"},"content":{"rendered":"\n<p><\/p>\n\n\n<div><b>Au si\u00e8ge de la Soci\u00e9t\u00e9<\/b> : 17, rue du Jard \u00e0 Reims.\u00a0Le secr\u00e9tariat assure une permanence tous les mardis de 14h30 \u00e0 17h.<\/div>\n<div><b>Lors des s\u00e9ances<\/b> :\u00a0Les s\u00e9ances mensuelles de la Soci\u00e9t\u00e9 sont publiques (voir le calendrier sur la page activit\u00e9s).<\/div>\n<div><b>Par courrier<\/b> : Acad\u00e9mie nationale de Reims &#8211; 17, rue du Jard &#8211; 51100 Reims.<\/div>\n<div><b>Par t\u00e9l\u00e9phone<\/b> : 03 26 91 04 49 (r\u00e9pondeur)<\/div>\n<div><b>Par courriel<\/b> : <a href=\"mailto:academie.nationale.reims@wanadoo.fr\">academie.nationale.reims@wanadoo.fr<\/a><\/div>\n<p>\u00a0<\/p>","protected":false},"excerpt":{"rendered":"<p>Au si\u00e8ge de la Soci\u00e9t\u00e9 : 17, rue du Jard \u00e0 Reims.\u00a0Le secr\u00e9tariat assure une permanence tous les mardis de 14h30 \u00e0 17h. Lors des s\u00e9ances :\u00a0Les s\u00e9ances mensuelles de la Soci\u00e9t\u00e9 sont publiques (voir le calendrier sur la page activit\u00e9s). Par courrier : Acad\u00e9mie nationale de Reims &#8211; 17, rue du Jard &#8211; 51100 [&hellip;]<\/p>\n","protected":false},"author":1,"featured_media":0,"parent":0,"menu_order":6,"comment_status":"closed","ping_status":"closed","template":"","meta":{"_mi_skip_tracking":false},"yoast_head":"<!-- This site is optimized with the Yoast SEO plugin v20.4 - https:\/\/yoast.com\/wordpress\/plugins\/seo\/ -->\n<title>Contacts - Acad\u00e9mie nationale de Reims<\/title>\n<meta name=\"robots\" content=\"index, follow, max-snippet:-1, max-image-preview:large, max-video-preview:-1\" \/>\n<link rel=\"canonical\" href=\"https:\/\/academie-nationale-reims.fr\/index.php\/contact\/\" \/>\n<meta property=\"og:locale\" content=\"fr_FR\" \/>\n<meta property=\"og:type\" content=\"article\" \/>\n<meta property=\"og:title\" content=\"Contacts - Acad\u00e9mie nationale de Reims\" \/>\n<meta property=\"og:description\" content=\"Au si\u00e8ge de la Soci\u00e9t\u00e9 : 17, rue du Jard \u00e0 Reims.\u00a0Le secr\u00e9tariat assure une permanence tous les mardis de 14h30 \u00e0 17h. Lors des s\u00e9ances :\u00a0Les s\u00e9ances mensuelles de la Soci\u00e9t\u00e9 sont publiques (voir le calendrier sur la page activit\u00e9s). Par courrier : Acad\u00e9mie nationale de Reims &#8211; 17, rue du Jard &#8211; 51100 [&hellip;]\" \/>\n<meta property=\"og:url\" content=\"https:\/\/academie-nationale-reims.fr\/index.php\/contact\/\" \/>\n<meta property=\"og:site_name\" content=\"Acad\u00e9mie nationale de Reims\" \/>\n<meta property=\"article:modified_time\" content=\"2024-11-23T10:01:01+00:00\" \/>\n<meta name=\"twitter:card\" content=\"summary_large_image\" \/>\n<meta name=\"twitter:label1\" content=\"Dur\u00e9e de lecture estim\u00e9e\" \/>\n\t<meta name=\"twitter:data1\" content=\"1 minute\" \/>\n<script type=\"application\/ld+json\" class=\"yoast-schema-graph\">{\"@context\":\"https:\/\/schema.org\",\"@graph\":[{\"@type\":\"WebPage\",\"@id\":\"https:\/\/academie-nationale-reims.fr\/index.php\/contact\/\",\"url\":\"https:\/\/academie-nationale-reims.fr\/index.php\/contact\/\",\"name\":\"Contacts - Acad\u00e9mie nationale de Reims\",\"isPartOf\":{\"@id\":\"https:\/\/academie-nationale-reims.fr\/#website\"},\"datePublished\":\"2015-09-12T11:48:51+00:00\",\"dateModified\":\"2024-11-23T10:01:01+00:00\",\"breadcrumb\":{\"@id\":\"https:\/\/academie-nationale-reims.fr\/index.php\/contact\/#breadcrumb\"},\"inLanguage\":\"fr-FR\",\"potentialAction\":[{\"@type\":\"ReadAction\",\"target\":[\"https:\/\/academie-nationale-reims.fr\/index.php\/contact\/\"]}]},{\"@type\":\"BreadcrumbList\",\"@id\":\"https:\/\/academie-nationale-reims.fr\/index.php\/contact\/#breadcrumb\",\"itemListElement\":[{\"@type\":\"ListItem\",\"position\":1,\"name\":\"Accueil\",\"item\":\"https:\/\/academie-nationale-reims.fr\/\"},{\"@type\":\"ListItem\",\"position\":2,\"name\":\"Contacts\"}]},{\"@type\":\"WebSite\",\"@id\":\"https:\/\/academie-nationale-reims.fr\/#website\",\"url\":\"https:\/\/academie-nationale-reims.fr\/\",\"name\":\"Acad\u00e9mie nationale de Reims\",\"description\":\"Ce site est en cours d\u2019am\u00e9nagements\",\"publisher\":{\"@id\":\"https:\/\/academie-nationale-reims.fr\/#organization\"},\"potentialAction\":[{\"@type\":\"SearchAction\",\"target\":{\"@type\":\"EntryPoint\",\"urlTemplate\":\"https:\/\/academie-nationale-reims.fr\/?s={search_term_string}\"},\"query-input\":\"required name=search_term_string\"}],\"inLanguage\":\"fr-FR\"},{\"@type\":\"Organization\",\"@id\":\"https:\/\/academie-nationale-reims.fr\/#organization\",\"name\":\"Acad\u00e9mie nationale de Reims\",\"url\":\"https:\/\/academie-nationale-reims.fr\/\",\"logo\":{\"@type\":\"ImageObject\",\"inLanguage\":\"fr-FR\",\"@id\":\"https:\/\/academie-nationale-reims.fr\/#\/schema\/logo\/image\/\",\"url\":\"https:\/\/academie-nationale-reims.fr\/wp-content\/uploads\/2023\/03\/logo.png\",\"contentUrl\":\"https:\/\/academie-nationale-reims.fr\/wp-content\/uploads\/2023\/03\/logo.png\",\"width\":2038,\"height\":426,\"caption\":\"Acad\u00e9mie nationale de Reims\"},\"image\":{\"@id\":\"https:\/\/academie-nationale-reims.fr\/#\/schema\/logo\/image\/\"}}]}<\/script>\n<!-- \/ Yoast SEO plugin. -->","yoast_head_json":{"title":"Contacts - Acad\u00e9mie nationale de Reims","robots":{"index":"index","follow":"follow","max-snippet":"max-snippet:-1","max-image-preview":"max-image-preview:large","max-video-preview":"max-video-preview:-1"},"canonical":"https:\/\/academie-nationale-reims.fr\/index.php\/contact\/","og_locale":"fr_FR","og_type":"article","og_title":"Contacts - Acad\u00e9mie nationale de Reims","og_description":"Au si\u00e8ge de la Soci\u00e9t\u00e9 : 17, rue du Jard \u00e0 Reims.\u00a0Le secr\u00e9tariat assure une permanence tous les mardis de 14h30 \u00e0 17h. Lors des s\u00e9ances :\u00a0Les s\u00e9ances mensuelles de la Soci\u00e9t\u00e9 sont publiques (voir le calendrier sur la page activit\u00e9s). Par courrier : Acad\u00e9mie nationale de Reims &#8211; 17, rue du Jard &#8211; 51100 [&hellip;]","og_url":"https:\/\/academie-nationale-reims.fr\/index.php\/contact\/","og_site_name":"Acad\u00e9mie nationale de Reims","article_modified_time":"2024-11-23T10:01:01+00:00","twitter_card":"summary_large_image","twitter_misc":{"Dur\u00e9e de lecture estim\u00e9e":"1 minute"},"schema":{"@context":"https:\/\/schema.org","@graph":[{"@type":"WebPage","@id":"https:\/\/academie-nationale-reims.fr\/index.php\/contact\/","url":"https:\/\/academie-nationale-reims.fr\/index.php\/contact\/","name":"Contacts - Acad\u00e9mie nationale de Reims","isPartOf":{"@id":"https:\/\/academie-nationale-reims.fr\/#website"},"datePublished":"2015-09-12T11:48:51+00:00","dateModified":"2024-11-23T10:01:01+00:00","breadcrumb":{"@id":"https:\/\/academie-nationale-reims.fr\/index.php\/contact\/#breadcrumb"},"inLanguage":"fr-FR","potentialAction":[{"@type":"ReadAction","target":["https:\/\/academie-nationale-reims.fr\/index.php\/contact\/"]}]},{"@type":"BreadcrumbList","@id":"https:\/\/academie-nationale-reims.fr\/index.php\/contact\/#breadcrumb","itemListElement":[{"@type":"ListItem","position":1,"name":"Accueil","item":"https:\/\/academie-nationale-reims.fr\/"},{"@type":"ListItem","position":2,"name":"Contacts"}]},{"@type":"WebSite","@id":"https:\/\/academie-nationale-reims.fr\/#website","url":"https:\/\/academie-nationale-reims.fr\/","name":"Acad\u00e9mie nationale de Reims","description":"Ce site est en cours d\u2019am\u00e9nagements","publisher":{"@id":"https:\/\/academie-nationale-reims.fr\/#organization"},"potentialAction":[{"@type":"SearchAction","target":{"@type":"EntryPoint","urlTemplate":"https:\/\/academie-nationale-reims.fr\/?s={search_term_string}"},"query-input":"required name=search_term_string"}],"inLanguage":"fr-FR"},{"@type":"Organization","@id":"https:\/\/academie-nationale-reims.fr\/#organization","name":"Acad\u00e9mie nationale de Reims","url":"https:\/\/academie-nationale-reims.fr\/","logo":{"@type":"ImageObject","inLanguage":"fr-FR","@id":"https:\/\/academie-nationale-reims.fr\/#\/schema\/logo\/image\/","url":"https:\/\/academie-nationale-reims.fr\/wp-content\/uploads\/2023\/03\/logo.png","contentUrl":"https:\/\/academie-nationale-reims.fr\/wp-content\/uploads\/2023\/03\/logo.png","width":2038,"height":426,"caption":"Acad\u00e9mie nationale de Reims"},"image":{"@id":"https:\/\/academie-nationale-reims.fr\/#\/schema\/logo\/image\/"}}]}},"_links":{"self":[{"href":"https:\/\/academie-nationale-reims.fr\/index.php\/wp-json\/wp\/v2\/pages\/21"}],"collection":[{"href":"https:\/\/academie-nationale-reims.fr\/index.php\/wp-json\/wp\/v2\/pages"}],"about":[{"href":"https:\/\/academie-nationale-reims.fr\/index.php\/wp-json\/wp\/v2\/types\/page"}],"author":[{"embeddable":true,"href":"https:\/\/academie-nationale-reims.fr\/index.php\/wp-json\/wp\/v2\/users\/1"}],"replies":[{"embeddable":true,"href":"https:\/\/academie-nationale-reims.fr\/index.php\/wp-json\/wp\/v2\/comments?post=21"}],"version-history":[{"count":6,"href":"https:\/\/academie-nationale-reims.fr\/index.php\/wp-json\/wp\/v2\/pages\/21\/revisions"}],"predecessor-version":[{"id":2795,"href":"https:\/\/academie-nationale-reims.fr\/index.php\/wp-json\/wp\/v2\/pages\/21\/revisions\/2795"}],"wp:attachment":[{"href":"https:\/\/academie-nationale-reims.fr\/index.php\/wp-json\/wp\/v2\/media?parent=21"}],"curies":[{"name":"wp","href":"https:\/\/api.w.org\/{rel}","templated":true}]}}