{"id":2248,"date":"2023-03-28T13:19:14","date_gmt":"2023-03-28T12:19:14","guid":{"rendered":"http:\/\/academie-nationale-reims.fr\/?page_id=2248"},"modified":"2026-04-14T09:54:53","modified_gmt":"2026-04-14T08:54:53","slug":"actualites","status":"publish","type":"page","link":"https:\/\/academie-nationale-reims.fr\/index.php\/actualites\/","title":{"rendered":"Actualit\u00e9s"},"content":{"rendered":"\n<p><\/p>\n\n\n\n<p class=\"has-text-align-center\"><strong>L\u2019Acad\u00e9mie nationale de Reims organise<\/strong><br><strong>9 s\u00e9ances annuelles publiques et gratuites<\/strong>&nbsp;<strong>d\u2019octobre \u00e0 juin<\/strong>.<\/p>\n\n\n\n<p><\/p>\n\n\n\n<p><\/p>\n\n\n\n<p class=\"has-text-align-center\"><strong><mark>Le volume 193 (2025) des&nbsp;<\/mark><\/strong><em><mark><strong>Travaux<\/strong><\/mark><\/em><strong>&nbsp; de l&rsquo;ann\u00e9e 2024 est paru.<br>Vous pouvez acc\u00e9der \u00e0 la <mark>Table des mati\u00e8res du volume 193 <\/mark>en cliquant&nbsp;<a href=\"http:\/\/academie-nationale-reims.fr\/wp-content\/uploads\/2025\/09\/TableDesMatieres-1.pdf\">ici<\/a><br>ou vous reporter \u00e0 la rubrique \u00ab Publications \u00bb, \u00ab Table des mati\u00e8res et vente \u00bb, \u00ab Volume 193 \u00bb.<\/strong><\/p>\n\n\n\n<p class=\"has-text-align-center\"><strong>D\u00e9couvrez <mark style=\"background-color:rgba(0, 0, 0, 0)\" class=\"has-inline-color has-primary-color\">le <mark>programme de nos s\u00e9ances de l&rsquo;ann\u00e9e 2026 <\/mark><\/mark>en t\u00e9l\u00e9chargeant&nbsp;<a href=\"http:\/\/academie-nationale-reims.fr\/wp-content\/uploads\/2025\/12\/ANR-Programme-seances-2026-FNB.pdf\" target=\"_blank\" rel=\"noreferrer noopener\">ici<\/a><\/strong><\/p>\n\n\n\n<p class=\"has-text-align-center\"><strong>D\u00e9couvrez le <mark>sujet de la prochaine conf\u00e9rence<\/mark> en cliquant<span style=\"text-decoration: underline;\"><mark style=\"background-color:rgba(0, 0, 0, 0)\" class=\"has-inline-color has-accent-color\"> <a href=\"http:\/\/academie-nationale-reims.fr\/wp-content\/uploads\/2026\/04\/DEMOUY-COQUERET-Annonce-7-FNB-DN-.pdf\" target=\"_blank\" rel=\"noreferrer noopener\">ic<\/a>i<\/mark><\/span><\/strong><\/p>\n\n\n\n<div class=\"wp-block-columns\">&nbsp;<\/div>\n\n\n\n<div class=\"wp-block-group is-layout-constrained\"><div class=\"wp-block-group__inner-container\">\n<div class=\"wp-block-group alignwide is-layout-constrained\"><div class=\"wp-block-group__inner-container\">\n<div class=\"wp-block-group is-layout-constrained\"><div class=\"wp-block-group__inner-container\">\n<div class=\"wp-block-group is-layout-constrained\"><div class=\"wp-block-group__inner-container\">\n<p class=\"has-text-align-center\"><strong><mark>En pr\u00e9ambule&nbsp;<\/mark><\/strong><\/p>\n\n\n\n<p class=\"has-text-align-center\"><strong><mark>\u00e0 la Rencontre des Acad\u00e9mies de l\u2019Est du samedi 23 mai<\/mark><\/strong><\/p>\n\n\n\n<p class=\"has-text-align-center\"><strong>sur le th\u00e8me<\/strong><\/p>\n\n\n\n<p class=\"has-text-align-center\"><strong><em>\u00ab&nbsp;Architecture et Patrimoine.<\/em><\/strong><\/p>\n\n\n\n<p class=\"has-text-align-center\"><strong><em>Quels enjeux pour une restauration&nbsp;?\u00bb<\/em><\/strong><\/p>\n<\/div><\/div>\n<\/div><\/div>\n\n\n\n<p class=\"has-text-align-center\"><strong><mark style=\"background-color:rgba(0, 0, 0, 0)\" class=\"has-inline-color has-accent-color\">la s\u00e9ance acad\u00e9mique du vendredi 22 mai 2026&nbsp;<\/mark><\/strong><\/p>\n\n\n\n<p class=\"has-text-align-center\"><strong><mark style=\"background-color:rgba(0, 0, 0, 0)\" class=\"has-inline-color has-accent-color\">se tiendra en la Salle des F\u00eates de l\u2019H\u00f4tel de Ville de Reims&nbsp;<\/mark><\/strong><\/p>\n<\/div><\/div>\n<\/div><\/div>\n\n\n\n<p style=\"text-align: center;\"><strong>Pour le <span style=\"color: #ff0000; background-color: #ffff00;\">programme du samedi 23 mai <\/span><\/strong>voir la rubrique <strong>\u00ab\u00a0Activit\u00e9s\u00a0\u00bb, Programme de l&rsquo;ann\u00e9e en cours<\/strong><\/p>\n\n\n\n<div class=\"wp-block-group is-layout-constrained\"><div class=\"wp-block-group__inner-container\">\n<p><\/p>\n\n\n\n<p><\/p>\n\n\n\n<p><\/p>\n<\/div><\/div>\n\n\n\n<p><\/p>\n\n\n\n<p class=\"has-text-align-center\"><\/p>\n\n\n\n<p><\/p>\n","protected":false},"excerpt":{"rendered":"<p>L\u2019Acad\u00e9mie nationale de Reims organise9 s\u00e9ances annuelles publiques et gratuites&nbsp;d\u2019octobre \u00e0 juin. Le volume 193 (2025) des&nbsp;Travaux&nbsp; de l&rsquo;ann\u00e9e 2024 est paru.Vous pouvez acc\u00e9der \u00e0 la Table des mati\u00e8res du volume 193 en cliquant&nbsp;iciou vous reporter \u00e0 la rubrique \u00ab Publications \u00bb, \u00ab Table des mati\u00e8res et vente \u00bb, \u00ab Volume 193 \u00bb. D\u00e9couvrez le [&hellip;]<\/p>\n","protected":false},"author":1,"featured_media":0,"parent":0,"menu_order":0,"comment_status":"closed","ping_status":"closed","template":"","meta":{"_mi_skip_tracking":false},"yoast_head":"<!-- This site is optimized with the Yoast SEO plugin v20.4 - https:\/\/yoast.com\/wordpress\/plugins\/seo\/ -->\n<title>Actualit\u00e9s - Acad\u00e9mie nationale de Reims<\/title>\n<meta name=\"robots\" content=\"index, follow, max-snippet:-1, max-image-preview:large, max-video-preview:-1\" \/>\n<link rel=\"canonical\" href=\"https:\/\/academie-nationale-reims.fr\/index.php\/actualites\/\" \/>\n<meta property=\"og:locale\" content=\"fr_FR\" \/>\n<meta property=\"og:type\" content=\"article\" \/>\n<meta property=\"og:title\" content=\"Actualit\u00e9s - Acad\u00e9mie nationale de Reims\" \/>\n<meta property=\"og:description\" content=\"L\u2019Acad\u00e9mie nationale de Reims organise9 s\u00e9ances annuelles publiques et gratuites&nbsp;d\u2019octobre \u00e0 juin. Le volume 193 (2025) des&nbsp;Travaux&nbsp; de l&rsquo;ann\u00e9e 2024 est paru.Vous pouvez acc\u00e9der \u00e0 la Table des mati\u00e8res du volume 193 en cliquant&nbsp;iciou vous reporter \u00e0 la rubrique \u00ab Publications \u00bb, \u00ab Table des mati\u00e8res et vente \u00bb, \u00ab Volume 193 \u00bb. D\u00e9couvrez le [&hellip;]\" \/>\n<meta property=\"og:url\" content=\"https:\/\/academie-nationale-reims.fr\/index.php\/actualites\/\" \/>\n<meta property=\"og:site_name\" content=\"Acad\u00e9mie nationale de Reims\" \/>\n<meta property=\"article:modified_time\" content=\"2026-04-14T08:54:53+00:00\" \/>\n<meta name=\"twitter:card\" content=\"summary_large_image\" \/>\n<meta name=\"twitter:label1\" content=\"Dur\u00e9e de lecture estim\u00e9e\" \/>\n\t<meta name=\"twitter:data1\" content=\"1 minute\" \/>\n<script type=\"application\/ld+json\" class=\"yoast-schema-graph\">{\"@context\":\"https:\/\/schema.org\",\"@graph\":[{\"@type\":\"WebPage\",\"@id\":\"https:\/\/academie-nationale-reims.fr\/index.php\/actualites\/\",\"url\":\"https:\/\/academie-nationale-reims.fr\/index.php\/actualites\/\",\"name\":\"Actualit\u00e9s - Acad\u00e9mie nationale de Reims\",\"isPartOf\":{\"@id\":\"https:\/\/academie-nationale-reims.fr\/#website\"},\"datePublished\":\"2023-03-28T12:19:14+00:00\",\"dateModified\":\"2026-04-14T08:54:53+00:00\",\"breadcrumb\":{\"@id\":\"https:\/\/academie-nationale-reims.fr\/index.php\/actualites\/#breadcrumb\"},\"inLanguage\":\"fr-FR\",\"potentialAction\":[{\"@type\":\"ReadAction\",\"target\":[\"https:\/\/academie-nationale-reims.fr\/index.php\/actualites\/\"]}]},{\"@type\":\"BreadcrumbList\",\"@id\":\"https:\/\/academie-nationale-reims.fr\/index.php\/actualites\/#breadcrumb\",\"itemListElement\":[{\"@type\":\"ListItem\",\"position\":1,\"name\":\"Accueil\",\"item\":\"https:\/\/academie-nationale-reims.fr\/\"},{\"@type\":\"ListItem\",\"position\":2,\"name\":\"Actualit\u00e9s\"}]},{\"@type\":\"WebSite\",\"@id\":\"https:\/\/academie-nationale-reims.fr\/#website\",\"url\":\"https:\/\/academie-nationale-reims.fr\/\",\"name\":\"Acad\u00e9mie nationale de Reims\",\"description\":\"Ce site est en cours d\u2019am\u00e9nagements\",\"publisher\":{\"@id\":\"https:\/\/academie-nationale-reims.fr\/#organization\"},\"potentialAction\":[{\"@type\":\"SearchAction\",\"target\":{\"@type\":\"EntryPoint\",\"urlTemplate\":\"https:\/\/academie-nationale-reims.fr\/?s={search_term_string}\"},\"query-input\":\"required name=search_term_string\"}],\"inLanguage\":\"fr-FR\"},{\"@type\":\"Organization\",\"@id\":\"https:\/\/academie-nationale-reims.fr\/#organization\",\"name\":\"Acad\u00e9mie nationale de Reims\",\"url\":\"https:\/\/academie-nationale-reims.fr\/\",\"logo\":{\"@type\":\"ImageObject\",\"inLanguage\":\"fr-FR\",\"@id\":\"https:\/\/academie-nationale-reims.fr\/#\/schema\/logo\/image\/\",\"url\":\"https:\/\/academie-nationale-reims.fr\/wp-content\/uploads\/2023\/03\/logo.png\",\"contentUrl\":\"https:\/\/academie-nationale-reims.fr\/wp-content\/uploads\/2023\/03\/logo.png\",\"width\":2038,\"height\":426,\"caption\":\"Acad\u00e9mie nationale de Reims\"},\"image\":{\"@id\":\"https:\/\/academie-nationale-reims.fr\/#\/schema\/logo\/image\/\"}}]}<\/script>\n<!-- \/ Yoast SEO plugin. -->","yoast_head_json":{"title":"Actualit\u00e9s - Acad\u00e9mie nationale de Reims","robots":{"index":"index","follow":"follow","max-snippet":"max-snippet:-1","max-image-preview":"max-image-preview:large","max-video-preview":"max-video-preview:-1"},"canonical":"https:\/\/academie-nationale-reims.fr\/index.php\/actualites\/","og_locale":"fr_FR","og_type":"article","og_title":"Actualit\u00e9s - Acad\u00e9mie nationale de Reims","og_description":"L\u2019Acad\u00e9mie nationale de Reims organise9 s\u00e9ances annuelles publiques et gratuites&nbsp;d\u2019octobre \u00e0 juin. Le volume 193 (2025) des&nbsp;Travaux&nbsp; de l&rsquo;ann\u00e9e 2024 est paru.Vous pouvez acc\u00e9der \u00e0 la Table des mati\u00e8res du volume 193 en cliquant&nbsp;iciou vous reporter \u00e0 la rubrique \u00ab Publications \u00bb, \u00ab Table des mati\u00e8res et vente \u00bb, \u00ab Volume 193 \u00bb. D\u00e9couvrez le [&hellip;]","og_url":"https:\/\/academie-nationale-reims.fr\/index.php\/actualites\/","og_site_name":"Acad\u00e9mie nationale de Reims","article_modified_time":"2026-04-14T08:54:53+00:00","twitter_card":"summary_large_image","twitter_misc":{"Dur\u00e9e de lecture estim\u00e9e":"1 minute"},"schema":{"@context":"https:\/\/schema.org","@graph":[{"@type":"WebPage","@id":"https:\/\/academie-nationale-reims.fr\/index.php\/actualites\/","url":"https:\/\/academie-nationale-reims.fr\/index.php\/actualites\/","name":"Actualit\u00e9s - Acad\u00e9mie nationale de Reims","isPartOf":{"@id":"https:\/\/academie-nationale-reims.fr\/#website"},"datePublished":"2023-03-28T12:19:14+00:00","dateModified":"2026-04-14T08:54:53+00:00","breadcrumb":{"@id":"https:\/\/academie-nationale-reims.fr\/index.php\/actualites\/#breadcrumb"},"inLanguage":"fr-FR","potentialAction":[{"@type":"ReadAction","target":["https:\/\/academie-nationale-reims.fr\/index.php\/actualites\/"]}]},{"@type":"BreadcrumbList","@id":"https:\/\/academie-nationale-reims.fr\/index.php\/actualites\/#breadcrumb","itemListElement":[{"@type":"ListItem","position":1,"name":"Accueil","item":"https:\/\/academie-nationale-reims.fr\/"},{"@type":"ListItem","position":2,"name":"Actualit\u00e9s"}]},{"@type":"WebSite","@id":"https:\/\/academie-nationale-reims.fr\/#website","url":"https:\/\/academie-nationale-reims.fr\/","name":"Acad\u00e9mie nationale de Reims","description":"Ce site est en cours d\u2019am\u00e9nagements","publisher":{"@id":"https:\/\/academie-nationale-reims.fr\/#organization"},"potentialAction":[{"@type":"SearchAction","target":{"@type":"EntryPoint","urlTemplate":"https:\/\/academie-nationale-reims.fr\/?s={search_term_string}"},"query-input":"required name=search_term_string"}],"inLanguage":"fr-FR"},{"@type":"Organization","@id":"https:\/\/academie-nationale-reims.fr\/#organization","name":"Acad\u00e9mie nationale de Reims","url":"https:\/\/academie-nationale-reims.fr\/","logo":{"@type":"ImageObject","inLanguage":"fr-FR","@id":"https:\/\/academie-nationale-reims.fr\/#\/schema\/logo\/image\/","url":"https:\/\/academie-nationale-reims.fr\/wp-content\/uploads\/2023\/03\/logo.png","contentUrl":"https:\/\/academie-nationale-reims.fr\/wp-content\/uploads\/2023\/03\/logo.png","width":2038,"height":426,"caption":"Acad\u00e9mie nationale de Reims"},"image":{"@id":"https:\/\/academie-nationale-reims.fr\/#\/schema\/logo\/image\/"}}]}},"_links":{"self":[{"href":"https:\/\/academie-nationale-reims.fr\/index.php\/wp-json\/wp\/v2\/pages\/2248"}],"collection":[{"href":"https:\/\/academie-nationale-reims.fr\/index.php\/wp-json\/wp\/v2\/pages"}],"about":[{"href":"https:\/\/academie-nationale-reims.fr\/index.php\/wp-json\/wp\/v2\/types\/page"}],"author":[{"embeddable":true,"href":"https:\/\/academie-nationale-reims.fr\/index.php\/wp-json\/wp\/v2\/users\/1"}],"replies":[{"embeddable":true,"href":"https:\/\/academie-nationale-reims.fr\/index.php\/wp-json\/wp\/v2\/comments?post=2248"}],"version-history":[{"count":88,"href":"https:\/\/academie-nationale-reims.fr\/index.php\/wp-json\/wp\/v2\/pages\/2248\/revisions"}],"predecessor-version":[{"id":2989,"href":"https:\/\/academie-nationale-reims.fr\/index.php\/wp-json\/wp\/v2\/pages\/2248\/revisions\/2989"}],"wp:attachment":[{"href":"https:\/\/academie-nationale-reims.fr\/index.php\/wp-json\/wp\/v2\/media?parent=2248"}],"curies":[{"name":"wp","href":"https:\/\/api.w.org\/{rel}","templated":true}]}}