{"id":23,"date":"2015-09-12T11:49:23","date_gmt":"2015-09-12T11:49:23","guid":{"rendered":"http:\/\/anr2-1.nanopikz.com\/?page_id=23"},"modified":"2023-04-21T16:25:01","modified_gmt":"2023-04-21T15:25:01","slug":"histoire","status":"publish","type":"page","link":"https:\/\/academie-nationale-reims.fr\/index.php\/presentation\/histoire\/","title":{"rendered":"Histoire"},"content":{"rendered":"<p>L&rsquo; <strong>Acad\u00e9mie de Reims\u00a0est fond\u00e9e en 1841<\/strong> et autoris\u00e9e le 6 d\u00e9cembre de cette m\u00eame ann\u00e9e.<\/p>\n<p><a href=\"http:\/\/academie-nationale-reims.fr\/wp-content\/uploads\/2015\/09\/Arr\u00eat\u00e9-du-6-d\u00e9cembre-1841.pdf\">Arr\u00eat\u00e9 du\u00a0ministre de l&rsquo;Instruction Publique du 6 d\u00e9cembre 1841<\/a><\/p>\n<p>Dans le contexte du courant intellectuel impuls\u00e9 par Guizot et la Monarchie de Juillet, <strong>l&rsquo;archev\u00eaque de Reims, Monseigneur Gousset<\/strong>, \u00e9paul\u00e9 par 18 notables de la cit\u00e9, fonde\u00a0une Acad\u00e9mie dont la premi\u00e8re s\u00e9ance a lieu le 20 d\u00e9cembre 1841 dans un des salons de l&rsquo;archev\u00each\u00e9 de Reims au palais du Tau.<\/p>\n<p>Elle\u00a0a ensuite \u00e9t\u00e9\u00a0<strong>reconnue comme \u00e9tablissement d\u2019utilit\u00e9 publique<\/strong> le 15 d\u00e9cembre 1846 comme en t\u00e9moignent la <a href=\"http:\/\/academie-nationale-reims.fr\/index.php\/2015\/11\/22\/medaille-de-pingret\/\">m\u00e9daille par Pingret<\/a> et la confirmation par ordonnance royale de Louis-Philippe en date du 15 d\u00e9cembre 1846.<\/p>\n<p style=\"padding-left: 450px;\"><a href=\"http:\/\/academie-nationale-reims.fr\/wp-content\/uploads\/2015\/09\/ordonnance-du-roi-p1-1.jpg\"><img decoding=\"async\" loading=\"lazy\" class=\"size-medium wp-image-161 alignleft\" src=\"http:\/\/academie-nationale-reims.fr\/wp-content\/uploads\/2015\/09\/ordonnance-du-roi-p1-1-212x300.jpg\" alt=\"ordonnance du roi p1\" width=\"212\" height=\"300\" srcset=\"https:\/\/academie-nationale-reims.fr\/wp-content\/uploads\/2015\/09\/ordonnance-du-roi-p1-1-212x300.jpg 212w, https:\/\/academie-nationale-reims.fr\/wp-content\/uploads\/2015\/09\/ordonnance-du-roi-p1-1-768x1086.jpg 768w, https:\/\/academie-nationale-reims.fr\/wp-content\/uploads\/2015\/09\/ordonnance-du-roi-p1-1-724x1024.jpg 724w, https:\/\/academie-nationale-reims.fr\/wp-content\/uploads\/2015\/09\/ordonnance-du-roi-p1-1.jpg 886w\" sizes=\"(max-width: 212px) 100vw, 212px\" \/><\/a> <a href=\"http:\/\/academie-nationale-reims.fr\/wp-content\/uploads\/2015\/09\/ordonnance-du-roi-p2-1.jpg\"><img decoding=\"async\" loading=\"lazy\" class=\"alignnone size-medium wp-image-162\" src=\"http:\/\/academie-nationale-reims.fr\/wp-content\/uploads\/2015\/09\/ordonnance-du-roi-p2-1-238x300.jpg\" alt=\"ordonnance du roi p2\" width=\"238\" height=\"300\" srcset=\"https:\/\/academie-nationale-reims.fr\/wp-content\/uploads\/2015\/09\/ordonnance-du-roi-p2-1-238x300.jpg 238w, https:\/\/academie-nationale-reims.fr\/wp-content\/uploads\/2015\/09\/ordonnance-du-roi-p2-1-768x970.jpg 768w, https:\/\/academie-nationale-reims.fr\/wp-content\/uploads\/2015\/09\/ordonnance-du-roi-p2-1-811x1024.jpg 811w, https:\/\/academie-nationale-reims.fr\/wp-content\/uploads\/2015\/09\/ordonnance-du-roi-p2-1.jpg 886w\" sizes=\"(max-width: 238px) 100vw, 238px\" \/><\/a><\/p>\n<p style=\"text-align: left; padding-left: 450px;\"><em>Ordonnance de Louis-Philippe &#8211; F17*420 Archives Nationales<\/em><\/p>\n<p style=\"text-align: justify;\">Elle devient <strong>Acad\u00e9mie nationale de Reims \u00e0 partir de 1848<\/strong>, titre qu&rsquo;elle conserve depuis cette p\u00e9riode.<\/p>\n<p style=\"text-align: justify;\">Pour en savoir plus sur les <a href=\"http:\/\/academie-nationale-reims.fr\/wp-content\/uploads\/2015\/09\/Panneau-origine-Acad\u00e9mie-3-DP-DN.pdf\" rel=\"\"> origines de l&rsquo;Acad\u00e9mie.<\/a><\/p>\n<p style=\"text-align: justify;\">Les guerres vont induire des modifications ou des interruptions de fonctionnement.<\/p>\n<p><strong>Guerre 1914-1918<\/strong><\/p>\n<p style=\"text-align: justify;\">La Grande Guerre voit le d\u00e9part de certains acad\u00e9miciens au front, d&rsquo;autres s&rsquo;exilent, tandis que d&rsquo;autres demeurent \u00e0 Reims sous la protection des vo\u00fbtes des caves.<br \/>\nCeux qui sont \u00e0 Paris tiennent assembl\u00e9e au pavillon de Marsan afin de poursuivre l&rsquo;action en faveur de la \u00ab\u00a0Ville martyre\u00a0\u00bb.\u00a0Six s\u00e9ances sont organis\u00e9es de 1915 \u00e0 1919.<br \/>\nA Reims, les bombardements d\u00e9truisent le <strong>Palais du Tau<\/strong> dont une salle avait \u00e9t\u00e9 mise \u00e0 disposition de l&rsquo;Acad\u00e9mie par son fondateur.<\/p>\n<p style=\"text-align: justify;\"><a href=\"http:\/\/academie-nationale-reims.fr\/wp-content\/uploads\/2015\/09\/SalleReunionAvt14W-1.jpg\"><img decoding=\"async\" loading=\"lazy\" class=\"size-full wp-image-175 aligncenter\" src=\"http:\/\/academie-nationale-reims.fr\/wp-content\/uploads\/2015\/09\/SalleReunionAvt14W-1.jpg\" alt=\"SalleReunionAvt14W\" width=\"435\" height=\"306\" srcset=\"https:\/\/academie-nationale-reims.fr\/wp-content\/uploads\/2015\/09\/SalleReunionAvt14W-1.jpg 435w, https:\/\/academie-nationale-reims.fr\/wp-content\/uploads\/2015\/09\/SalleReunionAvt14W-1-300x211.jpg 300w\" sizes=\"(max-width: 435px) 100vw, 435px\" \/><\/a><\/p>\n<p style=\"text-align: center;\"><em>Salle de r\u00e9union de l&rsquo;Acad\u00e9mie\u00a0situ\u00e9e dans le Palais du Tau, archev\u00each\u00e9 de Reims<\/em><br \/>\n<em>Photographie 15 x 10,5 cm. avant 1914\u00a0&#8211; Collection Acad\u00e9mie<\/em><br \/>\nDe chaque c\u00f4t\u00e9 du bureau figurent les portraits grav\u00e9s d&rsquo;Henri Paris et de Ferdinand Pi\u00e9ton.<br \/>\nContre la porte, \u00e0 gauche, portrait de Charles de Lorraine d&rsquo;apr\u00e8s Georges Boba.<\/p>\n<p style=\"text-align: left;\">Une partie des archives de l&rsquo;Acad\u00e9mie est sauv\u00e9e par l&rsquo;intervention du docteur Pol Gosset.<br \/>\nLa premi\u00e8re s\u00e9ance d&rsquo;apr\u00e8s guerre est tenue le premier juillet 1919 au Pavillon de Muire, mis \u00e0 disposition par M. de Mun.<\/p>\n<p><strong>Guerre 1939-1945<\/strong><\/p>\n<p style=\"text-align: justify;\">La Seconde Guerre Mondiale apporte son lot de catastrophes bien que la ville soit \u00e9pargn\u00e9e de la destruction.<br \/>\nLes s\u00e9ances, bien qu&rsquo;autoris\u00e9es, se font rares.<br \/>\nDes acad\u00e9miciens sont d\u00e9port\u00e9s ou extermin\u00e9s, ainsi le docteur S\u00e9gal et sa femme en janvier 1944 ou le docteur Jolicoeur abattu en septembre 1944.<br \/>\nToutefois l&rsquo;action de notre Acad\u00e9mie permet la sauvegarde de quelques sculptures.<br \/>\nEn 1944, Mademoiselle R\u00e9ville, conservateur de la biblioth\u00e8que municipale, devient la premi\u00e8re femme acad\u00e9micienne r\u00e9moise.<\/p>\n<p><strong>Depuis 1945<\/strong><\/p>\n<p style=\"text-align: justify;\">Les ann\u00e9es cinquante et soixante sont marqu\u00e9es par la renaissance de notre Acad\u00e9mie, en particulier par l&rsquo;action du pr\u00e9sident Henri Druart et du secr\u00e9taire g\u00e9n\u00e9ral, l&rsquo;abb\u00e9 Jean Sainsaulieu.<br \/>\nDe plus, \u00e0 partir de la r\u00e9introduction d&rsquo;une universit\u00e9 \u00e0 Reims\u00a0en 1962, et bien qu&rsquo;encore incompl\u00e8te \u00e0 cette date, on voit s&rsquo;engager nombre d&rsquo;universitaires dans les travaux de recherche et de mise en valeur de notre patrimoine, qui diffusent leurs connaissances vers le grand public notamment par le biais de notre Acad\u00e9mie.<br \/>\nCette politique s&rsquo;est poursuivie jusqu&rsquo;\u00e0 nos jours et nos conf\u00e9rences, colloques et travaux sont attendus et appr\u00e9ci\u00e9s dans et hors de la cit\u00e9 de Reims.<\/p>\n<p style=\"text-align: justify;\">Les membres titulaires se distinguent souvent par des <a href=\"http:\/\/academie-nationale-reims.fr\/wp-content\/uploads\/2015\/09\/Panneau-ex-libris-3-DP-DN-1.pdf\" rel=\"\"> ex-libris et super-libris<\/a>\u00a0de qualit\u00e9.<\/p>\n<p style=\"text-align: left;\"><strong><em>Pour plus d&rsquo;informations cf. Agathe FOLLEREAU, Histoire de l&rsquo;Acad\u00e9mie nationale de Reims (1841-2004) &#8211;<\/em> <a href=\"http:\/\/academie-nationale-reims.fr\/index.php\/2015\/11\/22\/volume-177\/\">Volume 177<\/a><\/strong><\/p>\n","protected":false},"excerpt":{"rendered":"<p>L&rsquo; Acad\u00e9mie de Reims\u00a0est fond\u00e9e en 1841 et autoris\u00e9e le 6 d\u00e9cembre de cette m\u00eame ann\u00e9e. Arr\u00eat\u00e9 du\u00a0ministre de l&rsquo;Instruction Publique du 6 d\u00e9cembre 1841 Dans le contexte du courant intellectuel impuls\u00e9 par Guizot et la Monarchie de Juillet, l&rsquo;archev\u00eaque de Reims, Monseigneur Gousset, \u00e9paul\u00e9 par 18 notables de la cit\u00e9, fonde\u00a0une Acad\u00e9mie dont la [&hellip;]<\/p>\n","protected":false},"author":1,"featured_media":0,"parent":13,"menu_order":1,"comment_status":"closed","ping_status":"closed","template":"","meta":{"_mi_skip_tracking":false},"yoast_head":"<!-- This site is optimized with the Yoast SEO plugin v20.4 - https:\/\/yoast.com\/wordpress\/plugins\/seo\/ -->\n<title>Histoire - Acad\u00e9mie nationale de Reims<\/title>\n<meta name=\"robots\" content=\"index, follow, max-snippet:-1, max-image-preview:large, max-video-preview:-1\" \/>\n<link rel=\"canonical\" href=\"http:\/\/academie-nationale-reims.fr\/index.php\/presentation\/histoire\/\" \/>\n<meta property=\"og:locale\" content=\"fr_FR\" \/>\n<meta property=\"og:type\" content=\"article\" \/>\n<meta property=\"og:title\" content=\"Histoire - Acad\u00e9mie nationale de Reims\" \/>\n<meta property=\"og:description\" content=\"L&rsquo; Acad\u00e9mie de Reims\u00a0est fond\u00e9e en 1841 et autoris\u00e9e le 6 d\u00e9cembre de cette m\u00eame ann\u00e9e. Arr\u00eat\u00e9 du\u00a0ministre de l&rsquo;Instruction Publique du 6 d\u00e9cembre 1841 Dans le contexte du courant intellectuel impuls\u00e9 par Guizot et la Monarchie de Juillet, l&rsquo;archev\u00eaque de Reims, Monseigneur Gousset, \u00e9paul\u00e9 par 18 notables de la cit\u00e9, fonde\u00a0une Acad\u00e9mie dont la [&hellip;]\" \/>\n<meta property=\"og:url\" content=\"http:\/\/academie-nationale-reims.fr\/index.php\/presentation\/histoire\/\" \/>\n<meta property=\"og:site_name\" content=\"Acad\u00e9mie nationale de Reims\" \/>\n<meta property=\"article:modified_time\" content=\"2023-04-21T15:25:01+00:00\" \/>\n<meta property=\"og:image\" content=\"http:\/\/academie-nationale-reims.fr\/wp-content\/uploads\/2015\/09\/ordonnance-du-roi-p1-1-212x300.jpg\" \/>\n<meta name=\"twitter:card\" content=\"summary_large_image\" \/>\n<meta name=\"twitter:label1\" content=\"Dur\u00e9e de lecture estim\u00e9e\" \/>\n\t<meta name=\"twitter:data1\" content=\"4 minutes\" \/>\n<script type=\"application\/ld+json\" class=\"yoast-schema-graph\">{\"@context\":\"https:\/\/schema.org\",\"@graph\":[{\"@type\":\"WebPage\",\"@id\":\"http:\/\/academie-nationale-reims.fr\/index.php\/presentation\/histoire\/\",\"url\":\"http:\/\/academie-nationale-reims.fr\/index.php\/presentation\/histoire\/\",\"name\":\"Histoire - Acad\u00e9mie nationale de Reims\",\"isPartOf\":{\"@id\":\"https:\/\/academie-nationale-reims.fr\/#website\"},\"datePublished\":\"2015-09-12T11:49:23+00:00\",\"dateModified\":\"2023-04-21T15:25:01+00:00\",\"breadcrumb\":{\"@id\":\"http:\/\/academie-nationale-reims.fr\/index.php\/presentation\/histoire\/#breadcrumb\"},\"inLanguage\":\"fr-FR\",\"potentialAction\":[{\"@type\":\"ReadAction\",\"target\":[\"http:\/\/academie-nationale-reims.fr\/index.php\/presentation\/histoire\/\"]}]},{\"@type\":\"BreadcrumbList\",\"@id\":\"http:\/\/academie-nationale-reims.fr\/index.php\/presentation\/histoire\/#breadcrumb\",\"itemListElement\":[{\"@type\":\"ListItem\",\"position\":1,\"name\":\"Accueil\",\"item\":\"https:\/\/academie-nationale-reims.fr\/\"},{\"@type\":\"ListItem\",\"position\":2,\"name\":\"L&rsquo;Acad\u00e9mie\",\"item\":\"http:\/\/academie-nationale-reims.fr\/index.php\/presentation\/\"},{\"@type\":\"ListItem\",\"position\":3,\"name\":\"Histoire\"}]},{\"@type\":\"WebSite\",\"@id\":\"https:\/\/academie-nationale-reims.fr\/#website\",\"url\":\"https:\/\/academie-nationale-reims.fr\/\",\"name\":\"Acad\u00e9mie nationale de Reims\",\"description\":\"Ce site est en cours d\u2019am\u00e9nagements\",\"publisher\":{\"@id\":\"https:\/\/academie-nationale-reims.fr\/#organization\"},\"potentialAction\":[{\"@type\":\"SearchAction\",\"target\":{\"@type\":\"EntryPoint\",\"urlTemplate\":\"https:\/\/academie-nationale-reims.fr\/?s={search_term_string}\"},\"query-input\":\"required name=search_term_string\"}],\"inLanguage\":\"fr-FR\"},{\"@type\":\"Organization\",\"@id\":\"https:\/\/academie-nationale-reims.fr\/#organization\",\"name\":\"Acad\u00e9mie nationale de Reims\",\"url\":\"https:\/\/academie-nationale-reims.fr\/\",\"logo\":{\"@type\":\"ImageObject\",\"inLanguage\":\"fr-FR\",\"@id\":\"https:\/\/academie-nationale-reims.fr\/#\/schema\/logo\/image\/\",\"url\":\"https:\/\/academie-nationale-reims.fr\/wp-content\/uploads\/2023\/03\/logo.png\",\"contentUrl\":\"https:\/\/academie-nationale-reims.fr\/wp-content\/uploads\/2023\/03\/logo.png\",\"width\":2038,\"height\":426,\"caption\":\"Acad\u00e9mie nationale de Reims\"},\"image\":{\"@id\":\"https:\/\/academie-nationale-reims.fr\/#\/schema\/logo\/image\/\"}}]}<\/script>\n<!-- \/ Yoast SEO plugin. -->","yoast_head_json":{"title":"Histoire - Acad\u00e9mie nationale de Reims","robots":{"index":"index","follow":"follow","max-snippet":"max-snippet:-1","max-image-preview":"max-image-preview:large","max-video-preview":"max-video-preview:-1"},"canonical":"http:\/\/academie-nationale-reims.fr\/index.php\/presentation\/histoire\/","og_locale":"fr_FR","og_type":"article","og_title":"Histoire - Acad\u00e9mie nationale de Reims","og_description":"L&rsquo; Acad\u00e9mie de Reims\u00a0est fond\u00e9e en 1841 et autoris\u00e9e le 6 d\u00e9cembre de cette m\u00eame ann\u00e9e. Arr\u00eat\u00e9 du\u00a0ministre de l&rsquo;Instruction Publique du 6 d\u00e9cembre 1841 Dans le contexte du courant intellectuel impuls\u00e9 par Guizot et la Monarchie de Juillet, l&rsquo;archev\u00eaque de Reims, Monseigneur Gousset, \u00e9paul\u00e9 par 18 notables de la cit\u00e9, fonde\u00a0une Acad\u00e9mie dont la [&hellip;]","og_url":"http:\/\/academie-nationale-reims.fr\/index.php\/presentation\/histoire\/","og_site_name":"Acad\u00e9mie nationale de Reims","article_modified_time":"2023-04-21T15:25:01+00:00","og_image":[{"url":"http:\/\/academie-nationale-reims.fr\/wp-content\/uploads\/2015\/09\/ordonnance-du-roi-p1-1-212x300.jpg"}],"twitter_card":"summary_large_image","twitter_misc":{"Dur\u00e9e de lecture estim\u00e9e":"4 minutes"},"schema":{"@context":"https:\/\/schema.org","@graph":[{"@type":"WebPage","@id":"http:\/\/academie-nationale-reims.fr\/index.php\/presentation\/histoire\/","url":"http:\/\/academie-nationale-reims.fr\/index.php\/presentation\/histoire\/","name":"Histoire - Acad\u00e9mie nationale de Reims","isPartOf":{"@id":"https:\/\/academie-nationale-reims.fr\/#website"},"datePublished":"2015-09-12T11:49:23+00:00","dateModified":"2023-04-21T15:25:01+00:00","breadcrumb":{"@id":"http:\/\/academie-nationale-reims.fr\/index.php\/presentation\/histoire\/#breadcrumb"},"inLanguage":"fr-FR","potentialAction":[{"@type":"ReadAction","target":["http:\/\/academie-nationale-reims.fr\/index.php\/presentation\/histoire\/"]}]},{"@type":"BreadcrumbList","@id":"http:\/\/academie-nationale-reims.fr\/index.php\/presentation\/histoire\/#breadcrumb","itemListElement":[{"@type":"ListItem","position":1,"name":"Accueil","item":"https:\/\/academie-nationale-reims.fr\/"},{"@type":"ListItem","position":2,"name":"L&rsquo;Acad\u00e9mie","item":"http:\/\/academie-nationale-reims.fr\/index.php\/presentation\/"},{"@type":"ListItem","position":3,"name":"Histoire"}]},{"@type":"WebSite","@id":"https:\/\/academie-nationale-reims.fr\/#website","url":"https:\/\/academie-nationale-reims.fr\/","name":"Acad\u00e9mie nationale de Reims","description":"Ce site est en cours d\u2019am\u00e9nagements","publisher":{"@id":"https:\/\/academie-nationale-reims.fr\/#organization"},"potentialAction":[{"@type":"SearchAction","target":{"@type":"EntryPoint","urlTemplate":"https:\/\/academie-nationale-reims.fr\/?s={search_term_string}"},"query-input":"required name=search_term_string"}],"inLanguage":"fr-FR"},{"@type":"Organization","@id":"https:\/\/academie-nationale-reims.fr\/#organization","name":"Acad\u00e9mie nationale de Reims","url":"https:\/\/academie-nationale-reims.fr\/","logo":{"@type":"ImageObject","inLanguage":"fr-FR","@id":"https:\/\/academie-nationale-reims.fr\/#\/schema\/logo\/image\/","url":"https:\/\/academie-nationale-reims.fr\/wp-content\/uploads\/2023\/03\/logo.png","contentUrl":"https:\/\/academie-nationale-reims.fr\/wp-content\/uploads\/2023\/03\/logo.png","width":2038,"height":426,"caption":"Acad\u00e9mie nationale de Reims"},"image":{"@id":"https:\/\/academie-nationale-reims.fr\/#\/schema\/logo\/image\/"}}]}},"_links":{"self":[{"href":"https:\/\/academie-nationale-reims.fr\/index.php\/wp-json\/wp\/v2\/pages\/23"}],"collection":[{"href":"https:\/\/academie-nationale-reims.fr\/index.php\/wp-json\/wp\/v2\/pages"}],"about":[{"href":"https:\/\/academie-nationale-reims.fr\/index.php\/wp-json\/wp\/v2\/types\/page"}],"author":[{"embeddable":true,"href":"https:\/\/academie-nationale-reims.fr\/index.php\/wp-json\/wp\/v2\/users\/1"}],"replies":[{"embeddable":true,"href":"https:\/\/academie-nationale-reims.fr\/index.php\/wp-json\/wp\/v2\/comments?post=23"}],"version-history":[{"count":25,"href":"https:\/\/academie-nationale-reims.fr\/index.php\/wp-json\/wp\/v2\/pages\/23\/revisions"}],"predecessor-version":[{"id":2433,"href":"https:\/\/academie-nationale-reims.fr\/index.php\/wp-json\/wp\/v2\/pages\/23\/revisions\/2433"}],"up":[{"embeddable":true,"href":"https:\/\/academie-nationale-reims.fr\/index.php\/wp-json\/wp\/v2\/pages\/13"}],"wp:attachment":[{"href":"https:\/\/academie-nationale-reims.fr\/index.php\/wp-json\/wp\/v2\/media?parent=23"}],"curies":[{"name":"wp","href":"https:\/\/api.w.org\/{rel}","templated":true}]}}