{"id":2533,"date":"2024-02-25T17:00:06","date_gmt":"2024-02-25T16:00:06","guid":{"rendered":"http:\/\/academie-nationale-reims.fr\/?page_id=2533"},"modified":"2025-01-30T11:37:29","modified_gmt":"2025-01-30T10:37:29","slug":"membres-associes","status":"publish","type":"page","link":"https:\/\/academie-nationale-reims.fr\/index.php\/presentation\/academiciens\/membres-associes\/","title":{"rendered":"Membres Associ\u00e9s"},"content":{"rendered":"\n<h2 style=\"text-align: center;\">\u00a0 \u00a0Membres Associ\u00e9s 2025<\/h2>\n\n\n\n<div class=\"wp-block-columns is-layout-flex wp-container-2\">\n<div class=\"wp-block-column is-layout-flow\" style=\"flex-basis:100%\">\n<figure class=\"wp-block-table\"><table><tbody><tr><td><strong>ALIX Alain<\/strong><\/td><td><\/td><\/tr><tr><td><strong>BEAUPUY Jean-Marie<\/strong><\/td><td>1979<\/td><\/tr><tr><td><strong>BEHR Aur\u00e9lien<\/strong><\/td><td>2020<\/td><\/tr><tr><td><strong>BERNET Jacques<\/strong><\/td><td>2024<\/td><\/tr><tr><td><strong>CAPITAINE Yves<\/strong><\/td><td><\/td><\/tr><tr><td><strong>CAPY Mich\u00e8le<\/strong><\/td><td><\/td><\/tr><tr><td><strong>CHAZAUD Christian<\/strong><\/td><td><\/td><\/tr><tr><td><strong>CLAUX Tatiana<\/strong><\/td><td><\/td><\/tr><tr><td><strong>CLICQUOT-PONSARDIN<\/strong><\/td><td><\/td><\/tr><tr><td><strong>CLOSQUINET Claude<\/strong><\/td><td><\/td><\/tr><tr><td><strong>COLSON Jean<\/strong><\/td><td><\/td><\/tr><tr><td><strong>COSNARD Pierre<\/strong><\/td><td><\/td><\/tr><tr><td><strong>CUISSARD Olivier<\/strong><\/td><td>2024<\/td><\/tr><tr><td><strong>DAMERY Jean-Pierre<\/strong><\/td><td>2020<\/td><\/tr><tr><td><strong>DEMANDRE Patricia<\/strong><\/td><td><\/td><\/tr><tr><td><strong>DESDOUITS Henri<\/strong><\/td><td><\/td><\/tr><tr><td><strong>DESTREZ Dominique<\/strong><\/td><td>2025<\/td><\/tr><tr><td><strong>DIBLIK Annie<\/strong><\/td><td><\/td><\/tr><tr><td><strong>DOUXAMI  Dani\u00e8le<\/strong><\/td><td>2018<\/td><\/tr><tr><td><strong>DROULLE Philippe<\/strong><\/td><td><\/td><\/tr><tr><td><strong>DROULLE Chantal<\/strong><\/td><td>2019<\/td><\/tr><tr><td><strong>DUCH\u00caNE Thomas<\/strong><\/td><td>2020<\/td><\/tr><tr><td><strong>DUCOURET Bernard<\/strong><\/td><td>2012<\/td><\/tr><tr><td><strong>DUSSART Christine<\/strong><\/td><td>2020<\/td><\/tr><tr><td><strong>FECK Michel<\/strong><\/td><td><\/td><\/tr><tr><td><strong>FLOBERT Thierry<\/strong><\/td><td>2014<\/td><\/tr><tr><td><strong>GAILLARD Jean-Claude<\/strong><\/td><td><\/td><\/tr><tr><td><strong>GAUDEBERT Francis<\/strong><\/td><td><\/td><\/tr><tr><td><strong>GOUJON Bertrand<\/strong><\/td><td>2025<\/td><\/tr><tr><td><strong>GOULET Fran\u00e7ois<\/strong><\/td><td><\/td><\/tr><tr><td><strong>GRENOUILLOUX Michel<\/strong><\/td><td>2024<\/td><\/tr><tr><td><strong>GUERIN Hubert<\/strong><\/td><td>2024<\/td><\/tr><tr><td><strong>HAZART-FERTE  Fran\u00e7ois<\/strong><\/td><td>2021<\/td><\/tr><tr><td><strong>HEIDSIECK St\u00e9phanie<\/strong><\/td><td>2025<\/td><\/tr><tr><td><strong>IMHAUS Bernard<\/strong><\/td><td>2021<\/td><\/tr><tr><td><strong>JEANNE Chantal<\/strong><\/td><td>2014<\/td><\/tr><tr><td><strong>JEANNE Etienne<\/strong><\/td><td>2014<\/td><\/tr><tr><td><strong>LACORRE Isabelle<\/strong><\/td><td><\/td><\/tr><tr><td><strong>LAURAIN Jean-Claude<\/strong><\/td><td><\/td><\/tr><tr><td><strong>LUCA de Louis<\/strong><\/td><td><\/td><\/tr><tr><td><strong>MARAIS Alain-Jean<\/strong><\/td><td><\/td><\/tr><tr><td><strong>MASCLET Jean-Patrice<\/strong><\/td><td><\/td><\/tr><tr><td><strong>MAZINGUE Emmanuel<\/strong><\/td><td>2022<\/td><\/tr><tr><td><strong>MEA Pierre<\/strong><\/td><td>2022<\/td><\/tr><tr><td><strong>MEILLE Christine<\/strong><\/td><td>2023<\/td><\/tr><tr><td><strong>MENCIERE Fran\u00e7ois<\/strong><\/td><td>2009<\/td><\/tr><tr><td><strong>MERCIER Janine<\/strong><\/td><td><\/td><\/tr><tr><td><strong>MIGEO Andr\u00e9<\/strong><\/td><td><\/td><\/tr><tr><td><strong>MOINE Nicole<\/strong><\/td><td><\/td><\/tr><tr><td><strong>NEISS Robert<\/strong><\/td><td><\/td><\/tr><tr><td><strong>NO\u00cbL Brigitte<\/strong><\/td><td>2023<\/td><\/tr><tr><td><strong>NO\u00cbL J\u00e9r\u00f4me<\/strong><\/td><td>2023<\/td><\/tr><tr><td><strong>OUDIN Patrice<\/strong><\/td><td><\/td><\/tr><tr><td><strong>OURY Pol<\/strong><\/td><td><\/td><\/tr><tr><td><strong>PADET Colette<\/strong><\/td><td><\/td><\/tr><tr><td><strong>PAUL Herv\u00e9<\/strong><\/td><td>2013<\/td><\/tr><tr><td><strong>PETIT Claude<\/strong><\/td><td><\/td><\/tr><tr><td><strong>PORET Bernard<\/strong><\/td><td><\/td><\/tr><tr><td><strong>POULAIN Charles<\/strong><\/td><td><\/td><\/tr><tr><td><strong>PRILLIEUX Chantal<\/strong><\/td><td>2018<\/td><\/tr><tr><td><strong>PROCUREUR Jean-Pierre<\/strong><\/td><td><\/td><\/tr><tr><td><strong>PRUDHOMME G\u00e9rard<\/strong><\/td><td><\/td><\/tr><tr><td><strong>ROBINET Arnaud<\/strong><\/td><td><\/td><\/tr><tr><td><strong>ROCHE-MOLLAT Chantal<\/strong><\/td><td><\/td><\/tr><tr><td><strong>SARCELET Catherine<\/strong><\/td><td><\/td><\/tr><tr><td><strong>TAITTINGER Pierre-Emmanuel<\/strong><\/td><td>2023<\/td><\/tr><tr><td><strong>TAVARES Sandrine<\/strong><\/td><td>2024<\/td><\/tr><tr><td><strong>THIEBEAUX Emile<\/strong><\/td><td>2023<\/td><\/tr><tr><td><strong>THIEBEAUX Fran\u00e7oise<\/strong><\/td><td>2023<\/td><\/tr><tr><td><strong>TOUPANCE Brigitte<\/strong><\/td><td>2023<\/td><\/tr><tr><td><strong>VAN ZYL Pierre<\/strong><\/td><td><\/td><\/tr><tr><td><strong>VAUGIRAUD de Jean-Claude<\/strong><\/td><td><\/td><\/tr><tr><td><strong>VIGOUROUX Jean<\/strong><\/td><td><\/td><\/tr><tr><td><strong>VIGOURT Annie<\/strong><\/td><td>2025<\/td><\/tr><tr><td><strong>VILLEROT Alain<\/strong><\/td><td><\/td><\/tr><tr><td><strong>VILLEROT Jeannine<\/strong><\/td><td><\/td><\/tr><\/tbody><\/table><\/figure>\n<\/div>\n<\/div>\n\n\n\n<h2 class=\"wp-block-heading\"><\/h2>\n","protected":false},"excerpt":{"rendered":"<p>\u00a0 \u00a0Membres Associ\u00e9s 2025 ALIX Alain BEAUPUY Jean-Marie 1979 BEHR Aur\u00e9lien 2020 BERNET Jacques 2024 CAPITAINE Yves CAPY Mich\u00e8le CHAZAUD Christian CLAUX Tatiana CLICQUOT-PONSARDIN CLOSQUINET Claude COLSON Jean COSNARD Pierre CUISSARD Olivier 2024 DAMERY Jean-Pierre 2020 DEMANDRE Patricia DESDOUITS Henri DESTREZ Dominique 2025 DIBLIK Annie DOUXAMI Dani\u00e8le 2018 DROULLE Philippe DROULLE Chantal 2019 DUCH\u00caNE Thomas [&hellip;]<\/p>\n","protected":false},"author":1,"featured_media":0,"parent":32,"menu_order":3,"comment_status":"closed","ping_status":"closed","template":"","meta":{"_mi_skip_tracking":false},"yoast_head":"<!-- This site is optimized with the Yoast SEO plugin v20.4 - https:\/\/yoast.com\/wordpress\/plugins\/seo\/ -->\n<title>Membres Associ\u00e9s - Acad\u00e9mie nationale de Reims<\/title>\n<meta name=\"description\" content=\"Membres associ\u00e9s\" \/>\n<meta name=\"robots\" content=\"index, follow, max-snippet:-1, max-image-preview:large, max-video-preview:-1\" \/>\n<link rel=\"canonical\" href=\"http:\/\/academie-nationale-reims.fr\/index.php\/presentation\/academiciens\/membres-associes\/\" \/>\n<meta property=\"og:locale\" content=\"fr_FR\" \/>\n<meta property=\"og:type\" content=\"article\" \/>\n<meta property=\"og:title\" content=\"Membres Associ\u00e9s - Acad\u00e9mie nationale de Reims\" \/>\n<meta property=\"og:description\" content=\"Membres associ\u00e9s\" \/>\n<meta property=\"og:url\" content=\"http:\/\/academie-nationale-reims.fr\/index.php\/presentation\/academiciens\/membres-associes\/\" \/>\n<meta property=\"og:site_name\" content=\"Acad\u00e9mie nationale de Reims\" \/>\n<meta property=\"article:modified_time\" content=\"2025-01-30T10:37:29+00:00\" \/>\n<meta name=\"twitter:card\" content=\"summary_large_image\" \/>\n<meta name=\"twitter:label1\" content=\"Dur\u00e9e de lecture estim\u00e9e\" \/>\n\t<meta name=\"twitter:data1\" content=\"1 minute\" \/>\n<script type=\"application\/ld+json\" class=\"yoast-schema-graph\">{\"@context\":\"https:\/\/schema.org\",\"@graph\":[{\"@type\":\"WebPage\",\"@id\":\"http:\/\/academie-nationale-reims.fr\/index.php\/presentation\/academiciens\/membres-associes\/\",\"url\":\"http:\/\/academie-nationale-reims.fr\/index.php\/presentation\/academiciens\/membres-associes\/\",\"name\":\"Membres Associ\u00e9s - Acad\u00e9mie nationale de Reims\",\"isPartOf\":{\"@id\":\"https:\/\/academie-nationale-reims.fr\/#website\"},\"datePublished\":\"2024-02-25T16:00:06+00:00\",\"dateModified\":\"2025-01-30T10:37:29+00:00\",\"description\":\"Membres associ\u00e9s\",\"breadcrumb\":{\"@id\":\"http:\/\/academie-nationale-reims.fr\/index.php\/presentation\/academiciens\/membres-associes\/#breadcrumb\"},\"inLanguage\":\"fr-FR\",\"potentialAction\":[{\"@type\":\"ReadAction\",\"target\":[\"http:\/\/academie-nationale-reims.fr\/index.php\/presentation\/academiciens\/membres-associes\/\"]}]},{\"@type\":\"BreadcrumbList\",\"@id\":\"http:\/\/academie-nationale-reims.fr\/index.php\/presentation\/academiciens\/membres-associes\/#breadcrumb\",\"itemListElement\":[{\"@type\":\"ListItem\",\"position\":1,\"name\":\"Accueil\",\"item\":\"https:\/\/academie-nationale-reims.fr\/\"},{\"@type\":\"ListItem\",\"position\":2,\"name\":\"L&rsquo;Acad\u00e9mie\",\"item\":\"http:\/\/academie-nationale-reims.fr\/index.php\/presentation\/\"},{\"@type\":\"ListItem\",\"position\":3,\"name\":\"Acad\u00e9miciens\",\"item\":\"https:\/\/academie-nationale-reims.fr\/index.php\/presentation\/academiciens\/\"},{\"@type\":\"ListItem\",\"position\":4,\"name\":\"Membres Associ\u00e9s\"}]},{\"@type\":\"WebSite\",\"@id\":\"https:\/\/academie-nationale-reims.fr\/#website\",\"url\":\"https:\/\/academie-nationale-reims.fr\/\",\"name\":\"Acad\u00e9mie nationale de Reims\",\"description\":\"Ce site est en cours d\u2019am\u00e9nagements\",\"publisher\":{\"@id\":\"https:\/\/academie-nationale-reims.fr\/#organization\"},\"potentialAction\":[{\"@type\":\"SearchAction\",\"target\":{\"@type\":\"EntryPoint\",\"urlTemplate\":\"https:\/\/academie-nationale-reims.fr\/?s={search_term_string}\"},\"query-input\":\"required name=search_term_string\"}],\"inLanguage\":\"fr-FR\"},{\"@type\":\"Organization\",\"@id\":\"https:\/\/academie-nationale-reims.fr\/#organization\",\"name\":\"Acad\u00e9mie nationale de Reims\",\"url\":\"https:\/\/academie-nationale-reims.fr\/\",\"logo\":{\"@type\":\"ImageObject\",\"inLanguage\":\"fr-FR\",\"@id\":\"https:\/\/academie-nationale-reims.fr\/#\/schema\/logo\/image\/\",\"url\":\"https:\/\/academie-nationale-reims.fr\/wp-content\/uploads\/2023\/03\/logo.png\",\"contentUrl\":\"https:\/\/academie-nationale-reims.fr\/wp-content\/uploads\/2023\/03\/logo.png\",\"width\":2038,\"height\":426,\"caption\":\"Acad\u00e9mie nationale de Reims\"},\"image\":{\"@id\":\"https:\/\/academie-nationale-reims.fr\/#\/schema\/logo\/image\/\"}}]}<\/script>\n<!-- \/ Yoast SEO plugin. -->","yoast_head_json":{"title":"Membres Associ\u00e9s - Acad\u00e9mie nationale de Reims","description":"Membres associ\u00e9s","robots":{"index":"index","follow":"follow","max-snippet":"max-snippet:-1","max-image-preview":"max-image-preview:large","max-video-preview":"max-video-preview:-1"},"canonical":"http:\/\/academie-nationale-reims.fr\/index.php\/presentation\/academiciens\/membres-associes\/","og_locale":"fr_FR","og_type":"article","og_title":"Membres Associ\u00e9s - Acad\u00e9mie nationale de Reims","og_description":"Membres associ\u00e9s","og_url":"http:\/\/academie-nationale-reims.fr\/index.php\/presentation\/academiciens\/membres-associes\/","og_site_name":"Acad\u00e9mie nationale de Reims","article_modified_time":"2025-01-30T10:37:29+00:00","twitter_card":"summary_large_image","twitter_misc":{"Dur\u00e9e de lecture estim\u00e9e":"1 minute"},"schema":{"@context":"https:\/\/schema.org","@graph":[{"@type":"WebPage","@id":"http:\/\/academie-nationale-reims.fr\/index.php\/presentation\/academiciens\/membres-associes\/","url":"http:\/\/academie-nationale-reims.fr\/index.php\/presentation\/academiciens\/membres-associes\/","name":"Membres Associ\u00e9s - Acad\u00e9mie nationale de Reims","isPartOf":{"@id":"https:\/\/academie-nationale-reims.fr\/#website"},"datePublished":"2024-02-25T16:00:06+00:00","dateModified":"2025-01-30T10:37:29+00:00","description":"Membres associ\u00e9s","breadcrumb":{"@id":"http:\/\/academie-nationale-reims.fr\/index.php\/presentation\/academiciens\/membres-associes\/#breadcrumb"},"inLanguage":"fr-FR","potentialAction":[{"@type":"ReadAction","target":["http:\/\/academie-nationale-reims.fr\/index.php\/presentation\/academiciens\/membres-associes\/"]}]},{"@type":"BreadcrumbList","@id":"http:\/\/academie-nationale-reims.fr\/index.php\/presentation\/academiciens\/membres-associes\/#breadcrumb","itemListElement":[{"@type":"ListItem","position":1,"name":"Accueil","item":"https:\/\/academie-nationale-reims.fr\/"},{"@type":"ListItem","position":2,"name":"L&rsquo;Acad\u00e9mie","item":"http:\/\/academie-nationale-reims.fr\/index.php\/presentation\/"},{"@type":"ListItem","position":3,"name":"Acad\u00e9miciens","item":"https:\/\/academie-nationale-reims.fr\/index.php\/presentation\/academiciens\/"},{"@type":"ListItem","position":4,"name":"Membres Associ\u00e9s"}]},{"@type":"WebSite","@id":"https:\/\/academie-nationale-reims.fr\/#website","url":"https:\/\/academie-nationale-reims.fr\/","name":"Acad\u00e9mie nationale de Reims","description":"Ce site est en cours d\u2019am\u00e9nagements","publisher":{"@id":"https:\/\/academie-nationale-reims.fr\/#organization"},"potentialAction":[{"@type":"SearchAction","target":{"@type":"EntryPoint","urlTemplate":"https:\/\/academie-nationale-reims.fr\/?s={search_term_string}"},"query-input":"required name=search_term_string"}],"inLanguage":"fr-FR"},{"@type":"Organization","@id":"https:\/\/academie-nationale-reims.fr\/#organization","name":"Acad\u00e9mie nationale de Reims","url":"https:\/\/academie-nationale-reims.fr\/","logo":{"@type":"ImageObject","inLanguage":"fr-FR","@id":"https:\/\/academie-nationale-reims.fr\/#\/schema\/logo\/image\/","url":"https:\/\/academie-nationale-reims.fr\/wp-content\/uploads\/2023\/03\/logo.png","contentUrl":"https:\/\/academie-nationale-reims.fr\/wp-content\/uploads\/2023\/03\/logo.png","width":2038,"height":426,"caption":"Acad\u00e9mie nationale de Reims"},"image":{"@id":"https:\/\/academie-nationale-reims.fr\/#\/schema\/logo\/image\/"}}]}},"_links":{"self":[{"href":"https:\/\/academie-nationale-reims.fr\/index.php\/wp-json\/wp\/v2\/pages\/2533"}],"collection":[{"href":"https:\/\/academie-nationale-reims.fr\/index.php\/wp-json\/wp\/v2\/pages"}],"about":[{"href":"https:\/\/academie-nationale-reims.fr\/index.php\/wp-json\/wp\/v2\/types\/page"}],"author":[{"embeddable":true,"href":"https:\/\/academie-nationale-reims.fr\/index.php\/wp-json\/wp\/v2\/users\/1"}],"replies":[{"embeddable":true,"href":"https:\/\/academie-nationale-reims.fr\/index.php\/wp-json\/wp\/v2\/comments?post=2533"}],"version-history":[{"count":14,"href":"https:\/\/academie-nationale-reims.fr\/index.php\/wp-json\/wp\/v2\/pages\/2533\/revisions"}],"predecessor-version":[{"id":2813,"href":"https:\/\/academie-nationale-reims.fr\/index.php\/wp-json\/wp\/v2\/pages\/2533\/revisions\/2813"}],"up":[{"embeddable":true,"href":"https:\/\/academie-nationale-reims.fr\/index.php\/wp-json\/wp\/v2\/pages\/32"}],"wp:attachment":[{"href":"https:\/\/academie-nationale-reims.fr\/index.php\/wp-json\/wp\/v2\/media?parent=2533"}],"curies":[{"name":"wp","href":"https:\/\/api.w.org\/{rel}","templated":true}]}}