{"id":32,"date":"2015-09-12T11:52:47","date_gmt":"2015-09-12T11:52:47","guid":{"rendered":"http:\/\/anr2-1.nanopikz.com\/?page_id=32"},"modified":"2023-03-22T17:33:30","modified_gmt":"2023-03-22T16:33:30","slug":"academiciens","status":"publish","type":"page","link":"https:\/\/academie-nationale-reims.fr\/index.php\/presentation\/academiciens\/","title":{"rendered":"Acad\u00e9miciens"},"content":{"rendered":"<p><strong>Les membres titulaires<\/strong> assurent la continuit\u00e9 de la vie de l&rsquo;Acad\u00e9mie et votent\u00a0les d\u00e9cisions la concernant.<\/p>\n<p>Aux c\u00f4t\u00e9s des <strong>b\u00e9n\u00e9voles<\/strong> qui assurent les permanences, les membres du bureau les mettent en \u0153uvre.<\/p>\n<p style=\"text-align: left;\">Qu&rsquo;ils soient <strong>membres titulaires,\u00a0membres de droit,\u00a0membres d\u2019honneur,\u00a0membres honoraires,\u00a0membres associ\u00e9s,\u00a0membres correspondants ou\u00a0membres bienfaiteurs<\/strong>, les membres de l&rsquo;Acad\u00e9mie sont tous attach\u00e9s \u00e0 l&rsquo;Histoire en g\u00e9n\u00e9ral et \u00e0 celle\u00a0de leur ville en particulier.<\/p>\n<p style=\"text-align: left;\">M. Pierre RICHE, M. Michel SOT et M. Michel BUR \u00a0sont actuellement <strong>membres d&rsquo;honneur<\/strong> de l&rsquo;Acad\u00e9mie nationale de Reims.<\/p>\n<p style=\"text-align: left;\">Plusieurs acad\u00e9miciens se sont dot\u00e9s de superbes <a href=\"http:\/\/academie-nationale-reims.fr\/wp-content\/uploads\/2015\/09\/Panneau-ex-libris-3-DP-DN.pdf\" rel=\"\">ex-libris<\/a>\u00a0comme marque d&rsquo;appartenance d&rsquo;ouvrages \u00e0 leur biblioth\u00e8que personnelle.<\/p>\n<p>Certains acad\u00e9miciens ont \u00e9t\u00e9 honor\u00e9s avec l&rsquo;octroi d&rsquo;une rue de Reims \u00e0 leur nom.<br \/>\nEn 2016, il y a 61 <strong>rues d&rsquo;acad\u00e9miciens \u00e0\u00a0Reims<\/strong>:<\/p>\n<table class=\" aligncenter\" style=\"width: 600px;\">\n<tbody>\n<tr>\n<td style=\"text-align: center;\">\n<table>\n<tbody>\n<tr>\n<td width=\"159\"><strong>NOM<\/strong><\/td>\n<td width=\"159\"><strong>DATES<\/strong><\/td>\n<td width=\"159\"><strong>ACTIVITES<\/strong><\/td>\n<td width=\"159\"><strong>FONCTIONS A L\u2019ACADEMIE<\/strong><\/td>\n<\/tr>\n<tr>\n<td width=\"159\">B\u00c9JOT, Georges<\/td>\n<td width=\"159\">1896-1987<\/td>\n<td width=\"159\">\u00e9v\u00eaque auxiliaire.<\/td>\n<td width=\"159\">Titulaire de 1959 \u00e0 1966.<\/td>\n<\/tr>\n<tr>\n<td width=\"159\">BOCQUET, Louis Paul<\/td>\n<td width=\"159\">1915-1984<\/td>\n<td width=\"159\">pharmacien, artiste-peintre.<\/td>\n<td width=\"159\">Titulaire de 1961 \u00e0 1984.<\/td>\n<\/tr>\n<tr>\n<td width=\"159\">BOUVIER, Joseph<\/td>\n<td width=\"159\">1883-1978<\/td>\n<td width=\"159\">m\u00e9decin-chirurgien, Maire de Reims.<\/td>\n<td width=\"159\">Titulaire de 1946 \u00e0 1964.<\/td>\n<\/tr>\n<tr>\n<td width=\"159\">BRIDE, Ren\u00e9<\/td>\n<td width=\"159\">1906-1998<\/td>\n<td width=\"159\">pharmacien, Maire de Reims.<\/td>\n<td width=\"159\">Titulaire de 1966 \u00e0 1998, pr\u00e9sident en 1969.<\/td>\n<\/tr>\n<tr>\n<td width=\"159\">BRUNETTE, Narcisse<\/td>\n<td width=\"159\">1808-1895<\/td>\n<td width=\"159\">architecte.<\/td>\n<td width=\"159\">Titulaire de 1841 \u00e0 1849.<\/td>\n<\/tr>\n<tr>\n<td width=\"159\">CARTERET, Henri<\/td>\n<td width=\"159\">1807-1862<\/td>\n<td width=\"159\">notaire, Maire de Reims.<\/td>\n<td width=\"159\">Titulaire de 1843 \u00e0 1847.<\/td>\n<\/tr>\n<tr>\n<td width=\"159\">CHARBONNEAUX, Georges<\/td>\n<td width=\"159\">1865-1933<\/td>\n<td width=\"159\">industriel, fondateur du Foyer R\u00e9mois.<\/td>\n<td width=\"159\">Titulaire de 1927 \u00e0 1931.<\/td>\n<\/tr>\n<tr>\n<td width=\"159\">CHAVALLIAUD, L\u00e9on<\/td>\n<td width=\"159\">1858-1919<\/td>\n<td width=\"159\">sculpteur et statuaire.<\/td>\n<td width=\"159\">Titulaire de 1913 \u00e0 1918.<\/td>\n<\/tr>\n<tr>\n<td width=\"159\">CHEYSSON, Emile<\/td>\n<td width=\"159\">1838-1910<\/td>\n<td width=\"159\">Ing\u00e9nieur des Ponts et Chauss\u00e9es, \u00e9conomiste et membre de l&rsquo;Acad\u00e9mie des Sciences morales.<\/td>\n<td width=\"159\">Titulaire de 1860 \u00e0 1864.<\/td>\n<\/tr>\n<tr>\n<td width=\"159\">CLIGNET, Georges<\/td>\n<td width=\"159\">1897-1980<\/td>\n<td width=\"159\">industriel, adjoint au maire, pr\u00e9sident du Foyer R\u00e9mois<\/td>\n<td width=\"159\">Titulaire de 1966 \u00e0 1980.<\/td>\n<\/tr>\n<tr>\n<td width=\"159\">COURMEAUX, Eug\u00e8ne<\/td>\n<td width=\"159\">1817-1902<\/td>\n<td width=\"159\">biblioth\u00e9caire municipal, d\u00e9put\u00e9.<\/td>\n<td width=\"159\">Titulaire de 1846 \u00e0 1848.<\/td>\n<\/tr>\n<tr>\n<td width=\"159\">DAUPHINOT, Simon<\/td>\n<td width=\"159\">1821-1889<\/td>\n<td width=\"159\">manufacturier, Maire de Reims, d\u00e9put\u00e9 et s\u00e9nateur.<\/td>\n<td width=\"159\">Titulaire de 1866 \u00e0 1889, pr\u00e9sident en 1869.<\/td>\n<\/tr>\n<tr>\n<td width=\"159\">D\u00c9C\u00c8S, Arthur<\/td>\n<td width=\"159\">1831-1900<\/td>\n<td width=\"159\">m\u00e9decin des H\u00f4pitaux, conseiller municipal.<\/td>\n<td width=\"159\">Titulaire de 1884 \u00e0 1900, pr\u00e9sident en 1890.<\/td>\n<\/tr>\n<tr>\n<td width=\"159\">DELACROIX, Henri<\/td>\n<td width=\"159\">1842-1890<\/td>\n<td width=\"159\">m\u00e9decin oculiste.<\/td>\n<td width=\"159\">Titulaire de 1887 \u00e0 1889.<\/td>\n<\/tr>\n<tr>\n<td width=\"159\">DEMAISON, Louis<\/td>\n<td width=\"159\">1852-1937<\/td>\n<td width=\"159\">archiviste-pal\u00e9ographe, membre correspondant de l&rsquo;Institut.<\/td>\n<td width=\"159\">Titulaire de 1877 \u00e0 1937.<\/td>\n<\/tr>\n<tr>\n<td width=\"159\">DENEUX, Henri<\/td>\n<td width=\"159\">1874-1969<\/td>\n<td width=\"159\">Architecte en chef des Monuments Historiques, restaurateur de la Cath\u00e9drale de Reims.<\/td>\n<td width=\"159\">Titulaire de 1920 \u00e0 1946.<\/td>\n<\/tr>\n<tr>\n<td width=\"159\">D\u00c9ROD\u00c9, Emile<\/td>\n<td width=\"159\">1812-1864<\/td>\n<td width=\"159\">avocat, d\u00e9put\u00e9.<\/td>\n<td width=\"159\">Titulaire de 1842 \u00e0 1860.<\/td>\n<\/tr>\n<tr>\n<td width=\"159\">DIANCOURT, Victor<\/td>\n<td width=\"159\">1825-1910<\/td>\n<td width=\"159\">Maire de Reims, d\u00e9put\u00e9, s\u00e9nateur.<\/td>\n<td width=\"159\">Titulaire de 1870 \u00e0 1910, pr\u00e9sident en 1874.<\/td>\n<\/tr>\n<tr>\n<td width=\"159\">DRUART, Ren\u00e9<\/td>\n<td width=\"159\">1888-1961<\/td>\n<td width=\"159\">administrateur de soci\u00e9t\u00e9s, homme de lettres, r\u00e9dacteur de la revue Le Pampre<\/td>\n<td width=\"159\">Titulaire de 1921 \u00e0 1961, pr\u00e9sident en 1934.<\/td>\n<\/tr>\n<tr>\n<td width=\"159\">DRUART, Henri<\/td>\n<td width=\"159\">1902-1979<\/td>\n<td width=\"159\">industriel et n\u00e9gociant en mat\u00e9riaux de construction, homme de lettres, r\u00e9dacteur de la revue Le Pampre<\/td>\n<td width=\"159\">Titulaire de 1931 \u00e0 1978, pr\u00e9sident en 1947, 1964, 1965 et 1966.<\/td>\n<\/tr>\n<tr>\n<td width=\"159\">FANART, Louis<\/td>\n<td width=\"159\">1807-1883<\/td>\n<td width=\"159\">musicien.<\/td>\n<td width=\"159\">Titulaire de 1841 \u00e0 1882.<\/td>\n<\/tr>\n<tr>\n<td width=\"159\">FRANQUET, Ren\u00e9<\/td>\n<td width=\"159\">1866-1945<\/td>\n<td width=\"159\">m\u00e9decin des H\u00f4pitaux.<\/td>\n<td width=\"159\">Titulaire en 1961.<\/td>\n<\/tr>\n<tr>\n<td width=\"159\">GOUSSET, Thomas<\/td>\n<td width=\"159\">1792-1866<\/td>\n<td width=\"159\">Archev\u00eaque de Reims (1840-1866), cardinal en 1850, fondateur de l\u2019Acad\u00e9mie en 1841 et 5 fois pr\u00e9sident annuel, puis pr\u00e9sident d\u2019honneur.<\/td>\n<td width=\"159\">Titulaire en 1841.<\/td>\n<\/tr>\n<tr>\n<td width=\"159\">HANSEN, Jules<\/td>\n<td width=\"159\">1876-1947<\/td>\n<td width=\"159\">Directeur du Conservatoire de musique.<\/td>\n<td width=\"159\">Titulaire de 1933 \u00e0 1946.<\/td>\n<\/tr>\n<tr>\n<td width=\"159\">HENROT, Alexandre<\/td>\n<td width=\"159\">1820-1863<\/td>\n<td width=\"159\">m\u00e9decin des H\u00f4pitaux.<\/td>\n<td width=\"159\">Titulaire de 1847 \u00e0 1851.<\/td>\n<\/tr>\n<tr>\n<td width=\"159\">HENROT, Henri<\/td>\n<td width=\"159\">1838-1919<\/td>\n<td width=\"159\">m\u00e9decin des H\u00f4pitaux, directeur de l\u2019\u00c9cole de M\u00e9decine, Maire de Reims, fr\u00e8re du pr\u00e9c\u00e9dent.<\/td>\n<td width=\"159\">Titulaire de 1887 \u00e0 1919, pr\u00e9sident en 1908.<\/td>\n<\/tr>\n<tr>\n<td width=\"159\">HERB\u00c9, Edmond<\/td>\n<td width=\"159\">1864-1960<\/td>\n<td width=\"159\">architecte.<\/td>\n<td width=\"159\">Titulaire de 1927 \u00e0 1960.<\/td>\n<\/tr>\n<tr>\n<td width=\"159\">HESS, Lucien<\/td>\n<td width=\"159\">1900-1986<\/td>\n<td width=\"159\">chanoine de la cath\u00e9drale, directeur de la Ma\u00eetrise de la Cath\u00e9drale de Reims.<\/td>\n<td width=\"159\">Titulaire de 1960 \u00e0 1965.<\/td>\n<\/tr>\n<tr>\n<td width=\"159\">HOLLANDE, Maurice<\/td>\n<td width=\"159\">1885-1968<\/td>\n<td width=\"159\">avocat, secr\u00e9taire g\u00e9n\u00e9ral de la Chambre de Commerce.<\/td>\n<td width=\"159\">Titulaire de 1921 \u00e0 1939, pr\u00e9sident en 1927.<\/td>\n<\/tr>\n<tr>\n<td width=\"159\">HOUZEAU-MUIRON, Jean-Nicolas<\/td>\n<td width=\"159\">1801-1844<\/td>\n<td width=\"159\">pharmacien, d\u00e9put\u00e9, fondateur de la loge ma\u00e7onnique r\u00e9moise de La Sinc\u00e9rit\u00e9.<\/td>\n<td width=\"159\">Titulaire de 1841 \u00e0 1844.<\/td>\n<\/tr>\n<tr>\n<td width=\"159\">JACQUINET, Ren\u00e9<\/td>\n<td width=\"159\">1864-1938<\/td>\n<td width=\"159\">m\u00e9decin des H\u00f4pitaux, directeur de l\u2019\u00c9cole de M\u00e9decine.<\/td>\n<td width=\"159\">Titulaire de 1920 \u00e0 1938, pr\u00e9sident en 1931.<\/td>\n<\/tr>\n<tr>\n<td width=\"159\">JADART, Henri<\/td>\n<td width=\"159\">1847-1921<\/td>\n<td width=\"159\">magistrat, Conservateur de la Biblioth\u00e8que et du Mus\u00e9e de Reims.<\/td>\n<td width=\"159\">Titulaire de 1878 \u00e0 1921, secr\u00e9taire g\u00e9n\u00e9ral de l\u2019Acad\u00e9mie de Reims pendant 40 ans.<\/td>\n<\/tr>\n<tr>\n<td width=\"159\">KALAS, Ernest<\/td>\n<td width=\"159\">1861-1928<\/td>\n<td width=\"159\">architecte.<\/td>\n<td width=\"159\">Titulaire de 1903 \u00e0 1928, pr\u00e9sident en 1913 et 1923.<\/td>\n<\/tr>\n<tr>\n<td width=\"159\">LADAME, Jean<\/td>\n<td width=\"159\">1867-1941<\/td>\n<td width=\"159\">chanoine de la cath\u00e9drale et cur\u00e9-doyen de Saint-Remi.<\/td>\n<td width=\"159\">Titulaire de 1931 \u00e0 1939.<\/td>\n<\/tr>\n<tr>\n<td width=\"159\">LANDOUZY, Hector<\/td>\n<td width=\"159\">1812-1864<\/td>\n<td width=\"159\">m\u00e9decin des H\u00f4pitaux et membre correspondant de l&rsquo;Acad\u00e9mie de M\u00e9decine.<\/td>\n<td width=\"159\">Titulaire de 1841 \u00e0 1863, pr\u00e9sident en 1847, 1852, 1857 et 1863.<\/td>\n<\/tr>\n<tr>\n<td width=\"159\">LANGLET, Jean-Baptiste<\/td>\n<td width=\"159\">1841-1927<\/td>\n<td width=\"159\">m\u00e9decin des H\u00f4pitaux et membre de l&rsquo;Acad\u00e9mie de M\u00e9decine, Maire de Reims.<\/td>\n<td width=\"159\">Titulaire de 1913 \u00e0 1926, pr\u00e9sident en 1921.<\/td>\n<\/tr>\n<tr>\n<td width=\"159\">LANTIOME, Jules-Edmond<\/td>\n<td width=\"159\">1835-1896<\/td>\n<td width=\"159\">avocat.<\/td>\n<td width=\"159\">Titulaire de 1863 \u00e0 1892.<\/td>\n<\/tr>\n<tr>\n<td width=\"159\">LAURENT, Jules<\/td>\n<td width=\"159\">1860-1918<\/td>\n<td width=\"159\">professeur et docteur \u00e8s Sciences.<\/td>\n<td width=\"159\">Titulaire de 1895 \u00e0 1914.<\/td>\n<\/tr>\n<tr>\n<td width=\"159\">LEDOUX, Alfred<\/td>\n<td width=\"159\">1898-1969<\/td>\n<td width=\"159\">m\u00e9decin des H\u00f4pitaux.<\/td>\n<td width=\"159\">Titulaire de 1965 \u00e0 1969.<\/td>\n<\/tr>\n<tr>\n<td width=\"159\">LEF\u00c8VRE, Ernest dit LEF\u00c8VRE-D\u00c9ROD\u00c9<\/td>\n<td width=\"159\">1853-1913<\/td>\n<td width=\"159\">compositeur et directeur de l&rsquo;Ecole de musique.<\/td>\n<td width=\"159\">Titulaire de 1911 \u00e0 1912.<\/td>\n<\/tr>\n<tr>\n<td width=\"159\">LEGROS, Jean<\/td>\n<td width=\"159\">1903-1978<\/td>\n<td width=\"159\">pharmacien, astronome et compositeur.<\/td>\n<td width=\"159\">Titulaire de 1969 \u00e0 1978.<\/td>\n<\/tr>\n<tr>\n<td width=\"159\">LELARGE, Henri<\/td>\n<td width=\"159\">1906-1987<\/td>\n<td width=\"159\">avocat et professeur de droit, b\u00e2tonnier du Barreau de Reims.<\/td>\n<td width=\"159\">Titulaire de 1986 \u00e0 1987, pr\u00e9sident en 1955 et 1970.<\/td>\n<\/tr>\n<tr>\n<td width=\"159\">LUTON, Alfred<\/td>\n<td width=\"159\">1830-1896<\/td>\n<td width=\"159\">m\u00e9decin des H\u00f4pitaux.<\/td>\n<td width=\"159\">Titulaire de 1862 \u00e0 1896, pr\u00e9sident en 1885.<\/td>\n<\/tr>\n<tr>\n<td width=\"159\">MICHAUD, L\u00e9on<\/td>\n<td width=\"159\">1875-1958<\/td>\n<td width=\"159\">libraire-\u00e9diteur.<\/td>\n<td width=\"159\">Titulaire de 1943 \u00e0 1958.<\/td>\n<\/tr>\n<tr>\n<td width=\"159\">MIGEO, Marcel<\/td>\n<td width=\"159\">1901-1990<\/td>\n<td width=\"159\">agent d&rsquo;assurances, m\u00e9daill\u00e9 de l\u2019A\u00e9ronautique.<\/td>\n<td width=\"159\">Titulaire de 1946 \u00e0 1965.<\/td>\n<\/tr>\n<tr>\n<td width=\"159\">MILLET, Ernest<\/td>\n<td width=\"159\">1899-1985<\/td>\n<td width=\"159\">Inspecteur de l\u2019Education nationale, g\u00e9ographe.<\/td>\n<td width=\"159\">Titulaire de 1952 \u00e0 1978.<\/td>\n<\/tr>\n<tr>\n<td width=\"159\">MUN, comte Bertrand de<\/td>\n<td width=\"159\">1870-1963<\/td>\n<td width=\"159\">directeur de la Maison Veuve Clicquot-Ponsardin, pr\u00e9sident de la Chambre de Commerce, d\u00e9put\u00e9.<\/td>\n<td width=\"159\">Titulaire de 1921 \u00e0 1961.<\/td>\n<\/tr>\n<tr>\n<td width=\"159\">PARIS, Henri<\/td>\n<td width=\"159\">1821-1902<\/td>\n<td width=\"159\">avocat, Maire de Reims.<\/td>\n<td width=\"159\">Titulaire de 1847 \u00e0 1902, pr\u00e9sident en 1860, 1864, 1876 et 1898.<\/td>\n<\/tr>\n<tr>\n<td width=\"159\">PHILIPPE, Nicolas<\/td>\n<td width=\"159\">1801-1858<\/td>\n<td width=\"159\">m\u00e9decin des H\u00f4pitaux et professeur \u00e0 l\u2019\u00c9cole de M\u00e9decine.<\/td>\n<td width=\"159\">Titulaire de 1841 \u00e0 1847.<\/td>\n<\/tr>\n<tr>\n<td width=\"159\">REIMBEAU, Auguste<\/td>\n<td width=\"159\">1826-1865<\/td>\n<td width=\"159\">architecte.<\/td>\n<td width=\"159\">Titulaire de 1853 \u00e0 1863.<\/td>\n<\/tr>\n<tr>\n<td width=\"159\">RUINART de BRIMONT, vicomte Fran\u00e7ois Jean Ir\u00e9n\u00e9e<\/td>\n<td width=\"159\">1770-1850<\/td>\n<td width=\"159\">n\u00e9gociant en vins de Champagne, Maire de Reims, d\u00e9put\u00e9.<\/td>\n<td width=\"159\">Titulaire de 1841 \u00e0 1849.<\/td>\n<\/tr>\n<tr>\n<td width=\"159\">SARAZIN, Charles<\/td>\n<td width=\"159\">1879-1953<\/td>\n<td width=\"159\">historien et arch\u00e9ologue.<\/td>\n<td width=\"159\">Titulaire de 1920 \u00e0 1945, pr\u00e9sident en 1935.<\/td>\n<\/tr>\n<tr>\n<td width=\"159\">S\u00c9N\u00c9CHAL, Adrien<\/td>\n<td width=\"159\">1895-1974<\/td>\n<td width=\"159\">artiste-peintre.<\/td>\n<td width=\"159\">Titulaire de 1964 \u00e0 1966.<\/td>\n<\/tr>\n<tr>\n<td width=\"159\">TARB\u00c9, Prosper<\/td>\n<td width=\"159\">1809-1871<\/td>\n<td width=\"159\">magistrat et correspondant de l&rsquo;Institut.<\/td>\n<td width=\"159\">Titulaire de 1855 \u00e0 1867.<\/td>\n<\/tr>\n<tr>\n<td width=\"159\">T\u00c9CHOUEYRES, Emile<\/td>\n<td width=\"159\">1878-1954<\/td>\n<td width=\"159\">m\u00e9decin militaire et professeur \u00e0 l\u2019\u00c9cole de M\u00e9decine.<\/td>\n<td width=\"159\">Titulaire de 1911 \u00e0 1945, pr\u00e9sident en 1924.<\/td>\n<\/tr>\n<tr>\n<td width=\"159\">THI\u00c9NOT, Claude<\/td>\n<td width=\"159\">1917-1988<\/td>\n<td width=\"159\">notaire, membre fondateur de l\u2019Effort R\u00e9mois.<\/td>\n<td width=\"159\">Titulaire de 1976 \u00e0 1978.<\/td>\n<\/tr>\n<tr>\n<td width=\"159\">V\u00c9REL, Louis<\/td>\n<td width=\"159\">1900-1975<\/td>\n<td width=\"159\">Inspecteur d&rsquo;acad\u00e9mie.<\/td>\n<td width=\"159\">Titulaire de 1972 \u00e0 1973.<\/td>\n<\/tr>\n<tr>\n<td width=\"159\">VILLEMINOT-HUART, Barth\u00e9l\u00e9my<\/td>\n<td width=\"159\">1805-1877<\/td>\n<td width=\"159\">constructeur m\u00e9canicien.<\/td>\n<td width=\"159\">Titulaire de 1855 \u00e0 1876.<\/td>\n<\/tr>\n<tr>\n<td width=\"159\">VOG\u00dc\u00c9, Bertrand de<\/td>\n<td width=\"159\">1901-1987<\/td>\n<td width=\"159\">P.D.G. de la Maison Veuve Clicquot-Ponsardin, adjoint au Maire de Reims, fondateur du Comit\u00e9 d\u2019Etudes pour l\u2019Am\u00e9nagement de Reims et de sa R\u00e9gion (C.E.A.R.R.).<\/td>\n<td width=\"159\">Titulaire de 1943 \u00e0 1967, pr\u00e9sident en 1946.<\/td>\n<\/tr>\n<tr>\n<td width=\"159\">WARNIER, Paul<\/td>\n<td width=\"159\">1902-1966<\/td>\n<td width=\"159\">chanoine de la cath\u00e9drale.<\/td>\n<td width=\"159\">Titulaire en 1966.<\/td>\n<\/tr>\n<tr>\n<td width=\"159\">WERL\u00c9, comte \u00c9douard<\/td>\n<td width=\"159\">1801-1884<\/td>\n<td width=\"159\">associ\u00e9 de Madame Veuve Clicquot-Ponsardin, Pr\u00e9sident du Tribunal de commerce, conseiller g\u00e9n\u00e9ral, Maire de Reims, d\u00e9put\u00e9.<\/td>\n<td width=\"159\">Titulaire de 1873 \u00e0 1906.<\/td>\n<\/tr>\n<\/tbody>\n<\/table>\n<\/td>\n<\/tr>\n<\/tbody>\n<\/table>\n<p style=\"text-align: center;\">Liste \u00e9tablie par Daniel Tant, membre titulaire, en cours de v\u00e9rification<\/p>\n","protected":false},"excerpt":{"rendered":"<p>Les membres titulaires assurent la continuit\u00e9 de la vie de l&rsquo;Acad\u00e9mie et votent\u00a0les d\u00e9cisions la concernant. Aux c\u00f4t\u00e9s des b\u00e9n\u00e9voles qui assurent les permanences, les membres du bureau les mettent en \u0153uvre. Qu&rsquo;ils soient membres titulaires,\u00a0membres de droit,\u00a0membres d\u2019honneur,\u00a0membres honoraires,\u00a0membres associ\u00e9s,\u00a0membres correspondants ou\u00a0membres bienfaiteurs, les membres de l&rsquo;Acad\u00e9mie sont tous attach\u00e9s \u00e0 l&rsquo;Histoire en g\u00e9n\u00e9ral [&hellip;]<\/p>\n","protected":false},"author":1,"featured_media":0,"parent":13,"menu_order":3,"comment_status":"closed","ping_status":"closed","template":"","meta":{"_mi_skip_tracking":false},"yoast_head":"<!-- This site is optimized with the Yoast SEO plugin v20.4 - https:\/\/yoast.com\/wordpress\/plugins\/seo\/ -->\n<title>Acad\u00e9miciens - Acad\u00e9mie nationale de Reims<\/title>\n<meta name=\"robots\" content=\"index, follow, max-snippet:-1, max-image-preview:large, max-video-preview:-1\" \/>\n<link rel=\"canonical\" href=\"https:\/\/academie-nationale-reims.fr\/index.php\/presentation\/academiciens\/\" \/>\n<meta property=\"og:locale\" content=\"fr_FR\" \/>\n<meta property=\"og:type\" content=\"article\" \/>\n<meta property=\"og:title\" content=\"Acad\u00e9miciens - Acad\u00e9mie nationale de Reims\" \/>\n<meta property=\"og:description\" content=\"Les membres titulaires assurent la continuit\u00e9 de la vie de l&rsquo;Acad\u00e9mie et votent\u00a0les d\u00e9cisions la concernant. Aux c\u00f4t\u00e9s des b\u00e9n\u00e9voles qui assurent les permanences, les membres du bureau les mettent en \u0153uvre. Qu&rsquo;ils soient membres titulaires,\u00a0membres de droit,\u00a0membres d\u2019honneur,\u00a0membres honoraires,\u00a0membres associ\u00e9s,\u00a0membres correspondants ou\u00a0membres bienfaiteurs, les membres de l&rsquo;Acad\u00e9mie sont tous attach\u00e9s \u00e0 l&rsquo;Histoire en g\u00e9n\u00e9ral [&hellip;]\" \/>\n<meta property=\"og:url\" content=\"https:\/\/academie-nationale-reims.fr\/index.php\/presentation\/academiciens\/\" \/>\n<meta property=\"og:site_name\" content=\"Acad\u00e9mie nationale de Reims\" \/>\n<meta property=\"article:modified_time\" content=\"2023-03-22T16:33:30+00:00\" \/>\n<meta name=\"twitter:card\" content=\"summary_large_image\" \/>\n<meta name=\"twitter:label1\" content=\"Dur\u00e9e de lecture estim\u00e9e\" \/>\n\t<meta name=\"twitter:data1\" content=\"5 minutes\" \/>\n<script type=\"application\/ld+json\" class=\"yoast-schema-graph\">{\"@context\":\"https:\/\/schema.org\",\"@graph\":[{\"@type\":\"WebPage\",\"@id\":\"https:\/\/academie-nationale-reims.fr\/index.php\/presentation\/academiciens\/\",\"url\":\"https:\/\/academie-nationale-reims.fr\/index.php\/presentation\/academiciens\/\",\"name\":\"Acad\u00e9miciens - Acad\u00e9mie nationale de Reims\",\"isPartOf\":{\"@id\":\"https:\/\/academie-nationale-reims.fr\/#website\"},\"datePublished\":\"2015-09-12T11:52:47+00:00\",\"dateModified\":\"2023-03-22T16:33:30+00:00\",\"breadcrumb\":{\"@id\":\"https:\/\/academie-nationale-reims.fr\/index.php\/presentation\/academiciens\/#breadcrumb\"},\"inLanguage\":\"fr-FR\",\"potentialAction\":[{\"@type\":\"ReadAction\",\"target\":[\"https:\/\/academie-nationale-reims.fr\/index.php\/presentation\/academiciens\/\"]}]},{\"@type\":\"BreadcrumbList\",\"@id\":\"https:\/\/academie-nationale-reims.fr\/index.php\/presentation\/academiciens\/#breadcrumb\",\"itemListElement\":[{\"@type\":\"ListItem\",\"position\":1,\"name\":\"Accueil\",\"item\":\"https:\/\/academie-nationale-reims.fr\/\"},{\"@type\":\"ListItem\",\"position\":2,\"name\":\"L&rsquo;Acad\u00e9mie\",\"item\":\"http:\/\/academie-nationale-reims.fr\/index.php\/presentation\/\"},{\"@type\":\"ListItem\",\"position\":3,\"name\":\"Acad\u00e9miciens\"}]},{\"@type\":\"WebSite\",\"@id\":\"https:\/\/academie-nationale-reims.fr\/#website\",\"url\":\"https:\/\/academie-nationale-reims.fr\/\",\"name\":\"Acad\u00e9mie nationale de Reims\",\"description\":\"Ce site est en cours d\u2019am\u00e9nagements\",\"publisher\":{\"@id\":\"https:\/\/academie-nationale-reims.fr\/#organization\"},\"potentialAction\":[{\"@type\":\"SearchAction\",\"target\":{\"@type\":\"EntryPoint\",\"urlTemplate\":\"https:\/\/academie-nationale-reims.fr\/?s={search_term_string}\"},\"query-input\":\"required name=search_term_string\"}],\"inLanguage\":\"fr-FR\"},{\"@type\":\"Organization\",\"@id\":\"https:\/\/academie-nationale-reims.fr\/#organization\",\"name\":\"Acad\u00e9mie nationale de Reims\",\"url\":\"https:\/\/academie-nationale-reims.fr\/\",\"logo\":{\"@type\":\"ImageObject\",\"inLanguage\":\"fr-FR\",\"@id\":\"https:\/\/academie-nationale-reims.fr\/#\/schema\/logo\/image\/\",\"url\":\"https:\/\/academie-nationale-reims.fr\/wp-content\/uploads\/2023\/03\/logo.png\",\"contentUrl\":\"https:\/\/academie-nationale-reims.fr\/wp-content\/uploads\/2023\/03\/logo.png\",\"width\":2038,\"height\":426,\"caption\":\"Acad\u00e9mie nationale de Reims\"},\"image\":{\"@id\":\"https:\/\/academie-nationale-reims.fr\/#\/schema\/logo\/image\/\"}}]}<\/script>\n<!-- \/ Yoast SEO plugin. -->","yoast_head_json":{"title":"Acad\u00e9miciens - Acad\u00e9mie nationale de Reims","robots":{"index":"index","follow":"follow","max-snippet":"max-snippet:-1","max-image-preview":"max-image-preview:large","max-video-preview":"max-video-preview:-1"},"canonical":"https:\/\/academie-nationale-reims.fr\/index.php\/presentation\/academiciens\/","og_locale":"fr_FR","og_type":"article","og_title":"Acad\u00e9miciens - Acad\u00e9mie nationale de Reims","og_description":"Les membres titulaires assurent la continuit\u00e9 de la vie de l&rsquo;Acad\u00e9mie et votent\u00a0les d\u00e9cisions la concernant. Aux c\u00f4t\u00e9s des b\u00e9n\u00e9voles qui assurent les permanences, les membres du bureau les mettent en \u0153uvre. Qu&rsquo;ils soient membres titulaires,\u00a0membres de droit,\u00a0membres d\u2019honneur,\u00a0membres honoraires,\u00a0membres associ\u00e9s,\u00a0membres correspondants ou\u00a0membres bienfaiteurs, les membres de l&rsquo;Acad\u00e9mie sont tous attach\u00e9s \u00e0 l&rsquo;Histoire en g\u00e9n\u00e9ral [&hellip;]","og_url":"https:\/\/academie-nationale-reims.fr\/index.php\/presentation\/academiciens\/","og_site_name":"Acad\u00e9mie nationale de Reims","article_modified_time":"2023-03-22T16:33:30+00:00","twitter_card":"summary_large_image","twitter_misc":{"Dur\u00e9e de lecture estim\u00e9e":"5 minutes"},"schema":{"@context":"https:\/\/schema.org","@graph":[{"@type":"WebPage","@id":"https:\/\/academie-nationale-reims.fr\/index.php\/presentation\/academiciens\/","url":"https:\/\/academie-nationale-reims.fr\/index.php\/presentation\/academiciens\/","name":"Acad\u00e9miciens - Acad\u00e9mie nationale de Reims","isPartOf":{"@id":"https:\/\/academie-nationale-reims.fr\/#website"},"datePublished":"2015-09-12T11:52:47+00:00","dateModified":"2023-03-22T16:33:30+00:00","breadcrumb":{"@id":"https:\/\/academie-nationale-reims.fr\/index.php\/presentation\/academiciens\/#breadcrumb"},"inLanguage":"fr-FR","potentialAction":[{"@type":"ReadAction","target":["https:\/\/academie-nationale-reims.fr\/index.php\/presentation\/academiciens\/"]}]},{"@type":"BreadcrumbList","@id":"https:\/\/academie-nationale-reims.fr\/index.php\/presentation\/academiciens\/#breadcrumb","itemListElement":[{"@type":"ListItem","position":1,"name":"Accueil","item":"https:\/\/academie-nationale-reims.fr\/"},{"@type":"ListItem","position":2,"name":"L&rsquo;Acad\u00e9mie","item":"http:\/\/academie-nationale-reims.fr\/index.php\/presentation\/"},{"@type":"ListItem","position":3,"name":"Acad\u00e9miciens"}]},{"@type":"WebSite","@id":"https:\/\/academie-nationale-reims.fr\/#website","url":"https:\/\/academie-nationale-reims.fr\/","name":"Acad\u00e9mie nationale de Reims","description":"Ce site est en cours d\u2019am\u00e9nagements","publisher":{"@id":"https:\/\/academie-nationale-reims.fr\/#organization"},"potentialAction":[{"@type":"SearchAction","target":{"@type":"EntryPoint","urlTemplate":"https:\/\/academie-nationale-reims.fr\/?s={search_term_string}"},"query-input":"required name=search_term_string"}],"inLanguage":"fr-FR"},{"@type":"Organization","@id":"https:\/\/academie-nationale-reims.fr\/#organization","name":"Acad\u00e9mie nationale de Reims","url":"https:\/\/academie-nationale-reims.fr\/","logo":{"@type":"ImageObject","inLanguage":"fr-FR","@id":"https:\/\/academie-nationale-reims.fr\/#\/schema\/logo\/image\/","url":"https:\/\/academie-nationale-reims.fr\/wp-content\/uploads\/2023\/03\/logo.png","contentUrl":"https:\/\/academie-nationale-reims.fr\/wp-content\/uploads\/2023\/03\/logo.png","width":2038,"height":426,"caption":"Acad\u00e9mie nationale de Reims"},"image":{"@id":"https:\/\/academie-nationale-reims.fr\/#\/schema\/logo\/image\/"}}]}},"_links":{"self":[{"href":"https:\/\/academie-nationale-reims.fr\/index.php\/wp-json\/wp\/v2\/pages\/32"}],"collection":[{"href":"https:\/\/academie-nationale-reims.fr\/index.php\/wp-json\/wp\/v2\/pages"}],"about":[{"href":"https:\/\/academie-nationale-reims.fr\/index.php\/wp-json\/wp\/v2\/types\/page"}],"author":[{"embeddable":true,"href":"https:\/\/academie-nationale-reims.fr\/index.php\/wp-json\/wp\/v2\/users\/1"}],"replies":[{"embeddable":true,"href":"https:\/\/academie-nationale-reims.fr\/index.php\/wp-json\/wp\/v2\/comments?post=32"}],"version-history":[{"count":17,"href":"https:\/\/academie-nationale-reims.fr\/index.php\/wp-json\/wp\/v2\/pages\/32\/revisions"}],"predecessor-version":[{"id":2247,"href":"https:\/\/academie-nationale-reims.fr\/index.php\/wp-json\/wp\/v2\/pages\/32\/revisions\/2247"}],"up":[{"embeddable":true,"href":"https:\/\/academie-nationale-reims.fr\/index.php\/wp-json\/wp\/v2\/pages\/13"}],"wp:attachment":[{"href":"https:\/\/academie-nationale-reims.fr\/index.php\/wp-json\/wp\/v2\/media?parent=32"}],"curies":[{"name":"wp","href":"https:\/\/api.w.org\/{rel}","templated":true}]}}