{"id":361,"date":"2015-09-08T10:44:40","date_gmt":"2015-09-08T10:44:40","guid":{"rendered":"http:\/\/anr2-1.nanopikz.com\/?page_id=6"},"modified":"2023-07-10T12:57:05","modified_gmt":"2023-07-10T11:57:05","slug":"accueil","status":"publish","type":"page","link":"https:\/\/academie-nationale-reims.fr\/","title":{"rendered":"Accueil"},"content":{"rendered":"\n<div class=\"title-mobile-only\"><span>ACCUEIL<\/span><\/div>\n\n\n\n<div class=\"single_post\">\n<div class=\"accueil-menu\">\n<div class=\"card card-actualite\">\n<a href=\"https:\/\/academie-nationale-reims.fr\/index.php\/actualites\/\" aria-current=\"page\">\n<div class=\"card-title\">Actualit\u00e9s<\/div>\n<div class=\"card-img\"><img decoding=\"async\" class=\"wp-image-2250\" src=\"http:\/\/academie-nationale-reims.fr\/wp-content\/uploads\/2023\/03\/cadre-etiquette-actu.png\" alt=\"\"><\/div><\/a> \n<\/div>\n<div class=\"card card-academie\">\n<a href=\"https:\/\/academie-nationale-reims.fr\/index.php\/presentation\/\" aria-current=\"page\">\n<div class=\"card-title\">L&rsquo;Acad\u00e9mie<\/div>\n<div class=\"card-img\"><img decoding=\"async\" class=\"wp-image-2250\" src=\"http:\/\/academie-nationale-reims.fr\/wp-content\/uploads\/2023\/07\/cadre-etiquette-academie-b.png\" alt=\"\"><\/div><\/a>\n<\/div>\n<div class=\"card card-activites\">\n<a href=\"https:\/\/academie-nationale-reims.fr\/index.php\/activites\/\" aria-current=\"page\">\n<div class=\"card-title\">Activit\u00e9s<\/div>\n<div class=\"card-img\"><img decoding=\"async\" class=\"wp-image-2250\" src=\"http:\/\/academie-nationale-reims.fr\/wp-content\/uploads\/2023\/03\/cadre-etiquette-activites.png\" alt=\"\"><\/div><\/a>\n<\/div>\n<div class=\"card card-publications\">\n<a href=\"https:\/\/academie-nationale-reims.fr\/index.php\/publications\/\" aria-current=\"page\">\n<div class=\"card-title\">Publications<\/div>\n<div class=\"card-img\"><img decoding=\"async\" class=\"wp-image-2250\" src=\"http:\/\/academie-nationale-reims.fr\/wp-content\/uploads\/2023\/03\/cadre-etiquette-publications.png\" alt=\"\"><\/div><\/a>\n<\/div>\n<div class=\"card card-biblioteque\">\n<a href=\"https:\/\/academie-nationale-reims.fr\/index.php\/bibliotheque\/\" aria-current=\"page\">\n<div class=\"card-title\">Biblioth\u00e8que<\/div>\n<div class=\"card-img\"><img decoding=\"async\" class=\"wp-image-2250\" src=\"http:\/\/academie-nationale-reims.fr\/wp-content\/uploads\/2023\/03\/cadre-etiquette-biblio.png\" alt=\"\"><\/div><\/a>\n<\/div>\n<div class=\"card card-contact\">\n<a href=\"https:\/\/academie-nationale-reims.fr\/index.php\/contact\/\" aria-current=\"page\">\n<div class=\"card-title\">Contact<\/div>\n<div class=\"card-img\"><img decoding=\"async\" class=\"wp-image-2250\" src=\"http:\/\/academie-nationale-reims.fr\/wp-content\/uploads\/2023\/03\/cadre-etiquette-contact.png\" alt=\"\"><\/div><\/a>\n<\/div>\n<\/div>\n<\/div>\n","protected":false},"excerpt":{"rendered":"<p>ACCUEIL Actualit\u00e9s L&rsquo;Acad\u00e9mie Activit\u00e9s Publications Biblioth\u00e8que Contact<\/p>\n","protected":false},"author":1,"featured_media":0,"parent":0,"menu_order":1,"comment_status":"closed","ping_status":"closed","template":"","meta":{"_mi_skip_tracking":false},"yoast_head":"<!-- This site is optimized with the Yoast SEO plugin v20.4 - https:\/\/yoast.com\/wordpress\/plugins\/seo\/ -->\n<title>Accueil - Acad\u00e9mie nationale de Reims<\/title>\n<meta name=\"robots\" content=\"index, follow, max-snippet:-1, max-image-preview:large, max-video-preview:-1\" \/>\n<link rel=\"canonical\" href=\"https:\/\/academie-nationale-reims.fr\/\" \/>\n<meta property=\"og:locale\" content=\"fr_FR\" \/>\n<meta property=\"og:type\" content=\"article\" \/>\n<meta property=\"og:title\" content=\"Accueil - Acad\u00e9mie nationale de Reims\" \/>\n<meta property=\"og:description\" content=\"ACCUEIL Actualit\u00e9s L&rsquo;Acad\u00e9mie Activit\u00e9s Publications Biblioth\u00e8que Contact\" \/>\n<meta property=\"og:url\" content=\"https:\/\/academie-nationale-reims.fr\/\" \/>\n<meta property=\"og:site_name\" content=\"Acad\u00e9mie nationale de Reims\" \/>\n<meta property=\"article:modified_time\" content=\"2023-07-10T11:57:05+00:00\" \/>\n<meta property=\"og:image\" content=\"http:\/\/academie-nationale-reims.fr\/wp-content\/uploads\/2023\/03\/cadre-etiquette-actu.png\" \/>\n<meta name=\"twitter:card\" content=\"summary_large_image\" \/>\n<meta name=\"twitter:label1\" content=\"Dur\u00e9e de lecture estim\u00e9e\" \/>\n\t<meta name=\"twitter:data1\" content=\"2 minutes\" \/>\n<script type=\"application\/ld+json\" class=\"yoast-schema-graph\">{\"@context\":\"https:\/\/schema.org\",\"@graph\":[{\"@type\":\"WebPage\",\"@id\":\"https:\/\/academie-nationale-reims.fr\/\",\"url\":\"https:\/\/academie-nationale-reims.fr\/\",\"name\":\"Accueil - Acad\u00e9mie nationale de Reims\",\"isPartOf\":{\"@id\":\"https:\/\/academie-nationale-reims.fr\/#website\"},\"datePublished\":\"2015-09-08T10:44:40+00:00\",\"dateModified\":\"2023-07-10T11:57:05+00:00\",\"breadcrumb\":{\"@id\":\"https:\/\/academie-nationale-reims.fr\/#breadcrumb\"},\"inLanguage\":\"fr-FR\",\"potentialAction\":[{\"@type\":\"ReadAction\",\"target\":[\"https:\/\/academie-nationale-reims.fr\/\"]}]},{\"@type\":\"BreadcrumbList\",\"@id\":\"https:\/\/academie-nationale-reims.fr\/#breadcrumb\",\"itemListElement\":[{\"@type\":\"ListItem\",\"position\":1,\"name\":\"Accueil\",\"item\":\"https:\/\/academie-nationale-reims.fr\/\"},{\"@type\":\"ListItem\",\"position\":2,\"name\":\"Accueil\"}]},{\"@type\":\"WebSite\",\"@id\":\"https:\/\/academie-nationale-reims.fr\/#website\",\"url\":\"https:\/\/academie-nationale-reims.fr\/\",\"name\":\"Acad\u00e9mie nationale de Reims\",\"description\":\"Ce site est en cours d\u2019am\u00e9nagements\",\"publisher\":{\"@id\":\"https:\/\/academie-nationale-reims.fr\/#organization\"},\"potentialAction\":[{\"@type\":\"SearchAction\",\"target\":{\"@type\":\"EntryPoint\",\"urlTemplate\":\"https:\/\/academie-nationale-reims.fr\/?s={search_term_string}\"},\"query-input\":\"required name=search_term_string\"}],\"inLanguage\":\"fr-FR\"},{\"@type\":\"Organization\",\"@id\":\"https:\/\/academie-nationale-reims.fr\/#organization\",\"name\":\"Acad\u00e9mie nationale de Reims\",\"url\":\"https:\/\/academie-nationale-reims.fr\/\",\"logo\":{\"@type\":\"ImageObject\",\"inLanguage\":\"fr-FR\",\"@id\":\"https:\/\/academie-nationale-reims.fr\/#\/schema\/logo\/image\/\",\"url\":\"https:\/\/academie-nationale-reims.fr\/wp-content\/uploads\/2023\/03\/logo.png\",\"contentUrl\":\"https:\/\/academie-nationale-reims.fr\/wp-content\/uploads\/2023\/03\/logo.png\",\"width\":2038,\"height\":426,\"caption\":\"Acad\u00e9mie nationale de Reims\"},\"image\":{\"@id\":\"https:\/\/academie-nationale-reims.fr\/#\/schema\/logo\/image\/\"}}]}<\/script>\n<!-- \/ Yoast SEO plugin. -->","yoast_head_json":{"title":"Accueil - Acad\u00e9mie nationale de Reims","robots":{"index":"index","follow":"follow","max-snippet":"max-snippet:-1","max-image-preview":"max-image-preview:large","max-video-preview":"max-video-preview:-1"},"canonical":"https:\/\/academie-nationale-reims.fr\/","og_locale":"fr_FR","og_type":"article","og_title":"Accueil - Acad\u00e9mie nationale de Reims","og_description":"ACCUEIL Actualit\u00e9s L&rsquo;Acad\u00e9mie Activit\u00e9s Publications Biblioth\u00e8que Contact","og_url":"https:\/\/academie-nationale-reims.fr\/","og_site_name":"Acad\u00e9mie nationale de Reims","article_modified_time":"2023-07-10T11:57:05+00:00","og_image":[{"url":"http:\/\/academie-nationale-reims.fr\/wp-content\/uploads\/2023\/03\/cadre-etiquette-actu.png"}],"twitter_card":"summary_large_image","twitter_misc":{"Dur\u00e9e de lecture estim\u00e9e":"2 minutes"},"schema":{"@context":"https:\/\/schema.org","@graph":[{"@type":"WebPage","@id":"https:\/\/academie-nationale-reims.fr\/","url":"https:\/\/academie-nationale-reims.fr\/","name":"Accueil - Acad\u00e9mie nationale de Reims","isPartOf":{"@id":"https:\/\/academie-nationale-reims.fr\/#website"},"datePublished":"2015-09-08T10:44:40+00:00","dateModified":"2023-07-10T11:57:05+00:00","breadcrumb":{"@id":"https:\/\/academie-nationale-reims.fr\/#breadcrumb"},"inLanguage":"fr-FR","potentialAction":[{"@type":"ReadAction","target":["https:\/\/academie-nationale-reims.fr\/"]}]},{"@type":"BreadcrumbList","@id":"https:\/\/academie-nationale-reims.fr\/#breadcrumb","itemListElement":[{"@type":"ListItem","position":1,"name":"Accueil","item":"https:\/\/academie-nationale-reims.fr\/"},{"@type":"ListItem","position":2,"name":"Accueil"}]},{"@type":"WebSite","@id":"https:\/\/academie-nationale-reims.fr\/#website","url":"https:\/\/academie-nationale-reims.fr\/","name":"Acad\u00e9mie nationale de Reims","description":"Ce site est en cours d\u2019am\u00e9nagements","publisher":{"@id":"https:\/\/academie-nationale-reims.fr\/#organization"},"potentialAction":[{"@type":"SearchAction","target":{"@type":"EntryPoint","urlTemplate":"https:\/\/academie-nationale-reims.fr\/?s={search_term_string}"},"query-input":"required name=search_term_string"}],"inLanguage":"fr-FR"},{"@type":"Organization","@id":"https:\/\/academie-nationale-reims.fr\/#organization","name":"Acad\u00e9mie nationale de Reims","url":"https:\/\/academie-nationale-reims.fr\/","logo":{"@type":"ImageObject","inLanguage":"fr-FR","@id":"https:\/\/academie-nationale-reims.fr\/#\/schema\/logo\/image\/","url":"https:\/\/academie-nationale-reims.fr\/wp-content\/uploads\/2023\/03\/logo.png","contentUrl":"https:\/\/academie-nationale-reims.fr\/wp-content\/uploads\/2023\/03\/logo.png","width":2038,"height":426,"caption":"Acad\u00e9mie nationale de Reims"},"image":{"@id":"https:\/\/academie-nationale-reims.fr\/#\/schema\/logo\/image\/"}}]}},"_links":{"self":[{"href":"https:\/\/academie-nationale-reims.fr\/index.php\/wp-json\/wp\/v2\/pages\/361"}],"collection":[{"href":"https:\/\/academie-nationale-reims.fr\/index.php\/wp-json\/wp\/v2\/pages"}],"about":[{"href":"https:\/\/academie-nationale-reims.fr\/index.php\/wp-json\/wp\/v2\/types\/page"}],"author":[{"embeddable":true,"href":"https:\/\/academie-nationale-reims.fr\/index.php\/wp-json\/wp\/v2\/users\/1"}],"replies":[{"embeddable":true,"href":"https:\/\/academie-nationale-reims.fr\/index.php\/wp-json\/wp\/v2\/comments?post=361"}],"version-history":[{"count":269,"href":"https:\/\/academie-nationale-reims.fr\/index.php\/wp-json\/wp\/v2\/pages\/361\/revisions"}],"predecessor-version":[{"id":2449,"href":"https:\/\/academie-nationale-reims.fr\/index.php\/wp-json\/wp\/v2\/pages\/361\/revisions\/2449"}],"wp:attachment":[{"href":"https:\/\/academie-nationale-reims.fr\/index.php\/wp-json\/wp\/v2\/media?parent=361"}],"curies":[{"name":"wp","href":"https:\/\/api.w.org\/{rel}","templated":true}]}}