{"id":428,"date":"2016-01-26T20:23:11","date_gmt":"2016-01-26T19:23:11","guid":{"rendered":"http:\/\/academie-nationale-reims.fr\/?page_id=428"},"modified":"2025-01-30T11:45:59","modified_gmt":"2025-01-30T10:45:59","slug":"bureau","status":"publish","type":"page","link":"https:\/\/academie-nationale-reims.fr\/index.php\/presentation\/organisation\/bureau\/","title":{"rendered":"Bureau"},"content":{"rendered":"<h5><span style=\"color: #ff0000;\"><strong>Le Bureau 2025 se compose de :<\/strong><\/span><\/h5>\n<ul>\n<li><strong>Pr\u00e9sident<\/strong> : Mr Jacques CHANARD<\/li>\n<li><strong>Vice-Pr\u00e9sident<\/strong> : Mr \u00a0Patrick DEMOUY<\/li>\n<li><strong>Secr\u00e9taire g\u00e9n\u00e9ral et administratif<\/strong> : Mr Dominique N\u00c9OUZE<\/li>\n<li><strong>Tr\u00e9sorier<\/strong> : Mr Jean-Louis BOUDIER<\/li>\n<li><strong>Tr\u00e9sorier-adjoint<\/strong> : Mr Yves CAUX<\/li>\n<li><strong>R\u00e9dacteur en chef des Annales et des Travaux<\/strong> : \u00a0 Mr Dominique N\u00c9OUZE<\/li>\n<\/ul>\n<ul>\n<li><strong>Membres<\/strong> :\n<ul>\n<li>Mr Augustin BRAU ( Pr\u00e9sident 2022)<\/li>\n<li>Mr Emmanuel DORFFER ( Pr\u00e9sident 2023)<\/li>\n<li>Mr Jean-Pierre BOUREUX ( pr\u00e9sident 2024)\u00a0\u00a0<\/li>\n<li>Mme Fran\u00e7oise N\u00c9OUZE-BLOND<\/li>\n<\/ul>\n<\/li>\n<\/ul>\n\n","protected":false},"excerpt":{"rendered":"<p>Le Bureau 2025 se compose de : Pr\u00e9sident : Mr Jacques CHANARD Vice-Pr\u00e9sident : Mr \u00a0Patrick DEMOUY Secr\u00e9taire g\u00e9n\u00e9ral et administratif : Mr Dominique N\u00c9OUZE Tr\u00e9sorier : Mr Jean-Louis BOUDIER Tr\u00e9sorier-adjoint : Mr Yves CAUX R\u00e9dacteur en chef des Annales et des Travaux : \u00a0 Mr Dominique N\u00c9OUZE Membres : Mr Augustin BRAU ( Pr\u00e9sident [&hellip;]<\/p>\n","protected":false},"author":1,"featured_media":0,"parent":25,"menu_order":3,"comment_status":"closed","ping_status":"closed","template":"","meta":{"_mi_skip_tracking":false},"yoast_head":"<!-- This site is optimized with the Yoast SEO plugin v20.4 - https:\/\/yoast.com\/wordpress\/plugins\/seo\/ -->\n<title>Bureau - Acad\u00e9mie nationale de Reims<\/title>\n<meta name=\"robots\" content=\"index, follow, max-snippet:-1, max-image-preview:large, max-video-preview:-1\" \/>\n<link rel=\"canonical\" href=\"https:\/\/academie-nationale-reims.fr\/index.php\/presentation\/organisation\/bureau\/\" \/>\n<meta property=\"og:locale\" content=\"fr_FR\" \/>\n<meta property=\"og:type\" content=\"article\" \/>\n<meta property=\"og:title\" content=\"Bureau - Acad\u00e9mie nationale de Reims\" \/>\n<meta property=\"og:description\" content=\"Le Bureau 2025 se compose de : Pr\u00e9sident : Mr Jacques CHANARD Vice-Pr\u00e9sident : Mr \u00a0Patrick DEMOUY Secr\u00e9taire g\u00e9n\u00e9ral et administratif : Mr Dominique N\u00c9OUZE Tr\u00e9sorier : Mr Jean-Louis BOUDIER Tr\u00e9sorier-adjoint : Mr Yves CAUX R\u00e9dacteur en chef des Annales et des Travaux : \u00a0 Mr Dominique N\u00c9OUZE Membres : Mr Augustin BRAU ( Pr\u00e9sident [&hellip;]\" \/>\n<meta property=\"og:url\" content=\"https:\/\/academie-nationale-reims.fr\/index.php\/presentation\/organisation\/bureau\/\" \/>\n<meta property=\"og:site_name\" content=\"Acad\u00e9mie nationale de Reims\" \/>\n<meta property=\"article:modified_time\" content=\"2025-01-30T10:45:59+00:00\" \/>\n<meta name=\"twitter:card\" content=\"summary_large_image\" \/>\n<meta name=\"twitter:label1\" content=\"Dur\u00e9e de lecture estim\u00e9e\" \/>\n\t<meta name=\"twitter:data1\" content=\"1 minute\" \/>\n<script type=\"application\/ld+json\" class=\"yoast-schema-graph\">{\"@context\":\"https:\/\/schema.org\",\"@graph\":[{\"@type\":\"WebPage\",\"@id\":\"https:\/\/academie-nationale-reims.fr\/index.php\/presentation\/organisation\/bureau\/\",\"url\":\"https:\/\/academie-nationale-reims.fr\/index.php\/presentation\/organisation\/bureau\/\",\"name\":\"Bureau - Acad\u00e9mie nationale de Reims\",\"isPartOf\":{\"@id\":\"https:\/\/academie-nationale-reims.fr\/#website\"},\"datePublished\":\"2016-01-26T19:23:11+00:00\",\"dateModified\":\"2025-01-30T10:45:59+00:00\",\"breadcrumb\":{\"@id\":\"https:\/\/academie-nationale-reims.fr\/index.php\/presentation\/organisation\/bureau\/#breadcrumb\"},\"inLanguage\":\"fr-FR\",\"potentialAction\":[{\"@type\":\"ReadAction\",\"target\":[\"https:\/\/academie-nationale-reims.fr\/index.php\/presentation\/organisation\/bureau\/\"]}]},{\"@type\":\"BreadcrumbList\",\"@id\":\"https:\/\/academie-nationale-reims.fr\/index.php\/presentation\/organisation\/bureau\/#breadcrumb\",\"itemListElement\":[{\"@type\":\"ListItem\",\"position\":1,\"name\":\"Accueil\",\"item\":\"https:\/\/academie-nationale-reims.fr\/\"},{\"@type\":\"ListItem\",\"position\":2,\"name\":\"L&rsquo;Acad\u00e9mie\",\"item\":\"http:\/\/academie-nationale-reims.fr\/index.php\/presentation\/\"},{\"@type\":\"ListItem\",\"position\":3,\"name\":\"Organisation\",\"item\":\"http:\/\/academie-nationale-reims.fr\/index.php\/presentation\/organisation\/\"},{\"@type\":\"ListItem\",\"position\":4,\"name\":\"Bureau\"}]},{\"@type\":\"WebSite\",\"@id\":\"https:\/\/academie-nationale-reims.fr\/#website\",\"url\":\"https:\/\/academie-nationale-reims.fr\/\",\"name\":\"Acad\u00e9mie nationale de Reims\",\"description\":\"Ce site est en cours d\u2019am\u00e9nagements\",\"publisher\":{\"@id\":\"https:\/\/academie-nationale-reims.fr\/#organization\"},\"potentialAction\":[{\"@type\":\"SearchAction\",\"target\":{\"@type\":\"EntryPoint\",\"urlTemplate\":\"https:\/\/academie-nationale-reims.fr\/?s={search_term_string}\"},\"query-input\":\"required name=search_term_string\"}],\"inLanguage\":\"fr-FR\"},{\"@type\":\"Organization\",\"@id\":\"https:\/\/academie-nationale-reims.fr\/#organization\",\"name\":\"Acad\u00e9mie nationale de Reims\",\"url\":\"https:\/\/academie-nationale-reims.fr\/\",\"logo\":{\"@type\":\"ImageObject\",\"inLanguage\":\"fr-FR\",\"@id\":\"https:\/\/academie-nationale-reims.fr\/#\/schema\/logo\/image\/\",\"url\":\"https:\/\/academie-nationale-reims.fr\/wp-content\/uploads\/2023\/03\/logo.png\",\"contentUrl\":\"https:\/\/academie-nationale-reims.fr\/wp-content\/uploads\/2023\/03\/logo.png\",\"width\":2038,\"height\":426,\"caption\":\"Acad\u00e9mie nationale de Reims\"},\"image\":{\"@id\":\"https:\/\/academie-nationale-reims.fr\/#\/schema\/logo\/image\/\"}}]}<\/script>\n<!-- \/ Yoast SEO plugin. -->","yoast_head_json":{"title":"Bureau - Acad\u00e9mie nationale de Reims","robots":{"index":"index","follow":"follow","max-snippet":"max-snippet:-1","max-image-preview":"max-image-preview:large","max-video-preview":"max-video-preview:-1"},"canonical":"https:\/\/academie-nationale-reims.fr\/index.php\/presentation\/organisation\/bureau\/","og_locale":"fr_FR","og_type":"article","og_title":"Bureau - Acad\u00e9mie nationale de Reims","og_description":"Le Bureau 2025 se compose de : Pr\u00e9sident : Mr Jacques CHANARD Vice-Pr\u00e9sident : Mr \u00a0Patrick DEMOUY Secr\u00e9taire g\u00e9n\u00e9ral et administratif : Mr Dominique N\u00c9OUZE Tr\u00e9sorier : Mr Jean-Louis BOUDIER Tr\u00e9sorier-adjoint : Mr Yves CAUX R\u00e9dacteur en chef des Annales et des Travaux : \u00a0 Mr Dominique N\u00c9OUZE Membres : Mr Augustin BRAU ( Pr\u00e9sident [&hellip;]","og_url":"https:\/\/academie-nationale-reims.fr\/index.php\/presentation\/organisation\/bureau\/","og_site_name":"Acad\u00e9mie nationale de Reims","article_modified_time":"2025-01-30T10:45:59+00:00","twitter_card":"summary_large_image","twitter_misc":{"Dur\u00e9e de lecture estim\u00e9e":"1 minute"},"schema":{"@context":"https:\/\/schema.org","@graph":[{"@type":"WebPage","@id":"https:\/\/academie-nationale-reims.fr\/index.php\/presentation\/organisation\/bureau\/","url":"https:\/\/academie-nationale-reims.fr\/index.php\/presentation\/organisation\/bureau\/","name":"Bureau - Acad\u00e9mie nationale de Reims","isPartOf":{"@id":"https:\/\/academie-nationale-reims.fr\/#website"},"datePublished":"2016-01-26T19:23:11+00:00","dateModified":"2025-01-30T10:45:59+00:00","breadcrumb":{"@id":"https:\/\/academie-nationale-reims.fr\/index.php\/presentation\/organisation\/bureau\/#breadcrumb"},"inLanguage":"fr-FR","potentialAction":[{"@type":"ReadAction","target":["https:\/\/academie-nationale-reims.fr\/index.php\/presentation\/organisation\/bureau\/"]}]},{"@type":"BreadcrumbList","@id":"https:\/\/academie-nationale-reims.fr\/index.php\/presentation\/organisation\/bureau\/#breadcrumb","itemListElement":[{"@type":"ListItem","position":1,"name":"Accueil","item":"https:\/\/academie-nationale-reims.fr\/"},{"@type":"ListItem","position":2,"name":"L&rsquo;Acad\u00e9mie","item":"http:\/\/academie-nationale-reims.fr\/index.php\/presentation\/"},{"@type":"ListItem","position":3,"name":"Organisation","item":"http:\/\/academie-nationale-reims.fr\/index.php\/presentation\/organisation\/"},{"@type":"ListItem","position":4,"name":"Bureau"}]},{"@type":"WebSite","@id":"https:\/\/academie-nationale-reims.fr\/#website","url":"https:\/\/academie-nationale-reims.fr\/","name":"Acad\u00e9mie nationale de Reims","description":"Ce site est en cours d\u2019am\u00e9nagements","publisher":{"@id":"https:\/\/academie-nationale-reims.fr\/#organization"},"potentialAction":[{"@type":"SearchAction","target":{"@type":"EntryPoint","urlTemplate":"https:\/\/academie-nationale-reims.fr\/?s={search_term_string}"},"query-input":"required name=search_term_string"}],"inLanguage":"fr-FR"},{"@type":"Organization","@id":"https:\/\/academie-nationale-reims.fr\/#organization","name":"Acad\u00e9mie nationale de Reims","url":"https:\/\/academie-nationale-reims.fr\/","logo":{"@type":"ImageObject","inLanguage":"fr-FR","@id":"https:\/\/academie-nationale-reims.fr\/#\/schema\/logo\/image\/","url":"https:\/\/academie-nationale-reims.fr\/wp-content\/uploads\/2023\/03\/logo.png","contentUrl":"https:\/\/academie-nationale-reims.fr\/wp-content\/uploads\/2023\/03\/logo.png","width":2038,"height":426,"caption":"Acad\u00e9mie nationale de Reims"},"image":{"@id":"https:\/\/academie-nationale-reims.fr\/#\/schema\/logo\/image\/"}}]}},"_links":{"self":[{"href":"https:\/\/academie-nationale-reims.fr\/index.php\/wp-json\/wp\/v2\/pages\/428"}],"collection":[{"href":"https:\/\/academie-nationale-reims.fr\/index.php\/wp-json\/wp\/v2\/pages"}],"about":[{"href":"https:\/\/academie-nationale-reims.fr\/index.php\/wp-json\/wp\/v2\/types\/page"}],"author":[{"embeddable":true,"href":"https:\/\/academie-nationale-reims.fr\/index.php\/wp-json\/wp\/v2\/users\/1"}],"replies":[{"embeddable":true,"href":"https:\/\/academie-nationale-reims.fr\/index.php\/wp-json\/wp\/v2\/comments?post=428"}],"version-history":[{"count":21,"href":"https:\/\/academie-nationale-reims.fr\/index.php\/wp-json\/wp\/v2\/pages\/428\/revisions"}],"predecessor-version":[{"id":2816,"href":"https:\/\/academie-nationale-reims.fr\/index.php\/wp-json\/wp\/v2\/pages\/428\/revisions\/2816"}],"up":[{"embeddable":true,"href":"https:\/\/academie-nationale-reims.fr\/index.php\/wp-json\/wp\/v2\/pages\/25"}],"wp:attachment":[{"href":"https:\/\/academie-nationale-reims.fr\/index.php\/wp-json\/wp\/v2\/media?parent=428"}],"curies":[{"name":"wp","href":"https:\/\/api.w.org\/{rel}","templated":true}]}}