{"id":432,"date":"2016-01-26T20:23:58","date_gmt":"2016-01-26T19:23:58","guid":{"rendered":"http:\/\/academie-nationale-reims.fr\/?page_id=432"},"modified":"2024-02-28T11:27:45","modified_gmt":"2024-02-28T10:27:45","slug":"les-secretaires-generaux","status":"publish","type":"page","link":"https:\/\/academie-nationale-reims.fr\/index.php\/presentation\/academiciens\/les-secretaires-generaux\/","title":{"rendered":"Les secr\u00e9taires g\u00e9n\u00e9raux"},"content":{"rendered":"<table width=\"750\">\n<tbody>\n<tr>\n<td style=\"width: 391.42px; text-align: center;\"><strong>1841\u00a0\u2013 Docteur Hector LANDOUZY<\/strong><\/td>\n<td style=\"width: 342.58px; text-align: center;\"><a href=\"http:\/\/academie-nationale-reims.fr\/wp-content\/uploads\/2015\/11\/LANDOUZY.pdf\">Notice sur M. le Docteur Landouzy.pdf<\/a><\/td>\n<\/tr>\n<tr>\n<td style=\"width: 391.42px; text-align: center;\"><strong>1846 \u2013 Monsieur Prosper TARB\u00c9<\/strong><\/td>\n<td style=\"width: 342.58px; text-align: center;\"><a href=\"http:\/\/academie-nationale-reims.fr\/wp-content\/uploads\/2015\/11\/TARBE.pdf\">Notice sur M. Prosper Tarb\u00e9.pdf<\/a><\/td>\n<\/tr>\n<tr>\n<td style=\"width: 391.42px; text-align: center;\"><strong>1847 \u2013 Abb\u00e9 Clair BANDEVILLE<\/strong><\/td>\n<td style=\"width: 342.58px; text-align: center;\"><a href=\"http:\/\/academie-nationale-reims.fr\/wp-content\/uploads\/2015\/11\/BANDEVILLE.pdf\">Notice sur M. l\u2019Abb\u00e9 Bandeville.pdf<\/a><\/td>\n<\/tr>\n<tr>\n<td style=\"width: 391.42px; text-align: center;\"><strong>1852 \u2013 Monseigneur Victor TOURNEUR<\/strong><\/td>\n<td style=\"width: 342.58px; text-align: center;\"><a href=\"http:\/\/academie-nationale-reims.fr\/wp-content\/uploads\/2015\/11\/TOURNEUR.pdf\">Notice sur Mgr Victor Tourneur.pdf<\/a><\/td>\n<\/tr>\n<tr>\n<td style=\"width: 391.42px; text-align: center;\"><strong>1855 \u2013 Monsieur Charles LORIQUET<\/strong><\/td>\n<td style=\"width: 342.58px; text-align: center;\"><a href=\"http:\/\/academie-nationale-reims.fr\/wp-content\/uploads\/2015\/11\/LORIQUET-1.pdf\">Notice sur M. Charles Loriquet.pdf<\/a><\/td>\n<\/tr>\n<tr>\n<td style=\"width: 391.42px; text-align: center;\"><strong>1858 \u2013 Monsieur Auguste LESEUR<\/strong><\/td>\n<td style=\"width: 342.58px; text-align: center;\"><a href=\"http:\/\/academie-nationale-reims.fr\/wp-content\/uploads\/2015\/11\/LESEUR.pdf\">Notice sur M. Charles Leseur .pdf<\/a><\/td>\n<\/tr>\n<tr>\n<td style=\"width: 391.42px; text-align: center;\"><strong>1860 \u2013 Monsieur Charles LORIQUET<\/strong><\/td>\n<td style=\"width: 342.58px; text-align: center;\"><a href=\"http:\/\/academie-nationale-reims.fr\/wp-content\/uploads\/2015\/11\/LORIQUET-1.pdf\">Notice sur M. Charles Loriquet.pdf<\/a><\/td>\n<\/tr>\n<tr>\n<td style=\"width: 391.42px; text-align: center;\"><strong>1882 \u2013 Monsieur Henri JADART<\/strong><\/td>\n<td style=\"width: 342.58px; text-align: center;\"><a href=\"http:\/\/academie-nationale-reims.fr\/wp-content\/uploads\/2015\/11\/JADART-1.pdf\">Notice sur M. Henri Jadart.pdf<\/a><\/td>\n<\/tr>\n<tr>\n<td style=\"width: 391.42px; text-align: center;\"><strong>1920 \u2013 Docteur Pol GOSSET<\/strong><\/td>\n<td style=\"width: 342.58px; text-align: center;\"><a href=\"http:\/\/academie-nationale-reims.fr\/wp-content\/uploads\/2015\/11\/GOSSET.pdf\">Notice sur M. Pol Gosset.pdf<\/a><\/td>\n<\/tr>\n<tr>\n<td style=\"width: 391.42px; text-align: center;\"><strong>1942 \u2013 Monsieur Charles SARAZIN<\/strong><\/td>\n<td style=\"width: 342.58px; text-align: center;\"><a href=\"http:\/\/academie-nationale-reims.fr\/wp-content\/uploads\/2015\/11\/SARAZIN.pdf\">Notice sur M. Charles Sarazin.pdf<\/a><\/td>\n<\/tr>\n<tr>\n<td style=\"width: 391.42px; text-align: center;\"><strong>1945 \u2013 Monsieur Ren\u00e9 DRUART<\/strong><\/td>\n<td style=\"width: 342.58px; text-align: center;\"><a href=\"http:\/\/academie-nationale-reims.fr\/wp-content\/uploads\/2015\/11\/DRUART-1.pdf\">Notice sur M. Ren\u00e9 Druart .pdf<\/a><\/td>\n<\/tr>\n<tr>\n<td style=\"width: 391.42px; text-align: center;\"><strong>1961 \u2013 Monsieur Joseph MARCHE<\/strong><br \/>\n<strong> Secr\u00e9taire g\u00e9n\u00e9ral adjoint<\/strong><\/td>\n<td style=\"width: 342.58px; text-align: center;\"><a href=\"http:\/\/academie-nationale-reims.fr\/wp-content\/uploads\/2015\/11\/MARCHE.pdf\">Notice sur M. Joseph Marche.pdf<\/a><\/td>\n<\/tr>\n<tr>\n<td style=\"width: 391.42px; text-align: center;\"><strong>1964 \u2013 Abb\u00e9 Jean SAINSAULIEU<\/strong><\/td>\n<td style=\"width: 342.58px; text-align: center;\"><a href=\"http:\/\/academie-nationale-reims.fr\/wp-content\/uploads\/2015\/11\/SAINSAULIEU.pdf\">Notice sur M. l\u2019Abb\u00e9 Sainsaulieu.pdf<\/a><\/td>\n<\/tr>\n<tr>\n<td style=\"width: 391.42px; text-align: center;\"><strong>1977 \u2013 Monsieur Patrick DEMOUY<\/strong><\/td>\n<td style=\"width: 342.58px; text-align: center;\"><\/td>\n<\/tr>\n<tr>\n<td style=\"width: 391.42px; text-align: center;\"><strong>2017 &#8211; Monsieur Dominique N\u00c9OUZE\u00a0<\/strong><\/td>\n<td style=\"width: 342.58px; text-align: center;\"><\/td>\n<\/tr>\n<\/tbody>\n<\/table>\n<p style=\"text-align: center;\">Liste en cours de v\u00e9rification<\/p>\n","protected":false},"excerpt":{"rendered":"<p>1841\u00a0\u2013 Docteur Hector LANDOUZY Notice sur M. le Docteur Landouzy.pdf 1846 \u2013 Monsieur Prosper TARB\u00c9 Notice sur M. Prosper Tarb\u00e9.pdf 1847 \u2013 Abb\u00e9 Clair BANDEVILLE Notice sur M. l\u2019Abb\u00e9 Bandeville.pdf 1852 \u2013 Monseigneur Victor TOURNEUR Notice sur Mgr Victor Tourneur.pdf 1855 \u2013 Monsieur Charles LORIQUET Notice sur M. Charles Loriquet.pdf 1858 \u2013 Monsieur Auguste LESEUR [&hellip;]<\/p>\n","protected":false},"author":1,"featured_media":0,"parent":32,"menu_order":9,"comment_status":"closed","ping_status":"closed","template":"","meta":{"_mi_skip_tracking":false},"yoast_head":"<!-- This site is optimized with the Yoast SEO plugin v20.4 - https:\/\/yoast.com\/wordpress\/plugins\/seo\/ -->\n<title>Les secr\u00e9taires g\u00e9n\u00e9raux - Acad\u00e9mie nationale de Reims<\/title>\n<meta name=\"robots\" content=\"index, follow, max-snippet:-1, max-image-preview:large, max-video-preview:-1\" \/>\n<link rel=\"canonical\" href=\"http:\/\/academie-nationale-reims.fr\/index.php\/presentation\/academiciens\/les-secretaires-generaux\/\" \/>\n<meta property=\"og:locale\" content=\"fr_FR\" \/>\n<meta property=\"og:type\" content=\"article\" \/>\n<meta property=\"og:title\" content=\"Les secr\u00e9taires g\u00e9n\u00e9raux - Acad\u00e9mie nationale de Reims\" \/>\n<meta property=\"og:description\" content=\"1841\u00a0\u2013 Docteur Hector LANDOUZY Notice sur M. le Docteur Landouzy.pdf 1846 \u2013 Monsieur Prosper TARB\u00c9 Notice sur M. Prosper Tarb\u00e9.pdf 1847 \u2013 Abb\u00e9 Clair BANDEVILLE Notice sur M. l\u2019Abb\u00e9 Bandeville.pdf 1852 \u2013 Monseigneur Victor TOURNEUR Notice sur Mgr Victor Tourneur.pdf 1855 \u2013 Monsieur Charles LORIQUET Notice sur M. Charles Loriquet.pdf 1858 \u2013 Monsieur Auguste LESEUR [&hellip;]\" \/>\n<meta property=\"og:url\" content=\"http:\/\/academie-nationale-reims.fr\/index.php\/presentation\/academiciens\/les-secretaires-generaux\/\" \/>\n<meta property=\"og:site_name\" content=\"Acad\u00e9mie nationale de Reims\" \/>\n<meta property=\"article:modified_time\" content=\"2024-02-28T10:27:45+00:00\" \/>\n<meta name=\"twitter:card\" content=\"summary_large_image\" \/>\n<meta name=\"twitter:label1\" content=\"Dur\u00e9e de lecture estim\u00e9e\" \/>\n\t<meta name=\"twitter:data1\" content=\"1 minute\" \/>\n<script type=\"application\/ld+json\" class=\"yoast-schema-graph\">{\"@context\":\"https:\/\/schema.org\",\"@graph\":[{\"@type\":\"WebPage\",\"@id\":\"http:\/\/academie-nationale-reims.fr\/index.php\/presentation\/academiciens\/les-secretaires-generaux\/\",\"url\":\"http:\/\/academie-nationale-reims.fr\/index.php\/presentation\/academiciens\/les-secretaires-generaux\/\",\"name\":\"Les secr\u00e9taires g\u00e9n\u00e9raux - Acad\u00e9mie nationale de Reims\",\"isPartOf\":{\"@id\":\"https:\/\/academie-nationale-reims.fr\/#website\"},\"datePublished\":\"2016-01-26T19:23:58+00:00\",\"dateModified\":\"2024-02-28T10:27:45+00:00\",\"breadcrumb\":{\"@id\":\"http:\/\/academie-nationale-reims.fr\/index.php\/presentation\/academiciens\/les-secretaires-generaux\/#breadcrumb\"},\"inLanguage\":\"fr-FR\",\"potentialAction\":[{\"@type\":\"ReadAction\",\"target\":[\"http:\/\/academie-nationale-reims.fr\/index.php\/presentation\/academiciens\/les-secretaires-generaux\/\"]}]},{\"@type\":\"BreadcrumbList\",\"@id\":\"http:\/\/academie-nationale-reims.fr\/index.php\/presentation\/academiciens\/les-secretaires-generaux\/#breadcrumb\",\"itemListElement\":[{\"@type\":\"ListItem\",\"position\":1,\"name\":\"Accueil\",\"item\":\"https:\/\/academie-nationale-reims.fr\/\"},{\"@type\":\"ListItem\",\"position\":2,\"name\":\"L&rsquo;Acad\u00e9mie\",\"item\":\"http:\/\/academie-nationale-reims.fr\/index.php\/presentation\/\"},{\"@type\":\"ListItem\",\"position\":3,\"name\":\"Acad\u00e9miciens\",\"item\":\"https:\/\/academie-nationale-reims.fr\/index.php\/presentation\/academiciens\/\"},{\"@type\":\"ListItem\",\"position\":4,\"name\":\"Les secr\u00e9taires g\u00e9n\u00e9raux\"}]},{\"@type\":\"WebSite\",\"@id\":\"https:\/\/academie-nationale-reims.fr\/#website\",\"url\":\"https:\/\/academie-nationale-reims.fr\/\",\"name\":\"Acad\u00e9mie nationale de Reims\",\"description\":\"Ce site est en cours d\u2019am\u00e9nagements\",\"publisher\":{\"@id\":\"https:\/\/academie-nationale-reims.fr\/#organization\"},\"potentialAction\":[{\"@type\":\"SearchAction\",\"target\":{\"@type\":\"EntryPoint\",\"urlTemplate\":\"https:\/\/academie-nationale-reims.fr\/?s={search_term_string}\"},\"query-input\":\"required name=search_term_string\"}],\"inLanguage\":\"fr-FR\"},{\"@type\":\"Organization\",\"@id\":\"https:\/\/academie-nationale-reims.fr\/#organization\",\"name\":\"Acad\u00e9mie nationale de Reims\",\"url\":\"https:\/\/academie-nationale-reims.fr\/\",\"logo\":{\"@type\":\"ImageObject\",\"inLanguage\":\"fr-FR\",\"@id\":\"https:\/\/academie-nationale-reims.fr\/#\/schema\/logo\/image\/\",\"url\":\"https:\/\/academie-nationale-reims.fr\/wp-content\/uploads\/2023\/03\/logo.png\",\"contentUrl\":\"https:\/\/academie-nationale-reims.fr\/wp-content\/uploads\/2023\/03\/logo.png\",\"width\":2038,\"height\":426,\"caption\":\"Acad\u00e9mie nationale de Reims\"},\"image\":{\"@id\":\"https:\/\/academie-nationale-reims.fr\/#\/schema\/logo\/image\/\"}}]}<\/script>\n<!-- \/ Yoast SEO plugin. -->","yoast_head_json":{"title":"Les secr\u00e9taires g\u00e9n\u00e9raux - Acad\u00e9mie nationale de Reims","robots":{"index":"index","follow":"follow","max-snippet":"max-snippet:-1","max-image-preview":"max-image-preview:large","max-video-preview":"max-video-preview:-1"},"canonical":"http:\/\/academie-nationale-reims.fr\/index.php\/presentation\/academiciens\/les-secretaires-generaux\/","og_locale":"fr_FR","og_type":"article","og_title":"Les secr\u00e9taires g\u00e9n\u00e9raux - Acad\u00e9mie nationale de Reims","og_description":"1841\u00a0\u2013 Docteur Hector LANDOUZY Notice sur M. le Docteur Landouzy.pdf 1846 \u2013 Monsieur Prosper TARB\u00c9 Notice sur M. Prosper Tarb\u00e9.pdf 1847 \u2013 Abb\u00e9 Clair BANDEVILLE Notice sur M. l\u2019Abb\u00e9 Bandeville.pdf 1852 \u2013 Monseigneur Victor TOURNEUR Notice sur Mgr Victor Tourneur.pdf 1855 \u2013 Monsieur Charles LORIQUET Notice sur M. Charles Loriquet.pdf 1858 \u2013 Monsieur Auguste LESEUR [&hellip;]","og_url":"http:\/\/academie-nationale-reims.fr\/index.php\/presentation\/academiciens\/les-secretaires-generaux\/","og_site_name":"Acad\u00e9mie nationale de Reims","article_modified_time":"2024-02-28T10:27:45+00:00","twitter_card":"summary_large_image","twitter_misc":{"Dur\u00e9e de lecture estim\u00e9e":"1 minute"},"schema":{"@context":"https:\/\/schema.org","@graph":[{"@type":"WebPage","@id":"http:\/\/academie-nationale-reims.fr\/index.php\/presentation\/academiciens\/les-secretaires-generaux\/","url":"http:\/\/academie-nationale-reims.fr\/index.php\/presentation\/academiciens\/les-secretaires-generaux\/","name":"Les secr\u00e9taires g\u00e9n\u00e9raux - Acad\u00e9mie nationale de Reims","isPartOf":{"@id":"https:\/\/academie-nationale-reims.fr\/#website"},"datePublished":"2016-01-26T19:23:58+00:00","dateModified":"2024-02-28T10:27:45+00:00","breadcrumb":{"@id":"http:\/\/academie-nationale-reims.fr\/index.php\/presentation\/academiciens\/les-secretaires-generaux\/#breadcrumb"},"inLanguage":"fr-FR","potentialAction":[{"@type":"ReadAction","target":["http:\/\/academie-nationale-reims.fr\/index.php\/presentation\/academiciens\/les-secretaires-generaux\/"]}]},{"@type":"BreadcrumbList","@id":"http:\/\/academie-nationale-reims.fr\/index.php\/presentation\/academiciens\/les-secretaires-generaux\/#breadcrumb","itemListElement":[{"@type":"ListItem","position":1,"name":"Accueil","item":"https:\/\/academie-nationale-reims.fr\/"},{"@type":"ListItem","position":2,"name":"L&rsquo;Acad\u00e9mie","item":"http:\/\/academie-nationale-reims.fr\/index.php\/presentation\/"},{"@type":"ListItem","position":3,"name":"Acad\u00e9miciens","item":"https:\/\/academie-nationale-reims.fr\/index.php\/presentation\/academiciens\/"},{"@type":"ListItem","position":4,"name":"Les secr\u00e9taires g\u00e9n\u00e9raux"}]},{"@type":"WebSite","@id":"https:\/\/academie-nationale-reims.fr\/#website","url":"https:\/\/academie-nationale-reims.fr\/","name":"Acad\u00e9mie nationale de Reims","description":"Ce site est en cours d\u2019am\u00e9nagements","publisher":{"@id":"https:\/\/academie-nationale-reims.fr\/#organization"},"potentialAction":[{"@type":"SearchAction","target":{"@type":"EntryPoint","urlTemplate":"https:\/\/academie-nationale-reims.fr\/?s={search_term_string}"},"query-input":"required name=search_term_string"}],"inLanguage":"fr-FR"},{"@type":"Organization","@id":"https:\/\/academie-nationale-reims.fr\/#organization","name":"Acad\u00e9mie nationale de Reims","url":"https:\/\/academie-nationale-reims.fr\/","logo":{"@type":"ImageObject","inLanguage":"fr-FR","@id":"https:\/\/academie-nationale-reims.fr\/#\/schema\/logo\/image\/","url":"https:\/\/academie-nationale-reims.fr\/wp-content\/uploads\/2023\/03\/logo.png","contentUrl":"https:\/\/academie-nationale-reims.fr\/wp-content\/uploads\/2023\/03\/logo.png","width":2038,"height":426,"caption":"Acad\u00e9mie nationale de Reims"},"image":{"@id":"https:\/\/academie-nationale-reims.fr\/#\/schema\/logo\/image\/"}}]}},"_links":{"self":[{"href":"https:\/\/academie-nationale-reims.fr\/index.php\/wp-json\/wp\/v2\/pages\/432"}],"collection":[{"href":"https:\/\/academie-nationale-reims.fr\/index.php\/wp-json\/wp\/v2\/pages"}],"about":[{"href":"https:\/\/academie-nationale-reims.fr\/index.php\/wp-json\/wp\/v2\/types\/page"}],"author":[{"embeddable":true,"href":"https:\/\/academie-nationale-reims.fr\/index.php\/wp-json\/wp\/v2\/users\/1"}],"replies":[{"embeddable":true,"href":"https:\/\/academie-nationale-reims.fr\/index.php\/wp-json\/wp\/v2\/comments?post=432"}],"version-history":[{"count":26,"href":"https:\/\/academie-nationale-reims.fr\/index.php\/wp-json\/wp\/v2\/pages\/432\/revisions"}],"predecessor-version":[{"id":1455,"href":"https:\/\/academie-nationale-reims.fr\/index.php\/wp-json\/wp\/v2\/pages\/432\/revisions\/1455"}],"up":[{"embeddable":true,"href":"https:\/\/academie-nationale-reims.fr\/index.php\/wp-json\/wp\/v2\/pages\/32"}],"wp:attachment":[{"href":"https:\/\/academie-nationale-reims.fr\/index.php\/wp-json\/wp\/v2\/media?parent=432"}],"curies":[{"name":"wp","href":"https:\/\/api.w.org\/{rel}","templated":true}]}}