{"id":56,"date":"2015-09-12T12:00:17","date_gmt":"2015-09-12T12:00:17","guid":{"rendered":"http:\/\/anr2-1.nanopikz.com\/?page_id=56"},"modified":"2022-12-14T16:55:52","modified_gmt":"2022-12-14T15:55:52","slug":"prix-hubert-claisse","status":"publish","type":"page","link":"https:\/\/academie-nationale-reims.fr\/index.php\/activites\/prix-decernes\/prix-hubert-claisse\/","title":{"rendered":"Prix Hubert Claisse"},"content":{"rendered":"<figure id=\"attachment_288\" aria-describedby=\"caption-attachment-288\" style=\"width: 371px\" class=\"wp-caption aligncenter\"><a href=\"http:\/\/academie-nationale-reims.fr\/wp-content\/uploads\/2015\/11\/hubert-Claisse-1.jpg\"><img decoding=\"async\" loading=\"lazy\" class=\"size-full wp-image-288\" src=\"http:\/\/academie-nationale-reims.fr\/wp-content\/uploads\/2015\/11\/hubert-Claisse-1.jpg\" alt=\"Photos journal\" width=\"371\" height=\"391\" srcset=\"https:\/\/academie-nationale-reims.fr\/wp-content\/uploads\/2015\/11\/hubert-Claisse-1.jpg 371w, https:\/\/academie-nationale-reims.fr\/wp-content\/uploads\/2015\/11\/hubert-Claisse-1-285x300.jpg 285w\" sizes=\"(max-width: 371px) 100vw, 371px\" \/><\/a><figcaption id=\"caption-attachment-288\" class=\"wp-caption-text\">Hubert Claisse<\/figcaption><\/figure>\n<p style=\"text-align: center;\">L\u2019Acad\u00e9mie nationale de Reims d\u00e9cerne \u00a0le\u00a0\u201cPrix Claisse\u201d d\u2019une valeur de 1500 \u20ac.<\/p>\n<p style=\"text-align: justify;\">Ce prix couronne \u00ab\u00a0un ouvrage ou le travail d\u2019un \u00e9tudiant inscrit en facult\u00e9 \u00e0 Reims,<br \/>concernant l\u2019histoire de la ville ou de ses environs et touchant les domaines les plus vari\u00e9s : politique, \u00e9conomique, social, religieux, judiciaire, litt\u00e9raire, scientifique ou artistique.\u00a0\u00bb<\/p>\n<p style=\"text-align: justify;\">Cette \u0153uvre devra pr\u00e9senter une qualit\u00e9 reconnue\u00a0; elle pourra rev\u00eatir la forme d\u2019un ouvrage de librairie, d\u2019une th\u00e8se ou d\u2019un m\u00e9moire universitaire.<\/p>\n<p style=\"text-align: justify;\">Les candidatures seront examin\u00e9es par la Commission des Prix de l\u2019Acad\u00e9mie Nationale de Reims.<\/p>\n<p style=\"text-align: justify;\">Ce Prix Hubert Claisse sera remis par le Pr\u00e9sident de l\u2019Acad\u00e9mie Nationale de Reims, lors de la s\u00e9ance publique annuelle de d\u00e9cembre.<\/p>\n<p style=\"text-align: justify;\">Les \u00e9tudiants des Facult\u00e9s de Reims int\u00e9ress\u00e9s \u00e0 concourir sont invit\u00e9s \u00e0 d\u00e9poser leur candidature, accompagn\u00e9e d\u2019un curriculum vitae et d\u2019une copie de leur th\u00e8se, m\u00e9moire ou publication, au secr\u00e9tariat de l\u2019Acad\u00e9mie, 17 rue du Jard \u00e0 Reims, avant le 30 septembre.<\/p>\n<p style=\"text-align: center;\"><strong>Laur\u00e9ats du Prix Claisse :<\/strong><\/p>\n<p style=\"text-align: left;\"><a href=\"http:\/\/academie-nationale-reims.fr\/wp-content\/uploads\/2015\/09\/prix-Claisse-2011.pdf\">2011 &#8211; Aur\u00e9lien NOUVION<\/a>\u00a0:\u00a0\u00ab La vigne et le vin de l&rsquo;abbaye Saint-Remi du IXe au XVIe si\u00e8cle \u00bb<\/p>\n<p style=\"text-align: left;\"><a href=\"http:\/\/academie-nationale-reims.fr\/wp-content\/uploads\/2015\/09\/Prix-Claisse-2012.pdf\">2012 &#8211; Laure BAILLY<\/a>\u00a0:\u00a0\u00a0\u00ab La repr\u00e9sentation des instruments de musique dans le programme iconographique de la cath\u00e9drale de Reims \u00bb<\/p>\n<p>2016 &#8211; Ana\u00efs BERTRAND : \u00ab Les Maisons de champagne r\u00e9moises pendant la Grande Guerre \u00bb<\/p>\n<p>2017 &#8211; Antony DUSSART : \u00ab Ernest Bugg, un monarchiste r\u00e9mois face \u00e0 la R\u00e9publique (1886-1889). Le patriotisme, un horizon id\u00e9ologique \u00bb<\/p>\n<p style=\"text-align: left;\"><a href=\"http:\/\/academie-nationale-reims.fr\/wp-content\/uploads\/2015\/09\/2018-Romain-MASURE.pdf\">2018 &#8211; Romain MASURE<\/a> : \u00ab <em>Ensemble s\u2019il pla\u00eet \u00e0 Dieu. <\/em>Construire l\u2019alt\u00e9rit\u00e9 et la pluralit\u00e9 en religion\u00a0: l\u2019exemple de l\u2019Eglise r\u00e9form\u00e9e de Reims \u00e0 l\u2019\u00e9poque contemporaine (1833-1933) \u00bb<\/p>\n<p><a href=\"http:\/\/academie-nationale-reims.fr\/wp-content\/uploads\/2019\/12\/2019-Pauline-MOURE.pdf\">2019 &#8211; Pauline MOURE<\/a> : \u00ab L\u2019image de Clovis dans le royaume de France entre 1200 et 1500 \u00bb<\/p>\n<p><a href=\"http:\/\/academie-nationale-reims.fr\/wp-content\/uploads\/2022\/01\/Remise-prix-a-Marine-LE-BOURHIS-1.jpg\">2020 &#8211; Marine LE BOURHIS<\/a> : \u00ab La vie quotidienne \u00e0 Reims \u00e0 la Lib\u00e9ration (1944-1949) \u00bb<\/p>\n<p><a href=\"http:\/\/academie-nationale-reims.fr\/wp-content\/uploads\/2022\/01\/Diplome-Prix-H.-Claisse-2021-Maxime-DENIS.pdf\">2021 &#8211; Maxime DENIS<\/a> : \u00ab <a href=\"http:\/\/academie-nationale-reims.fr\/wp-content\/uploads\/2022\/01\/DENIS-M.-Memoire.jpg\">La Justice des mairies de la Couture et de Venise \u00e0 Reims (1391-1398)<\/a> \u00bb<\/p>\n<p style=\"text-align: left;\"><a href=\"http:\/\/academie-nationale-reims.fr\/wp-content\/uploads\/2022\/12\/Diplo\u0302me-Marie-Savoldelli-2022.pdf\">2022 &#8211; Marie SAVOLDELLI<\/a> : \u00ab <a href=\"http:\/\/academie-nationale-reims.fr\/wp-content\/uploads\/2022\/12\/DSC05140-scaled.jpg\">Master 1 (2019-2020) &#8211; \u00ab Jacques-Paul Simon dit Simon-Reims (1890-1974) : un peintre-verrier, chef d\u2019entreprise r\u00e9mois, aux salons et aux expositions parisiennes et internationales<\/a> \u00bb et <a href=\"http:\/\/academie-nationale-reims.fr\/wp-content\/uploads\/2022\/12\/DSC05233-scaled.jpg\">Master 2 (2020-2021) : \u00ab Les vitraux de l\u2019atelier Jacques Simon \u00e0 Reims pendant l\u2019entre-deux guerres (1919-1939) \u00bb<\/a> \u00bb\u00a0<\/p>\n\n","protected":false},"excerpt":{"rendered":"<p>L\u2019Acad\u00e9mie nationale de Reims d\u00e9cerne \u00a0le\u00a0\u201cPrix Claisse\u201d d\u2019une valeur de 1500 \u20ac. Ce prix couronne \u00ab\u00a0un ouvrage ou le travail d\u2019un \u00e9tudiant inscrit en facult\u00e9 \u00e0 Reims,concernant l\u2019histoire de la ville ou de ses environs et touchant les domaines les plus vari\u00e9s : politique, \u00e9conomique, social, religieux, judiciaire, litt\u00e9raire, scientifique ou artistique.\u00a0\u00bb Cette \u0153uvre devra [&hellip;]<\/p>\n","protected":false},"author":1,"featured_media":0,"parent":54,"menu_order":1,"comment_status":"closed","ping_status":"closed","template":"","meta":{"_mi_skip_tracking":false},"yoast_head":"<!-- This site is optimized with the Yoast SEO plugin v20.4 - https:\/\/yoast.com\/wordpress\/plugins\/seo\/ -->\n<title>Prix Hubert Claisse - Acad\u00e9mie nationale de Reims<\/title>\n<meta name=\"robots\" content=\"index, follow, max-snippet:-1, max-image-preview:large, max-video-preview:-1\" \/>\n<link rel=\"canonical\" href=\"https:\/\/academie-nationale-reims.fr\/index.php\/activites\/prix-decernes\/prix-hubert-claisse\/\" \/>\n<meta property=\"og:locale\" content=\"fr_FR\" \/>\n<meta property=\"og:type\" content=\"article\" \/>\n<meta property=\"og:title\" content=\"Prix Hubert Claisse - Acad\u00e9mie nationale de Reims\" \/>\n<meta property=\"og:description\" content=\"L\u2019Acad\u00e9mie nationale de Reims d\u00e9cerne \u00a0le\u00a0\u201cPrix Claisse\u201d d\u2019une valeur de 1500 \u20ac. Ce prix couronne \u00ab\u00a0un ouvrage ou le travail d\u2019un \u00e9tudiant inscrit en facult\u00e9 \u00e0 Reims,concernant l\u2019histoire de la ville ou de ses environs et touchant les domaines les plus vari\u00e9s : politique, \u00e9conomique, social, religieux, judiciaire, litt\u00e9raire, scientifique ou artistique.\u00a0\u00bb Cette \u0153uvre devra [&hellip;]\" \/>\n<meta property=\"og:url\" content=\"https:\/\/academie-nationale-reims.fr\/index.php\/activites\/prix-decernes\/prix-hubert-claisse\/\" \/>\n<meta property=\"og:site_name\" content=\"Acad\u00e9mie nationale de Reims\" \/>\n<meta property=\"article:modified_time\" content=\"2022-12-14T15:55:52+00:00\" \/>\n<meta property=\"og:image\" content=\"http:\/\/academie-nationale-reims.fr\/wp-content\/uploads\/2015\/11\/hubert-Claisse-1.jpg\" \/>\n<meta name=\"twitter:card\" content=\"summary_large_image\" \/>\n<meta name=\"twitter:label1\" content=\"Dur\u00e9e de lecture estim\u00e9e\" \/>\n\t<meta name=\"twitter:data1\" content=\"2 minutes\" \/>\n<script type=\"application\/ld+json\" class=\"yoast-schema-graph\">{\"@context\":\"https:\/\/schema.org\",\"@graph\":[{\"@type\":\"WebPage\",\"@id\":\"https:\/\/academie-nationale-reims.fr\/index.php\/activites\/prix-decernes\/prix-hubert-claisse\/\",\"url\":\"https:\/\/academie-nationale-reims.fr\/index.php\/activites\/prix-decernes\/prix-hubert-claisse\/\",\"name\":\"Prix Hubert Claisse - Acad\u00e9mie nationale de Reims\",\"isPartOf\":{\"@id\":\"https:\/\/academie-nationale-reims.fr\/#website\"},\"datePublished\":\"2015-09-12T12:00:17+00:00\",\"dateModified\":\"2022-12-14T15:55:52+00:00\",\"breadcrumb\":{\"@id\":\"https:\/\/academie-nationale-reims.fr\/index.php\/activites\/prix-decernes\/prix-hubert-claisse\/#breadcrumb\"},\"inLanguage\":\"fr-FR\",\"potentialAction\":[{\"@type\":\"ReadAction\",\"target\":[\"https:\/\/academie-nationale-reims.fr\/index.php\/activites\/prix-decernes\/prix-hubert-claisse\/\"]}]},{\"@type\":\"BreadcrumbList\",\"@id\":\"https:\/\/academie-nationale-reims.fr\/index.php\/activites\/prix-decernes\/prix-hubert-claisse\/#breadcrumb\",\"itemListElement\":[{\"@type\":\"ListItem\",\"position\":1,\"name\":\"Accueil\",\"item\":\"https:\/\/academie-nationale-reims.fr\/\"},{\"@type\":\"ListItem\",\"position\":2,\"name\":\"Activit\u00e9s\",\"item\":\"https:\/\/academie-nationale-reims.fr\/index.php\/activites\/\"},{\"@type\":\"ListItem\",\"position\":3,\"name\":\"Prix d\u00e9cern\u00e9s\",\"item\":\"https:\/\/academie-nationale-reims.fr\/index.php\/activites\/prix-decernes\/\"},{\"@type\":\"ListItem\",\"position\":4,\"name\":\"Prix Hubert Claisse\"}]},{\"@type\":\"WebSite\",\"@id\":\"https:\/\/academie-nationale-reims.fr\/#website\",\"url\":\"https:\/\/academie-nationale-reims.fr\/\",\"name\":\"Acad\u00e9mie nationale de Reims\",\"description\":\"Ce site est en cours d\u2019am\u00e9nagements\",\"publisher\":{\"@id\":\"https:\/\/academie-nationale-reims.fr\/#organization\"},\"potentialAction\":[{\"@type\":\"SearchAction\",\"target\":{\"@type\":\"EntryPoint\",\"urlTemplate\":\"https:\/\/academie-nationale-reims.fr\/?s={search_term_string}\"},\"query-input\":\"required name=search_term_string\"}],\"inLanguage\":\"fr-FR\"},{\"@type\":\"Organization\",\"@id\":\"https:\/\/academie-nationale-reims.fr\/#organization\",\"name\":\"Acad\u00e9mie nationale de Reims\",\"url\":\"https:\/\/academie-nationale-reims.fr\/\",\"logo\":{\"@type\":\"ImageObject\",\"inLanguage\":\"fr-FR\",\"@id\":\"https:\/\/academie-nationale-reims.fr\/#\/schema\/logo\/image\/\",\"url\":\"https:\/\/academie-nationale-reims.fr\/wp-content\/uploads\/2023\/03\/logo.png\",\"contentUrl\":\"https:\/\/academie-nationale-reims.fr\/wp-content\/uploads\/2023\/03\/logo.png\",\"width\":2038,\"height\":426,\"caption\":\"Acad\u00e9mie nationale de Reims\"},\"image\":{\"@id\":\"https:\/\/academie-nationale-reims.fr\/#\/schema\/logo\/image\/\"}}]}<\/script>\n<!-- \/ Yoast SEO plugin. -->","yoast_head_json":{"title":"Prix Hubert Claisse - Acad\u00e9mie nationale de Reims","robots":{"index":"index","follow":"follow","max-snippet":"max-snippet:-1","max-image-preview":"max-image-preview:large","max-video-preview":"max-video-preview:-1"},"canonical":"https:\/\/academie-nationale-reims.fr\/index.php\/activites\/prix-decernes\/prix-hubert-claisse\/","og_locale":"fr_FR","og_type":"article","og_title":"Prix Hubert Claisse - Acad\u00e9mie nationale de Reims","og_description":"L\u2019Acad\u00e9mie nationale de Reims d\u00e9cerne \u00a0le\u00a0\u201cPrix Claisse\u201d d\u2019une valeur de 1500 \u20ac. Ce prix couronne \u00ab\u00a0un ouvrage ou le travail d\u2019un \u00e9tudiant inscrit en facult\u00e9 \u00e0 Reims,concernant l\u2019histoire de la ville ou de ses environs et touchant les domaines les plus vari\u00e9s : politique, \u00e9conomique, social, religieux, judiciaire, litt\u00e9raire, scientifique ou artistique.\u00a0\u00bb Cette \u0153uvre devra [&hellip;]","og_url":"https:\/\/academie-nationale-reims.fr\/index.php\/activites\/prix-decernes\/prix-hubert-claisse\/","og_site_name":"Acad\u00e9mie nationale de Reims","article_modified_time":"2022-12-14T15:55:52+00:00","og_image":[{"url":"http:\/\/academie-nationale-reims.fr\/wp-content\/uploads\/2015\/11\/hubert-Claisse-1.jpg"}],"twitter_card":"summary_large_image","twitter_misc":{"Dur\u00e9e de lecture estim\u00e9e":"2 minutes"},"schema":{"@context":"https:\/\/schema.org","@graph":[{"@type":"WebPage","@id":"https:\/\/academie-nationale-reims.fr\/index.php\/activites\/prix-decernes\/prix-hubert-claisse\/","url":"https:\/\/academie-nationale-reims.fr\/index.php\/activites\/prix-decernes\/prix-hubert-claisse\/","name":"Prix Hubert Claisse - Acad\u00e9mie nationale de Reims","isPartOf":{"@id":"https:\/\/academie-nationale-reims.fr\/#website"},"datePublished":"2015-09-12T12:00:17+00:00","dateModified":"2022-12-14T15:55:52+00:00","breadcrumb":{"@id":"https:\/\/academie-nationale-reims.fr\/index.php\/activites\/prix-decernes\/prix-hubert-claisse\/#breadcrumb"},"inLanguage":"fr-FR","potentialAction":[{"@type":"ReadAction","target":["https:\/\/academie-nationale-reims.fr\/index.php\/activites\/prix-decernes\/prix-hubert-claisse\/"]}]},{"@type":"BreadcrumbList","@id":"https:\/\/academie-nationale-reims.fr\/index.php\/activites\/prix-decernes\/prix-hubert-claisse\/#breadcrumb","itemListElement":[{"@type":"ListItem","position":1,"name":"Accueil","item":"https:\/\/academie-nationale-reims.fr\/"},{"@type":"ListItem","position":2,"name":"Activit\u00e9s","item":"https:\/\/academie-nationale-reims.fr\/index.php\/activites\/"},{"@type":"ListItem","position":3,"name":"Prix d\u00e9cern\u00e9s","item":"https:\/\/academie-nationale-reims.fr\/index.php\/activites\/prix-decernes\/"},{"@type":"ListItem","position":4,"name":"Prix Hubert Claisse"}]},{"@type":"WebSite","@id":"https:\/\/academie-nationale-reims.fr\/#website","url":"https:\/\/academie-nationale-reims.fr\/","name":"Acad\u00e9mie nationale de Reims","description":"Ce site est en cours d\u2019am\u00e9nagements","publisher":{"@id":"https:\/\/academie-nationale-reims.fr\/#organization"},"potentialAction":[{"@type":"SearchAction","target":{"@type":"EntryPoint","urlTemplate":"https:\/\/academie-nationale-reims.fr\/?s={search_term_string}"},"query-input":"required name=search_term_string"}],"inLanguage":"fr-FR"},{"@type":"Organization","@id":"https:\/\/academie-nationale-reims.fr\/#organization","name":"Acad\u00e9mie nationale de Reims","url":"https:\/\/academie-nationale-reims.fr\/","logo":{"@type":"ImageObject","inLanguage":"fr-FR","@id":"https:\/\/academie-nationale-reims.fr\/#\/schema\/logo\/image\/","url":"https:\/\/academie-nationale-reims.fr\/wp-content\/uploads\/2023\/03\/logo.png","contentUrl":"https:\/\/academie-nationale-reims.fr\/wp-content\/uploads\/2023\/03\/logo.png","width":2038,"height":426,"caption":"Acad\u00e9mie nationale de Reims"},"image":{"@id":"https:\/\/academie-nationale-reims.fr\/#\/schema\/logo\/image\/"}}]}},"_links":{"self":[{"href":"https:\/\/academie-nationale-reims.fr\/index.php\/wp-json\/wp\/v2\/pages\/56"}],"collection":[{"href":"https:\/\/academie-nationale-reims.fr\/index.php\/wp-json\/wp\/v2\/pages"}],"about":[{"href":"https:\/\/academie-nationale-reims.fr\/index.php\/wp-json\/wp\/v2\/types\/page"}],"author":[{"embeddable":true,"href":"https:\/\/academie-nationale-reims.fr\/index.php\/wp-json\/wp\/v2\/users\/1"}],"replies":[{"embeddable":true,"href":"https:\/\/academie-nationale-reims.fr\/index.php\/wp-json\/wp\/v2\/comments?post=56"}],"version-history":[{"count":24,"href":"https:\/\/academie-nationale-reims.fr\/index.php\/wp-json\/wp\/v2\/pages\/56\/revisions"}],"predecessor-version":[{"id":2129,"href":"https:\/\/academie-nationale-reims.fr\/index.php\/wp-json\/wp\/v2\/pages\/56\/revisions\/2129"}],"up":[{"embeddable":true,"href":"https:\/\/academie-nationale-reims.fr\/index.php\/wp-json\/wp\/v2\/pages\/54"}],"wp:attachment":[{"href":"https:\/\/academie-nationale-reims.fr\/index.php\/wp-json\/wp\/v2\/media?parent=56"}],"curies":[{"name":"wp","href":"https:\/\/api.w.org\/{rel}","templated":true}]}}