{"id":62,"date":"2015-09-12T12:01:26","date_gmt":"2015-09-12T12:01:26","guid":{"rendered":"http:\/\/anr2-1.nanopikz.com\/?page_id=62"},"modified":"2024-11-23T10:54:48","modified_gmt":"2024-11-23T09:54:48","slug":"travaux","status":"publish","type":"page","link":"https:\/\/academie-nationale-reims.fr\/index.php\/publications\/travaux\/","title":{"rendered":"Travaux"},"content":{"rendered":"<p>Depuis 1843, les <em>Annales de l\u2019Acad\u00e9mie de Reims <\/em>(leur premi\u00e8re appellation), devenues les <em>Travaux de l\u2019Acad\u00e9mie de Reims<\/em> forment une collection de 187 volumes dont le contenu comble les \u00e9tudiants, les chercheurs, les amateurs curieux de l\u2019histoire et de la culture de leur r\u00e9gion.<\/p>\n<p>La publication des sources historiques locales et de documents in\u00e9dits reste la pr\u00e9occupation majeure de l\u2019Acad\u00e9mie. Outre les p\u00e9riodes de guerres, l\u2019absence de ressources financi\u00e8res suffisantes a pu, de temps \u00e0 autres, causer une interruption\u00a0qui n\u2019a jamais \u00e9t\u00e9 tr\u00e8s longue.<\/p>\n<p>Un volume, en principe annuel, rassemble les textes des communications faites en s\u00e9ances par les membres ou par des chercheurs qui souhaitent b\u00e9n\u00e9ficier d\u2019une publication et qui r\u00e9servent alors la primeur de leurs travaux \u00e0 l\u2019Acad\u00e9mie. Les communications, ainsi que les autres textes publi\u00e9s, sont donc toujours des in\u00e9dits. Une Commission des publications d\u00e9lib\u00e8re de la constitution des volumes et de la qualit\u00e9 des textes \u00e0 retenir.<\/p>\n<p>Ind\u00e9pendamment des communications r\u00e9guli\u00e8res qui sont rassembl\u00e9es dans des volumes de <em>M\u00e9langes<\/em>, et selon les moyens financiers disponibles, l\u2019Acad\u00e9mie publie dans ses <em>Travaux<\/em> des sources d\u2019histoire locale demeur\u00e9es in\u00e9dites et susceptibles d\u2019int\u00e9resser les chercheurs. Ainsi, ont \u00e9t\u00e9 r\u00e9cemment publi\u00e9s :<\/p>\n<ul>\n<li>Le manuscrit de la <em>Description \u00e9tymologique et topographique de Rheims en 1822<\/em> d\u2019Etienne Povillon-Pierard (<em>Travaux<\/em> 166 et 167, 1987-1988)<\/li>\n<li>L&rsquo;\u00e9dition critique du <em>Registre de D\u00e9lib\u00e9rations du Conseil de Ville de Reims (1422-1436) (<em>Travaux<\/em> <\/em>169<em>, 1990)<\/em><\/li>\n<li>Le <em>Journal de la Guerre (1914-1918)<\/em> du Cardinal Lu\u00e7on (<em>Travaux<\/em> 173, 1998)<\/li>\n<li>Les actes des journ\u00e9es d\u2019\u00e9tudes universitaires de 2005 consacr\u00e9es au manuscrit 15 de la Biblioth\u00e8que de Reims, le Psautier du pr\u00e9v\u00f4t Odalric\u00a0(XI<sup>\u00e8me<\/sup> si\u00e8cle) (<em>Travaux<\/em> 182, 2015)<\/li>\n<li>Les actes de la journ\u00e9e d&rsquo;\u00e9tudes sur les sacres des rois \u00e0 Reims du 4 novembre 2017 qui constituent le <a href=\"http:\/\/academie-nationale-reims.fr\/index.php\/2020\/03\/07\/tar-hs-n-1\/\">hors-s\u00e9rie n\u00b01<\/a> des <em>Travaux<\/em><\/li>\n<li>La table g\u00e9n\u00e9rale alphab\u00e9tique et analytique (Ann\u00e9es 1990-2019) (<em>Travaux<\/em> 187, 2019)<\/li>\n<\/ul>\n<p>Tout membre titulaire ou associ\u00e9, \u00e0 jour de sa contribution annuelle, re\u00e7oit le volume correspondant.<\/p>\n<p>Les membres invit\u00e9s, les institutions et les particuliers peuvent se les procurer en nous <a href=\"http:\/\/academie-nationale-reims.fr\/index.php\/contact\/\">contactant<\/a>. De nombreux <a href=\"http:\/\/academie-nationale-reims.fr\/index.php\/publications\/vente-au-n\/\">volumes <\/a>\u00a0sont disponibles.<\/p>\n<p><span style=\"text-decoration: underline;\"><strong>Particuli\u00e8rement signal\u00e9s :\u00a0<\/strong><\/span><\/p>\n<ul>\n<li>Reims Histoire Arch\u00e9ologie a mis en ligne des informations sur le <a href=\"https:\/\/www.reims-histoire-archeologie.com\/des-nouvelles-fraiches-du-rha-2\/\">tennis-club de Reims<\/a>,<br \/>dont l\u2019<a href=\"https:\/\/tcreims.com\/wp-content\/uploads\/2020\/10\/WEB-VALETTE-HENRION-Tennis-Club-de-Reims-10-DN-JJV-DN-modifie.pdf\">article\u00a0<\/a>de Christophe HENRION et Jean-Jacques VALETTE publi\u00e9 dans le volume 188 des <em>Travaux de l\u2019Acad\u00e9mie.<\/em><\/li>\n<li>Reims Histoire Arch\u00e9ologie a mis en ligne l&rsquo;article de Robert NEISS : <em>\u00ab\u00a0Christianisme \u00a0et urbanisme \u00e0 Reims dans l&rsquo;antiquit\u00e9 tardive (IIIe-VIIe si\u00e8cles)\u00a0\u00bb<\/em>, publi\u00e9 dans le volume 190 des <em>Travaux de l&rsquo;Acad\u00e9mie<\/em>. suivre le lien :\u00a0<a href=\"https:\/\/www.reims-histoire-archeologie.com\/christianisme-et-urbanisme-a-reims-dans-lantiquite-tardive-iiie-viie-siecles\/\">https:\/\/www.reims-histoire-archeologie.com\/christianisme-et-urbanisme-a-reims-dans-lantiquite-tardive-iiie-viie-siecles\/<\/a><\/li>\n<\/ul>\n\n","protected":false},"excerpt":{"rendered":"<p>Depuis 1843, les Annales de l\u2019Acad\u00e9mie de Reims (leur premi\u00e8re appellation), devenues les Travaux de l\u2019Acad\u00e9mie de Reims forment une collection de 187 volumes dont le contenu comble les \u00e9tudiants, les chercheurs, les amateurs curieux de l\u2019histoire et de la culture de leur r\u00e9gion. La publication des sources historiques locales et de documents in\u00e9dits reste [&hellip;]<\/p>\n","protected":false},"author":1,"featured_media":0,"parent":17,"menu_order":2,"comment_status":"closed","ping_status":"closed","template":"","meta":{"_mi_skip_tracking":false},"yoast_head":"<!-- This site is optimized with the Yoast SEO plugin v20.4 - https:\/\/yoast.com\/wordpress\/plugins\/seo\/ -->\n<title>Travaux - Acad\u00e9mie nationale de Reims<\/title>\n<meta name=\"robots\" content=\"index, follow, max-snippet:-1, max-image-preview:large, max-video-preview:-1\" \/>\n<link rel=\"canonical\" href=\"http:\/\/academie-nationale-reims.fr\/index.php\/publications\/travaux\/\" \/>\n<meta property=\"og:locale\" content=\"fr_FR\" \/>\n<meta property=\"og:type\" content=\"article\" \/>\n<meta property=\"og:title\" content=\"Travaux - Acad\u00e9mie nationale de Reims\" \/>\n<meta property=\"og:description\" content=\"Depuis 1843, les Annales de l\u2019Acad\u00e9mie de Reims (leur premi\u00e8re appellation), devenues les Travaux de l\u2019Acad\u00e9mie de Reims forment une collection de 187 volumes dont le contenu comble les \u00e9tudiants, les chercheurs, les amateurs curieux de l\u2019histoire et de la culture de leur r\u00e9gion. La publication des sources historiques locales et de documents in\u00e9dits reste [&hellip;]\" \/>\n<meta property=\"og:url\" content=\"http:\/\/academie-nationale-reims.fr\/index.php\/publications\/travaux\/\" \/>\n<meta property=\"og:site_name\" content=\"Acad\u00e9mie nationale de Reims\" \/>\n<meta property=\"article:modified_time\" content=\"2024-11-23T09:54:48+00:00\" \/>\n<meta name=\"twitter:card\" content=\"summary_large_image\" \/>\n<meta name=\"twitter:label1\" content=\"Dur\u00e9e de lecture estim\u00e9e\" \/>\n\t<meta name=\"twitter:data1\" content=\"3 minutes\" \/>\n<script type=\"application\/ld+json\" class=\"yoast-schema-graph\">{\"@context\":\"https:\/\/schema.org\",\"@graph\":[{\"@type\":\"WebPage\",\"@id\":\"http:\/\/academie-nationale-reims.fr\/index.php\/publications\/travaux\/\",\"url\":\"http:\/\/academie-nationale-reims.fr\/index.php\/publications\/travaux\/\",\"name\":\"Travaux - Acad\u00e9mie nationale de Reims\",\"isPartOf\":{\"@id\":\"https:\/\/academie-nationale-reims.fr\/#website\"},\"datePublished\":\"2015-09-12T12:01:26+00:00\",\"dateModified\":\"2024-11-23T09:54:48+00:00\",\"breadcrumb\":{\"@id\":\"http:\/\/academie-nationale-reims.fr\/index.php\/publications\/travaux\/#breadcrumb\"},\"inLanguage\":\"fr-FR\",\"potentialAction\":[{\"@type\":\"ReadAction\",\"target\":[\"http:\/\/academie-nationale-reims.fr\/index.php\/publications\/travaux\/\"]}]},{\"@type\":\"BreadcrumbList\",\"@id\":\"http:\/\/academie-nationale-reims.fr\/index.php\/publications\/travaux\/#breadcrumb\",\"itemListElement\":[{\"@type\":\"ListItem\",\"position\":1,\"name\":\"Accueil\",\"item\":\"https:\/\/academie-nationale-reims.fr\/\"},{\"@type\":\"ListItem\",\"position\":2,\"name\":\"Publications\",\"item\":\"http:\/\/academie-nationale-reims.fr\/index.php\/publications\/\"},{\"@type\":\"ListItem\",\"position\":3,\"name\":\"Travaux\"}]},{\"@type\":\"WebSite\",\"@id\":\"https:\/\/academie-nationale-reims.fr\/#website\",\"url\":\"https:\/\/academie-nationale-reims.fr\/\",\"name\":\"Acad\u00e9mie nationale de Reims\",\"description\":\"Ce site est en cours d\u2019am\u00e9nagements\",\"publisher\":{\"@id\":\"https:\/\/academie-nationale-reims.fr\/#organization\"},\"potentialAction\":[{\"@type\":\"SearchAction\",\"target\":{\"@type\":\"EntryPoint\",\"urlTemplate\":\"https:\/\/academie-nationale-reims.fr\/?s={search_term_string}\"},\"query-input\":\"required name=search_term_string\"}],\"inLanguage\":\"fr-FR\"},{\"@type\":\"Organization\",\"@id\":\"https:\/\/academie-nationale-reims.fr\/#organization\",\"name\":\"Acad\u00e9mie nationale de Reims\",\"url\":\"https:\/\/academie-nationale-reims.fr\/\",\"logo\":{\"@type\":\"ImageObject\",\"inLanguage\":\"fr-FR\",\"@id\":\"https:\/\/academie-nationale-reims.fr\/#\/schema\/logo\/image\/\",\"url\":\"https:\/\/academie-nationale-reims.fr\/wp-content\/uploads\/2023\/03\/logo.png\",\"contentUrl\":\"https:\/\/academie-nationale-reims.fr\/wp-content\/uploads\/2023\/03\/logo.png\",\"width\":2038,\"height\":426,\"caption\":\"Acad\u00e9mie nationale de Reims\"},\"image\":{\"@id\":\"https:\/\/academie-nationale-reims.fr\/#\/schema\/logo\/image\/\"}}]}<\/script>\n<!-- \/ Yoast SEO plugin. -->","yoast_head_json":{"title":"Travaux - Acad\u00e9mie nationale de Reims","robots":{"index":"index","follow":"follow","max-snippet":"max-snippet:-1","max-image-preview":"max-image-preview:large","max-video-preview":"max-video-preview:-1"},"canonical":"http:\/\/academie-nationale-reims.fr\/index.php\/publications\/travaux\/","og_locale":"fr_FR","og_type":"article","og_title":"Travaux - Acad\u00e9mie nationale de Reims","og_description":"Depuis 1843, les Annales de l\u2019Acad\u00e9mie de Reims (leur premi\u00e8re appellation), devenues les Travaux de l\u2019Acad\u00e9mie de Reims forment une collection de 187 volumes dont le contenu comble les \u00e9tudiants, les chercheurs, les amateurs curieux de l\u2019histoire et de la culture de leur r\u00e9gion. La publication des sources historiques locales et de documents in\u00e9dits reste [&hellip;]","og_url":"http:\/\/academie-nationale-reims.fr\/index.php\/publications\/travaux\/","og_site_name":"Acad\u00e9mie nationale de Reims","article_modified_time":"2024-11-23T09:54:48+00:00","twitter_card":"summary_large_image","twitter_misc":{"Dur\u00e9e de lecture estim\u00e9e":"3 minutes"},"schema":{"@context":"https:\/\/schema.org","@graph":[{"@type":"WebPage","@id":"http:\/\/academie-nationale-reims.fr\/index.php\/publications\/travaux\/","url":"http:\/\/academie-nationale-reims.fr\/index.php\/publications\/travaux\/","name":"Travaux - Acad\u00e9mie nationale de Reims","isPartOf":{"@id":"https:\/\/academie-nationale-reims.fr\/#website"},"datePublished":"2015-09-12T12:01:26+00:00","dateModified":"2024-11-23T09:54:48+00:00","breadcrumb":{"@id":"http:\/\/academie-nationale-reims.fr\/index.php\/publications\/travaux\/#breadcrumb"},"inLanguage":"fr-FR","potentialAction":[{"@type":"ReadAction","target":["http:\/\/academie-nationale-reims.fr\/index.php\/publications\/travaux\/"]}]},{"@type":"BreadcrumbList","@id":"http:\/\/academie-nationale-reims.fr\/index.php\/publications\/travaux\/#breadcrumb","itemListElement":[{"@type":"ListItem","position":1,"name":"Accueil","item":"https:\/\/academie-nationale-reims.fr\/"},{"@type":"ListItem","position":2,"name":"Publications","item":"http:\/\/academie-nationale-reims.fr\/index.php\/publications\/"},{"@type":"ListItem","position":3,"name":"Travaux"}]},{"@type":"WebSite","@id":"https:\/\/academie-nationale-reims.fr\/#website","url":"https:\/\/academie-nationale-reims.fr\/","name":"Acad\u00e9mie nationale de Reims","description":"Ce site est en cours d\u2019am\u00e9nagements","publisher":{"@id":"https:\/\/academie-nationale-reims.fr\/#organization"},"potentialAction":[{"@type":"SearchAction","target":{"@type":"EntryPoint","urlTemplate":"https:\/\/academie-nationale-reims.fr\/?s={search_term_string}"},"query-input":"required name=search_term_string"}],"inLanguage":"fr-FR"},{"@type":"Organization","@id":"https:\/\/academie-nationale-reims.fr\/#organization","name":"Acad\u00e9mie nationale de Reims","url":"https:\/\/academie-nationale-reims.fr\/","logo":{"@type":"ImageObject","inLanguage":"fr-FR","@id":"https:\/\/academie-nationale-reims.fr\/#\/schema\/logo\/image\/","url":"https:\/\/academie-nationale-reims.fr\/wp-content\/uploads\/2023\/03\/logo.png","contentUrl":"https:\/\/academie-nationale-reims.fr\/wp-content\/uploads\/2023\/03\/logo.png","width":2038,"height":426,"caption":"Acad\u00e9mie nationale de Reims"},"image":{"@id":"https:\/\/academie-nationale-reims.fr\/#\/schema\/logo\/image\/"}}]}},"_links":{"self":[{"href":"https:\/\/academie-nationale-reims.fr\/index.php\/wp-json\/wp\/v2\/pages\/62"}],"collection":[{"href":"https:\/\/academie-nationale-reims.fr\/index.php\/wp-json\/wp\/v2\/pages"}],"about":[{"href":"https:\/\/academie-nationale-reims.fr\/index.php\/wp-json\/wp\/v2\/types\/page"}],"author":[{"embeddable":true,"href":"https:\/\/academie-nationale-reims.fr\/index.php\/wp-json\/wp\/v2\/users\/1"}],"replies":[{"embeddable":true,"href":"https:\/\/academie-nationale-reims.fr\/index.php\/wp-json\/wp\/v2\/comments?post=62"}],"version-history":[{"count":37,"href":"https:\/\/academie-nationale-reims.fr\/index.php\/wp-json\/wp\/v2\/pages\/62\/revisions"}],"predecessor-version":[{"id":2791,"href":"https:\/\/academie-nationale-reims.fr\/index.php\/wp-json\/wp\/v2\/pages\/62\/revisions\/2791"}],"up":[{"embeddable":true,"href":"https:\/\/academie-nationale-reims.fr\/index.php\/wp-json\/wp\/v2\/pages\/17"}],"wp:attachment":[{"href":"https:\/\/academie-nationale-reims.fr\/index.php\/wp-json\/wp\/v2\/media?parent=62"}],"curies":[{"name":"wp","href":"https:\/\/api.w.org\/{rel}","templated":true}]}}