{"id":628,"date":"2016-02-07T18:07:52","date_gmt":"2016-02-07T17:07:52","guid":{"rendered":"http:\/\/academie-nationale-reims.fr\/?page_id=628"},"modified":"2016-02-07T18:20:46","modified_gmt":"2016-02-07T17:20:46","slug":"medailles-de-lacademie-nationale-de-reims","status":"publish","type":"page","link":"https:\/\/academie-nationale-reims.fr\/index.php\/activites\/medailles\/medailles-de-lacademie-nationale-de-reims\/","title":{"rendered":"M\u00e9dailles de l&rsquo;Acad\u00e9mie nationale de Reims"},"content":{"rendered":"<p><a href=\"http:\/\/academie-nationale-reims.fr\/wp-content\/uploads\/2015\/11\/M\u00e9dailles-de-lAcad\u00e9mie-Nationale-de-Reims-1.png\"><img decoding=\"async\" loading=\"lazy\" class=\"size-full wp-image-192 aligncenter\" src=\"http:\/\/academie-nationale-reims.fr\/wp-content\/uploads\/2015\/11\/M\u00e9dailles-de-lAcad\u00e9mie-Nationale-de-Reims-1.png\" alt=\"M\u00e9dailles de lAcad\u00e9mie Nationale de Reims\" width=\"515\" height=\"250\" srcset=\"https:\/\/academie-nationale-reims.fr\/wp-content\/uploads\/2015\/11\/M\u00e9dailles-de-lAcad\u00e9mie-Nationale-de-Reims-1.png 515w, https:\/\/academie-nationale-reims.fr\/wp-content\/uploads\/2015\/11\/M\u00e9dailles-de-lAcad\u00e9mie-Nationale-de-Reims-1-300x146.png 300w\" sizes=\"(max-width: 515px) 100vw, 515px\" \/><\/a><\/p>\n<p style=\"text-align: center;\">A gauche, m\u00e9daille de bronze contemporaine, couleur or, diam\u00e8tre 50 mm, \u00e9paisseur 4 mm, poids 72 g.<br \/>\nFrapp\u00e9e par la Monnaie de Paris,<br \/>\nGraveur : G. P. Paris,<br \/>\nd&rsquo;apr\u00e8s le mod\u00e8le \u00e0 droite, de m\u00eame description<\/p>\n","protected":false},"excerpt":{"rendered":"<p>A gauche, m\u00e9daille de bronze contemporaine, couleur or, diam\u00e8tre 50 mm, \u00e9paisseur 4 mm, poids 72 g. Frapp\u00e9e par la Monnaie de Paris, Graveur : G. P. Paris, d&rsquo;apr\u00e8s le mod\u00e8le \u00e0 droite, de m\u00eame description<\/p>\n","protected":false},"author":1,"featured_media":0,"parent":496,"menu_order":2,"comment_status":"closed","ping_status":"closed","template":"","meta":{"_mi_skip_tracking":false},"yoast_head":"<!-- This site is optimized with the Yoast SEO plugin v20.4 - https:\/\/yoast.com\/wordpress\/plugins\/seo\/ -->\n<title>M\u00e9dailles de l&#039;Acad\u00e9mie nationale de Reims - Acad\u00e9mie nationale de Reims<\/title>\n<meta name=\"robots\" content=\"index, follow, max-snippet:-1, max-image-preview:large, max-video-preview:-1\" \/>\n<link rel=\"canonical\" href=\"https:\/\/academie-nationale-reims.fr\/index.php\/activites\/medailles\/medailles-de-lacademie-nationale-de-reims\/\" \/>\n<meta property=\"og:locale\" content=\"fr_FR\" \/>\n<meta property=\"og:type\" content=\"article\" \/>\n<meta property=\"og:title\" content=\"M\u00e9dailles de l&#039;Acad\u00e9mie nationale de Reims - Acad\u00e9mie nationale de Reims\" \/>\n<meta property=\"og:description\" content=\"A gauche, m\u00e9daille de bronze contemporaine, couleur or, diam\u00e8tre 50 mm, \u00e9paisseur 4 mm, poids 72 g. Frapp\u00e9e par la Monnaie de Paris, Graveur : G. P. Paris, d&rsquo;apr\u00e8s le mod\u00e8le \u00e0 droite, de m\u00eame description\" \/>\n<meta property=\"og:url\" content=\"https:\/\/academie-nationale-reims.fr\/index.php\/activites\/medailles\/medailles-de-lacademie-nationale-de-reims\/\" \/>\n<meta property=\"og:site_name\" content=\"Acad\u00e9mie nationale de Reims\" \/>\n<meta property=\"article:modified_time\" content=\"2016-02-07T17:20:46+00:00\" \/>\n<meta name=\"twitter:card\" content=\"summary_large_image\" \/>\n<script type=\"application\/ld+json\" class=\"yoast-schema-graph\">{\"@context\":\"https:\/\/schema.org\",\"@graph\":[{\"@type\":\"WebPage\",\"@id\":\"https:\/\/academie-nationale-reims.fr\/index.php\/activites\/medailles\/medailles-de-lacademie-nationale-de-reims\/\",\"url\":\"https:\/\/academie-nationale-reims.fr\/index.php\/activites\/medailles\/medailles-de-lacademie-nationale-de-reims\/\",\"name\":\"M\u00e9dailles de l'Acad\u00e9mie nationale de Reims - Acad\u00e9mie nationale de Reims\",\"isPartOf\":{\"@id\":\"https:\/\/academie-nationale-reims.fr\/#website\"},\"datePublished\":\"2016-02-07T17:07:52+00:00\",\"dateModified\":\"2016-02-07T17:20:46+00:00\",\"breadcrumb\":{\"@id\":\"https:\/\/academie-nationale-reims.fr\/index.php\/activites\/medailles\/medailles-de-lacademie-nationale-de-reims\/#breadcrumb\"},\"inLanguage\":\"fr-FR\",\"potentialAction\":[{\"@type\":\"ReadAction\",\"target\":[\"https:\/\/academie-nationale-reims.fr\/index.php\/activites\/medailles\/medailles-de-lacademie-nationale-de-reims\/\"]}]},{\"@type\":\"BreadcrumbList\",\"@id\":\"https:\/\/academie-nationale-reims.fr\/index.php\/activites\/medailles\/medailles-de-lacademie-nationale-de-reims\/#breadcrumb\",\"itemListElement\":[{\"@type\":\"ListItem\",\"position\":1,\"name\":\"Accueil\",\"item\":\"https:\/\/academie-nationale-reims.fr\/\"},{\"@type\":\"ListItem\",\"position\":2,\"name\":\"Activit\u00e9s\",\"item\":\"https:\/\/academie-nationale-reims.fr\/index.php\/activites\/\"},{\"@type\":\"ListItem\",\"position\":3,\"name\":\"M\u00e9dailles\",\"item\":\"https:\/\/academie-nationale-reims.fr\/index.php\/activites\/medailles\/\"},{\"@type\":\"ListItem\",\"position\":4,\"name\":\"M\u00e9dailles de l&rsquo;Acad\u00e9mie nationale de Reims\"}]},{\"@type\":\"WebSite\",\"@id\":\"https:\/\/academie-nationale-reims.fr\/#website\",\"url\":\"https:\/\/academie-nationale-reims.fr\/\",\"name\":\"Acad\u00e9mie nationale de Reims\",\"description\":\"Ce site est en cours d\u2019am\u00e9nagements\",\"publisher\":{\"@id\":\"https:\/\/academie-nationale-reims.fr\/#organization\"},\"potentialAction\":[{\"@type\":\"SearchAction\",\"target\":{\"@type\":\"EntryPoint\",\"urlTemplate\":\"https:\/\/academie-nationale-reims.fr\/?s={search_term_string}\"},\"query-input\":\"required name=search_term_string\"}],\"inLanguage\":\"fr-FR\"},{\"@type\":\"Organization\",\"@id\":\"https:\/\/academie-nationale-reims.fr\/#organization\",\"name\":\"Acad\u00e9mie nationale de Reims\",\"url\":\"https:\/\/academie-nationale-reims.fr\/\",\"logo\":{\"@type\":\"ImageObject\",\"inLanguage\":\"fr-FR\",\"@id\":\"https:\/\/academie-nationale-reims.fr\/#\/schema\/logo\/image\/\",\"url\":\"https:\/\/academie-nationale-reims.fr\/wp-content\/uploads\/2023\/03\/logo.png\",\"contentUrl\":\"https:\/\/academie-nationale-reims.fr\/wp-content\/uploads\/2023\/03\/logo.png\",\"width\":2038,\"height\":426,\"caption\":\"Acad\u00e9mie nationale de Reims\"},\"image\":{\"@id\":\"https:\/\/academie-nationale-reims.fr\/#\/schema\/logo\/image\/\"}}]}<\/script>\n<!-- \/ Yoast SEO plugin. -->","yoast_head_json":{"title":"M\u00e9dailles de l'Acad\u00e9mie nationale de Reims - Acad\u00e9mie nationale de Reims","robots":{"index":"index","follow":"follow","max-snippet":"max-snippet:-1","max-image-preview":"max-image-preview:large","max-video-preview":"max-video-preview:-1"},"canonical":"https:\/\/academie-nationale-reims.fr\/index.php\/activites\/medailles\/medailles-de-lacademie-nationale-de-reims\/","og_locale":"fr_FR","og_type":"article","og_title":"M\u00e9dailles de l'Acad\u00e9mie nationale de Reims - Acad\u00e9mie nationale de Reims","og_description":"A gauche, m\u00e9daille de bronze contemporaine, couleur or, diam\u00e8tre 50 mm, \u00e9paisseur 4 mm, poids 72 g. Frapp\u00e9e par la Monnaie de Paris, Graveur : G. P. Paris, d&rsquo;apr\u00e8s le mod\u00e8le \u00e0 droite, de m\u00eame description","og_url":"https:\/\/academie-nationale-reims.fr\/index.php\/activites\/medailles\/medailles-de-lacademie-nationale-de-reims\/","og_site_name":"Acad\u00e9mie nationale de Reims","article_modified_time":"2016-02-07T17:20:46+00:00","twitter_card":"summary_large_image","schema":{"@context":"https:\/\/schema.org","@graph":[{"@type":"WebPage","@id":"https:\/\/academie-nationale-reims.fr\/index.php\/activites\/medailles\/medailles-de-lacademie-nationale-de-reims\/","url":"https:\/\/academie-nationale-reims.fr\/index.php\/activites\/medailles\/medailles-de-lacademie-nationale-de-reims\/","name":"M\u00e9dailles de l'Acad\u00e9mie nationale de Reims - Acad\u00e9mie nationale de Reims","isPartOf":{"@id":"https:\/\/academie-nationale-reims.fr\/#website"},"datePublished":"2016-02-07T17:07:52+00:00","dateModified":"2016-02-07T17:20:46+00:00","breadcrumb":{"@id":"https:\/\/academie-nationale-reims.fr\/index.php\/activites\/medailles\/medailles-de-lacademie-nationale-de-reims\/#breadcrumb"},"inLanguage":"fr-FR","potentialAction":[{"@type":"ReadAction","target":["https:\/\/academie-nationale-reims.fr\/index.php\/activites\/medailles\/medailles-de-lacademie-nationale-de-reims\/"]}]},{"@type":"BreadcrumbList","@id":"https:\/\/academie-nationale-reims.fr\/index.php\/activites\/medailles\/medailles-de-lacademie-nationale-de-reims\/#breadcrumb","itemListElement":[{"@type":"ListItem","position":1,"name":"Accueil","item":"https:\/\/academie-nationale-reims.fr\/"},{"@type":"ListItem","position":2,"name":"Activit\u00e9s","item":"https:\/\/academie-nationale-reims.fr\/index.php\/activites\/"},{"@type":"ListItem","position":3,"name":"M\u00e9dailles","item":"https:\/\/academie-nationale-reims.fr\/index.php\/activites\/medailles\/"},{"@type":"ListItem","position":4,"name":"M\u00e9dailles de l&rsquo;Acad\u00e9mie nationale de Reims"}]},{"@type":"WebSite","@id":"https:\/\/academie-nationale-reims.fr\/#website","url":"https:\/\/academie-nationale-reims.fr\/","name":"Acad\u00e9mie nationale de Reims","description":"Ce site est en cours d\u2019am\u00e9nagements","publisher":{"@id":"https:\/\/academie-nationale-reims.fr\/#organization"},"potentialAction":[{"@type":"SearchAction","target":{"@type":"EntryPoint","urlTemplate":"https:\/\/academie-nationale-reims.fr\/?s={search_term_string}"},"query-input":"required name=search_term_string"}],"inLanguage":"fr-FR"},{"@type":"Organization","@id":"https:\/\/academie-nationale-reims.fr\/#organization","name":"Acad\u00e9mie nationale de Reims","url":"https:\/\/academie-nationale-reims.fr\/","logo":{"@type":"ImageObject","inLanguage":"fr-FR","@id":"https:\/\/academie-nationale-reims.fr\/#\/schema\/logo\/image\/","url":"https:\/\/academie-nationale-reims.fr\/wp-content\/uploads\/2023\/03\/logo.png","contentUrl":"https:\/\/academie-nationale-reims.fr\/wp-content\/uploads\/2023\/03\/logo.png","width":2038,"height":426,"caption":"Acad\u00e9mie nationale de Reims"},"image":{"@id":"https:\/\/academie-nationale-reims.fr\/#\/schema\/logo\/image\/"}}]}},"_links":{"self":[{"href":"https:\/\/academie-nationale-reims.fr\/index.php\/wp-json\/wp\/v2\/pages\/628"}],"collection":[{"href":"https:\/\/academie-nationale-reims.fr\/index.php\/wp-json\/wp\/v2\/pages"}],"about":[{"href":"https:\/\/academie-nationale-reims.fr\/index.php\/wp-json\/wp\/v2\/types\/page"}],"author":[{"embeddable":true,"href":"https:\/\/academie-nationale-reims.fr\/index.php\/wp-json\/wp\/v2\/users\/1"}],"replies":[{"embeddable":true,"href":"https:\/\/academie-nationale-reims.fr\/index.php\/wp-json\/wp\/v2\/comments?post=628"}],"version-history":[{"count":6,"href":"https:\/\/academie-nationale-reims.fr\/index.php\/wp-json\/wp\/v2\/pages\/628\/revisions"}],"predecessor-version":[{"id":650,"href":"https:\/\/academie-nationale-reims.fr\/index.php\/wp-json\/wp\/v2\/pages\/628\/revisions\/650"}],"up":[{"embeddable":true,"href":"https:\/\/academie-nationale-reims.fr\/index.php\/wp-json\/wp\/v2\/pages\/496"}],"wp:attachment":[{"href":"https:\/\/academie-nationale-reims.fr\/index.php\/wp-json\/wp\/v2\/media?parent=628"}],"curies":[{"name":"wp","href":"https:\/\/api.w.org\/{rel}","templated":true}]}}