{"id":633,"date":"2016-02-07T18:11:25","date_gmt":"2016-02-07T17:11:25","guid":{"rendered":"http:\/\/academie-nationale-reims.fr\/?page_id=633"},"modified":"2016-02-07T18:21:42","modified_gmt":"2016-02-07T17:21:42","slug":"medaille-de-lexposition-universelle-de-1900","status":"publish","type":"page","link":"https:\/\/academie-nationale-reims.fr\/index.php\/activites\/medailles\/medaille-de-lexposition-universelle-de-1900\/","title":{"rendered":"M\u00e9daille de l&rsquo;Exposition universelle de 1900"},"content":{"rendered":"<p><a href=\"http:\/\/academie-nationale-reims.fr\/wp-content\/uploads\/2015\/11\/M\u00e9daille-Exposition-1900-1.png\"><img decoding=\"async\" loading=\"lazy\" class=\"size-full wp-image-189 aligncenter\" src=\"http:\/\/academie-nationale-reims.fr\/wp-content\/uploads\/2015\/11\/M\u00e9daille-Exposition-1900-1.png\" alt=\"M\u00e9daille Exposition 1900\" width=\"529\" height=\"257\" srcset=\"https:\/\/academie-nationale-reims.fr\/wp-content\/uploads\/2015\/11\/M\u00e9daille-Exposition-1900-1.png 529w, https:\/\/academie-nationale-reims.fr\/wp-content\/uploads\/2015\/11\/M\u00e9daille-Exposition-1900-1-300x146.png 300w\" sizes=\"(max-width: 529px) 100vw, 529px\" \/><\/a><\/p>\n<p style=\"text-align: center;\">M\u00e9daille de bronze \u00e9dit\u00e9e par l&rsquo;Acad\u00e9mie<br \/>\npour l&rsquo;Exposition universelle de Paris en 1900.<br \/>\nGraveur : J. C. Chaplain<br \/>\ndiam\u00e8tre : 64 mm., \u00e9paisseur : 4 mm., poids : 95 g.<\/p>\n","protected":false},"excerpt":{"rendered":"<p>M\u00e9daille de bronze \u00e9dit\u00e9e par l&rsquo;Acad\u00e9mie pour l&rsquo;Exposition universelle de Paris en 1900. Graveur : J. C. Chaplain diam\u00e8tre : 64 mm., \u00e9paisseur : 4 mm., poids : 95 g.<\/p>\n","protected":false},"author":1,"featured_media":0,"parent":496,"menu_order":3,"comment_status":"closed","ping_status":"closed","template":"","meta":{"_mi_skip_tracking":false},"yoast_head":"<!-- This site is optimized with the Yoast SEO plugin v20.4 - https:\/\/yoast.com\/wordpress\/plugins\/seo\/ -->\n<title>M\u00e9daille de l&#039;Exposition universelle de 1900 - Acad\u00e9mie nationale de Reims<\/title>\n<meta name=\"robots\" content=\"index, follow, max-snippet:-1, max-image-preview:large, max-video-preview:-1\" \/>\n<link rel=\"canonical\" href=\"http:\/\/academie-nationale-reims.fr\/index.php\/activites\/medailles\/medaille-de-lexposition-universelle-de-1900\/\" \/>\n<meta property=\"og:locale\" content=\"fr_FR\" \/>\n<meta property=\"og:type\" content=\"article\" \/>\n<meta property=\"og:title\" content=\"M\u00e9daille de l&#039;Exposition universelle de 1900 - Acad\u00e9mie nationale de Reims\" \/>\n<meta property=\"og:description\" content=\"M\u00e9daille de bronze \u00e9dit\u00e9e par l&rsquo;Acad\u00e9mie pour l&rsquo;Exposition universelle de Paris en 1900. Graveur : J. C. Chaplain diam\u00e8tre : 64 mm., \u00e9paisseur : 4 mm., poids : 95 g.\" \/>\n<meta property=\"og:url\" content=\"http:\/\/academie-nationale-reims.fr\/index.php\/activites\/medailles\/medaille-de-lexposition-universelle-de-1900\/\" \/>\n<meta property=\"og:site_name\" content=\"Acad\u00e9mie nationale de Reims\" \/>\n<meta property=\"article:modified_time\" content=\"2016-02-07T17:21:42+00:00\" \/>\n<meta name=\"twitter:card\" content=\"summary_large_image\" \/>\n<script type=\"application\/ld+json\" class=\"yoast-schema-graph\">{\"@context\":\"https:\/\/schema.org\",\"@graph\":[{\"@type\":\"WebPage\",\"@id\":\"http:\/\/academie-nationale-reims.fr\/index.php\/activites\/medailles\/medaille-de-lexposition-universelle-de-1900\/\",\"url\":\"http:\/\/academie-nationale-reims.fr\/index.php\/activites\/medailles\/medaille-de-lexposition-universelle-de-1900\/\",\"name\":\"M\u00e9daille de l'Exposition universelle de 1900 - Acad\u00e9mie nationale de Reims\",\"isPartOf\":{\"@id\":\"https:\/\/academie-nationale-reims.fr\/#website\"},\"datePublished\":\"2016-02-07T17:11:25+00:00\",\"dateModified\":\"2016-02-07T17:21:42+00:00\",\"breadcrumb\":{\"@id\":\"http:\/\/academie-nationale-reims.fr\/index.php\/activites\/medailles\/medaille-de-lexposition-universelle-de-1900\/#breadcrumb\"},\"inLanguage\":\"fr-FR\",\"potentialAction\":[{\"@type\":\"ReadAction\",\"target\":[\"http:\/\/academie-nationale-reims.fr\/index.php\/activites\/medailles\/medaille-de-lexposition-universelle-de-1900\/\"]}]},{\"@type\":\"BreadcrumbList\",\"@id\":\"http:\/\/academie-nationale-reims.fr\/index.php\/activites\/medailles\/medaille-de-lexposition-universelle-de-1900\/#breadcrumb\",\"itemListElement\":[{\"@type\":\"ListItem\",\"position\":1,\"name\":\"Accueil\",\"item\":\"https:\/\/academie-nationale-reims.fr\/\"},{\"@type\":\"ListItem\",\"position\":2,\"name\":\"Activit\u00e9s\",\"item\":\"https:\/\/academie-nationale-reims.fr\/index.php\/activites\/\"},{\"@type\":\"ListItem\",\"position\":3,\"name\":\"M\u00e9dailles\",\"item\":\"https:\/\/academie-nationale-reims.fr\/index.php\/activites\/medailles\/\"},{\"@type\":\"ListItem\",\"position\":4,\"name\":\"M\u00e9daille de l&rsquo;Exposition universelle de 1900\"}]},{\"@type\":\"WebSite\",\"@id\":\"https:\/\/academie-nationale-reims.fr\/#website\",\"url\":\"https:\/\/academie-nationale-reims.fr\/\",\"name\":\"Acad\u00e9mie nationale de Reims\",\"description\":\"Ce site est en cours d\u2019am\u00e9nagements\",\"publisher\":{\"@id\":\"https:\/\/academie-nationale-reims.fr\/#organization\"},\"potentialAction\":[{\"@type\":\"SearchAction\",\"target\":{\"@type\":\"EntryPoint\",\"urlTemplate\":\"https:\/\/academie-nationale-reims.fr\/?s={search_term_string}\"},\"query-input\":\"required name=search_term_string\"}],\"inLanguage\":\"fr-FR\"},{\"@type\":\"Organization\",\"@id\":\"https:\/\/academie-nationale-reims.fr\/#organization\",\"name\":\"Acad\u00e9mie nationale de Reims\",\"url\":\"https:\/\/academie-nationale-reims.fr\/\",\"logo\":{\"@type\":\"ImageObject\",\"inLanguage\":\"fr-FR\",\"@id\":\"https:\/\/academie-nationale-reims.fr\/#\/schema\/logo\/image\/\",\"url\":\"https:\/\/academie-nationale-reims.fr\/wp-content\/uploads\/2023\/03\/logo.png\",\"contentUrl\":\"https:\/\/academie-nationale-reims.fr\/wp-content\/uploads\/2023\/03\/logo.png\",\"width\":2038,\"height\":426,\"caption\":\"Acad\u00e9mie nationale de Reims\"},\"image\":{\"@id\":\"https:\/\/academie-nationale-reims.fr\/#\/schema\/logo\/image\/\"}}]}<\/script>\n<!-- \/ Yoast SEO plugin. -->","yoast_head_json":{"title":"M\u00e9daille de l'Exposition universelle de 1900 - Acad\u00e9mie nationale de Reims","robots":{"index":"index","follow":"follow","max-snippet":"max-snippet:-1","max-image-preview":"max-image-preview:large","max-video-preview":"max-video-preview:-1"},"canonical":"http:\/\/academie-nationale-reims.fr\/index.php\/activites\/medailles\/medaille-de-lexposition-universelle-de-1900\/","og_locale":"fr_FR","og_type":"article","og_title":"M\u00e9daille de l'Exposition universelle de 1900 - Acad\u00e9mie nationale de Reims","og_description":"M\u00e9daille de bronze \u00e9dit\u00e9e par l&rsquo;Acad\u00e9mie pour l&rsquo;Exposition universelle de Paris en 1900. Graveur : J. C. Chaplain diam\u00e8tre : 64 mm., \u00e9paisseur : 4 mm., poids : 95 g.","og_url":"http:\/\/academie-nationale-reims.fr\/index.php\/activites\/medailles\/medaille-de-lexposition-universelle-de-1900\/","og_site_name":"Acad\u00e9mie nationale de Reims","article_modified_time":"2016-02-07T17:21:42+00:00","twitter_card":"summary_large_image","schema":{"@context":"https:\/\/schema.org","@graph":[{"@type":"WebPage","@id":"http:\/\/academie-nationale-reims.fr\/index.php\/activites\/medailles\/medaille-de-lexposition-universelle-de-1900\/","url":"http:\/\/academie-nationale-reims.fr\/index.php\/activites\/medailles\/medaille-de-lexposition-universelle-de-1900\/","name":"M\u00e9daille de l'Exposition universelle de 1900 - Acad\u00e9mie nationale de Reims","isPartOf":{"@id":"https:\/\/academie-nationale-reims.fr\/#website"},"datePublished":"2016-02-07T17:11:25+00:00","dateModified":"2016-02-07T17:21:42+00:00","breadcrumb":{"@id":"http:\/\/academie-nationale-reims.fr\/index.php\/activites\/medailles\/medaille-de-lexposition-universelle-de-1900\/#breadcrumb"},"inLanguage":"fr-FR","potentialAction":[{"@type":"ReadAction","target":["http:\/\/academie-nationale-reims.fr\/index.php\/activites\/medailles\/medaille-de-lexposition-universelle-de-1900\/"]}]},{"@type":"BreadcrumbList","@id":"http:\/\/academie-nationale-reims.fr\/index.php\/activites\/medailles\/medaille-de-lexposition-universelle-de-1900\/#breadcrumb","itemListElement":[{"@type":"ListItem","position":1,"name":"Accueil","item":"https:\/\/academie-nationale-reims.fr\/"},{"@type":"ListItem","position":2,"name":"Activit\u00e9s","item":"https:\/\/academie-nationale-reims.fr\/index.php\/activites\/"},{"@type":"ListItem","position":3,"name":"M\u00e9dailles","item":"https:\/\/academie-nationale-reims.fr\/index.php\/activites\/medailles\/"},{"@type":"ListItem","position":4,"name":"M\u00e9daille de l&rsquo;Exposition universelle de 1900"}]},{"@type":"WebSite","@id":"https:\/\/academie-nationale-reims.fr\/#website","url":"https:\/\/academie-nationale-reims.fr\/","name":"Acad\u00e9mie nationale de Reims","description":"Ce site est en cours d\u2019am\u00e9nagements","publisher":{"@id":"https:\/\/academie-nationale-reims.fr\/#organization"},"potentialAction":[{"@type":"SearchAction","target":{"@type":"EntryPoint","urlTemplate":"https:\/\/academie-nationale-reims.fr\/?s={search_term_string}"},"query-input":"required name=search_term_string"}],"inLanguage":"fr-FR"},{"@type":"Organization","@id":"https:\/\/academie-nationale-reims.fr\/#organization","name":"Acad\u00e9mie nationale de Reims","url":"https:\/\/academie-nationale-reims.fr\/","logo":{"@type":"ImageObject","inLanguage":"fr-FR","@id":"https:\/\/academie-nationale-reims.fr\/#\/schema\/logo\/image\/","url":"https:\/\/academie-nationale-reims.fr\/wp-content\/uploads\/2023\/03\/logo.png","contentUrl":"https:\/\/academie-nationale-reims.fr\/wp-content\/uploads\/2023\/03\/logo.png","width":2038,"height":426,"caption":"Acad\u00e9mie nationale de Reims"},"image":{"@id":"https:\/\/academie-nationale-reims.fr\/#\/schema\/logo\/image\/"}}]}},"_links":{"self":[{"href":"https:\/\/academie-nationale-reims.fr\/index.php\/wp-json\/wp\/v2\/pages\/633"}],"collection":[{"href":"https:\/\/academie-nationale-reims.fr\/index.php\/wp-json\/wp\/v2\/pages"}],"about":[{"href":"https:\/\/academie-nationale-reims.fr\/index.php\/wp-json\/wp\/v2\/types\/page"}],"author":[{"embeddable":true,"href":"https:\/\/academie-nationale-reims.fr\/index.php\/wp-json\/wp\/v2\/users\/1"}],"replies":[{"embeddable":true,"href":"https:\/\/academie-nationale-reims.fr\/index.php\/wp-json\/wp\/v2\/comments?post=633"}],"version-history":[{"count":4,"href":"https:\/\/academie-nationale-reims.fr\/index.php\/wp-json\/wp\/v2\/pages\/633\/revisions"}],"predecessor-version":[{"id":651,"href":"https:\/\/academie-nationale-reims.fr\/index.php\/wp-json\/wp\/v2\/pages\/633\/revisions\/651"}],"up":[{"embeddable":true,"href":"https:\/\/academie-nationale-reims.fr\/index.php\/wp-json\/wp\/v2\/pages\/496"}],"wp:attachment":[{"href":"https:\/\/academie-nationale-reims.fr\/index.php\/wp-json\/wp\/v2\/media?parent=633"}],"curies":[{"name":"wp","href":"https:\/\/api.w.org\/{rel}","templated":true}]}}