{"id":638,"date":"2016-02-07T18:13:51","date_gmt":"2016-02-07T17:13:51","guid":{"rendered":"http:\/\/academie-nationale-reims.fr\/?page_id=638"},"modified":"2016-02-07T18:19:55","modified_gmt":"2016-02-07T17:19:55","slug":"medaille-du-150e-anniversaire","status":"publish","type":"page","link":"https:\/\/academie-nationale-reims.fr\/index.php\/activites\/medailles\/medaille-du-150e-anniversaire\/","title":{"rendered":"M\u00e9daille du 150e anniversaire"},"content":{"rendered":"<p><a href=\"http:\/\/academie-nationale-reims.fr\/wp-content\/uploads\/2015\/11\/Med150ansverso-1.png\"><img decoding=\"async\" loading=\"lazy\" class=\"size-full wp-image-195 aligncenter\" src=\"http:\/\/academie-nationale-reims.fr\/wp-content\/uploads\/2015\/11\/Med150ansverso-1.png\" alt=\"Med150ansverso\" width=\"710\" height=\"350\" srcset=\"https:\/\/academie-nationale-reims.fr\/wp-content\/uploads\/2015\/11\/Med150ansverso-1.png 710w, https:\/\/academie-nationale-reims.fr\/wp-content\/uploads\/2015\/11\/Med150ansverso-1-300x148.png 300w\" sizes=\"(max-width: 710px) 100vw, 710px\" \/><\/a><\/p>\n<p style=\"text-align: center;\">M\u00e9daille comm\u00e9morative \u00e9dit\u00e9e par l&rsquo;Acad\u00e9mie<br \/>\npour le 150e anniversaire de sa fondation (1841-1991)<br \/>\nFrapp\u00e9e dans les ateliers de la Monnaie de Paris<br \/>\nGraveur : J. C. Chaplain<br \/>\ndiam\u00e8tre : 50 mm., \u00e9paisseur : 4 mm., poids : 80 g.<\/p>\n","protected":false},"excerpt":{"rendered":"<p>M\u00e9daille comm\u00e9morative \u00e9dit\u00e9e par l&rsquo;Acad\u00e9mie pour le 150e anniversaire de sa fondation (1841-1991) Frapp\u00e9e dans les ateliers de la Monnaie de Paris Graveur : J. C. Chaplain diam\u00e8tre : 50 mm., \u00e9paisseur : 4 mm., poids : 80 g.<\/p>\n","protected":false},"author":1,"featured_media":0,"parent":496,"menu_order":4,"comment_status":"closed","ping_status":"closed","template":"","meta":{"_mi_skip_tracking":false},"yoast_head":"<!-- This site is optimized with the Yoast SEO plugin v20.4 - https:\/\/yoast.com\/wordpress\/plugins\/seo\/ -->\n<title>M\u00e9daille du 150e anniversaire - Acad\u00e9mie nationale de Reims<\/title>\n<meta name=\"robots\" content=\"index, follow, max-snippet:-1, max-image-preview:large, max-video-preview:-1\" \/>\n<link rel=\"canonical\" href=\"https:\/\/academie-nationale-reims.fr\/index.php\/activites\/medailles\/medaille-du-150e-anniversaire\/\" \/>\n<meta property=\"og:locale\" content=\"fr_FR\" \/>\n<meta property=\"og:type\" content=\"article\" \/>\n<meta property=\"og:title\" content=\"M\u00e9daille du 150e anniversaire - Acad\u00e9mie nationale de Reims\" \/>\n<meta property=\"og:description\" content=\"M\u00e9daille comm\u00e9morative \u00e9dit\u00e9e par l&rsquo;Acad\u00e9mie pour le 150e anniversaire de sa fondation (1841-1991) Frapp\u00e9e dans les ateliers de la Monnaie de Paris Graveur : J. C. Chaplain diam\u00e8tre : 50 mm., \u00e9paisseur : 4 mm., poids : 80 g.\" \/>\n<meta property=\"og:url\" content=\"https:\/\/academie-nationale-reims.fr\/index.php\/activites\/medailles\/medaille-du-150e-anniversaire\/\" \/>\n<meta property=\"og:site_name\" content=\"Acad\u00e9mie nationale de Reims\" \/>\n<meta property=\"article:modified_time\" content=\"2016-02-07T17:19:55+00:00\" \/>\n<meta property=\"og:image\" content=\"http:\/\/academie-nationale-reims.fr\/wp-content\/uploads\/2015\/11\/Med150ansverso-1.png\" \/>\n<meta name=\"twitter:card\" content=\"summary_large_image\" \/>\n<script type=\"application\/ld+json\" class=\"yoast-schema-graph\">{\"@context\":\"https:\/\/schema.org\",\"@graph\":[{\"@type\":\"WebPage\",\"@id\":\"https:\/\/academie-nationale-reims.fr\/index.php\/activites\/medailles\/medaille-du-150e-anniversaire\/\",\"url\":\"https:\/\/academie-nationale-reims.fr\/index.php\/activites\/medailles\/medaille-du-150e-anniversaire\/\",\"name\":\"M\u00e9daille du 150e anniversaire - Acad\u00e9mie nationale de Reims\",\"isPartOf\":{\"@id\":\"https:\/\/academie-nationale-reims.fr\/#website\"},\"datePublished\":\"2016-02-07T17:13:51+00:00\",\"dateModified\":\"2016-02-07T17:19:55+00:00\",\"breadcrumb\":{\"@id\":\"https:\/\/academie-nationale-reims.fr\/index.php\/activites\/medailles\/medaille-du-150e-anniversaire\/#breadcrumb\"},\"inLanguage\":\"fr-FR\",\"potentialAction\":[{\"@type\":\"ReadAction\",\"target\":[\"https:\/\/academie-nationale-reims.fr\/index.php\/activites\/medailles\/medaille-du-150e-anniversaire\/\"]}]},{\"@type\":\"BreadcrumbList\",\"@id\":\"https:\/\/academie-nationale-reims.fr\/index.php\/activites\/medailles\/medaille-du-150e-anniversaire\/#breadcrumb\",\"itemListElement\":[{\"@type\":\"ListItem\",\"position\":1,\"name\":\"Accueil\",\"item\":\"https:\/\/academie-nationale-reims.fr\/\"},{\"@type\":\"ListItem\",\"position\":2,\"name\":\"Activit\u00e9s\",\"item\":\"https:\/\/academie-nationale-reims.fr\/index.php\/activites\/\"},{\"@type\":\"ListItem\",\"position\":3,\"name\":\"M\u00e9dailles\",\"item\":\"https:\/\/academie-nationale-reims.fr\/index.php\/activites\/medailles\/\"},{\"@type\":\"ListItem\",\"position\":4,\"name\":\"M\u00e9daille du 150e anniversaire\"}]},{\"@type\":\"WebSite\",\"@id\":\"https:\/\/academie-nationale-reims.fr\/#website\",\"url\":\"https:\/\/academie-nationale-reims.fr\/\",\"name\":\"Acad\u00e9mie nationale de Reims\",\"description\":\"Ce site est en cours d\u2019am\u00e9nagements\",\"publisher\":{\"@id\":\"https:\/\/academie-nationale-reims.fr\/#organization\"},\"potentialAction\":[{\"@type\":\"SearchAction\",\"target\":{\"@type\":\"EntryPoint\",\"urlTemplate\":\"https:\/\/academie-nationale-reims.fr\/?s={search_term_string}\"},\"query-input\":\"required name=search_term_string\"}],\"inLanguage\":\"fr-FR\"},{\"@type\":\"Organization\",\"@id\":\"https:\/\/academie-nationale-reims.fr\/#organization\",\"name\":\"Acad\u00e9mie nationale de Reims\",\"url\":\"https:\/\/academie-nationale-reims.fr\/\",\"logo\":{\"@type\":\"ImageObject\",\"inLanguage\":\"fr-FR\",\"@id\":\"https:\/\/academie-nationale-reims.fr\/#\/schema\/logo\/image\/\",\"url\":\"https:\/\/academie-nationale-reims.fr\/wp-content\/uploads\/2023\/03\/logo.png\",\"contentUrl\":\"https:\/\/academie-nationale-reims.fr\/wp-content\/uploads\/2023\/03\/logo.png\",\"width\":2038,\"height\":426,\"caption\":\"Acad\u00e9mie nationale de Reims\"},\"image\":{\"@id\":\"https:\/\/academie-nationale-reims.fr\/#\/schema\/logo\/image\/\"}}]}<\/script>\n<!-- \/ Yoast SEO plugin. -->","yoast_head_json":{"title":"M\u00e9daille du 150e anniversaire - Acad\u00e9mie nationale de Reims","robots":{"index":"index","follow":"follow","max-snippet":"max-snippet:-1","max-image-preview":"max-image-preview:large","max-video-preview":"max-video-preview:-1"},"canonical":"https:\/\/academie-nationale-reims.fr\/index.php\/activites\/medailles\/medaille-du-150e-anniversaire\/","og_locale":"fr_FR","og_type":"article","og_title":"M\u00e9daille du 150e anniversaire - Acad\u00e9mie nationale de Reims","og_description":"M\u00e9daille comm\u00e9morative \u00e9dit\u00e9e par l&rsquo;Acad\u00e9mie pour le 150e anniversaire de sa fondation (1841-1991) Frapp\u00e9e dans les ateliers de la Monnaie de Paris Graveur : J. C. Chaplain diam\u00e8tre : 50 mm., \u00e9paisseur : 4 mm., poids : 80 g.","og_url":"https:\/\/academie-nationale-reims.fr\/index.php\/activites\/medailles\/medaille-du-150e-anniversaire\/","og_site_name":"Acad\u00e9mie nationale de Reims","article_modified_time":"2016-02-07T17:19:55+00:00","og_image":[{"url":"http:\/\/academie-nationale-reims.fr\/wp-content\/uploads\/2015\/11\/Med150ansverso-1.png"}],"twitter_card":"summary_large_image","schema":{"@context":"https:\/\/schema.org","@graph":[{"@type":"WebPage","@id":"https:\/\/academie-nationale-reims.fr\/index.php\/activites\/medailles\/medaille-du-150e-anniversaire\/","url":"https:\/\/academie-nationale-reims.fr\/index.php\/activites\/medailles\/medaille-du-150e-anniversaire\/","name":"M\u00e9daille du 150e anniversaire - Acad\u00e9mie nationale de Reims","isPartOf":{"@id":"https:\/\/academie-nationale-reims.fr\/#website"},"datePublished":"2016-02-07T17:13:51+00:00","dateModified":"2016-02-07T17:19:55+00:00","breadcrumb":{"@id":"https:\/\/academie-nationale-reims.fr\/index.php\/activites\/medailles\/medaille-du-150e-anniversaire\/#breadcrumb"},"inLanguage":"fr-FR","potentialAction":[{"@type":"ReadAction","target":["https:\/\/academie-nationale-reims.fr\/index.php\/activites\/medailles\/medaille-du-150e-anniversaire\/"]}]},{"@type":"BreadcrumbList","@id":"https:\/\/academie-nationale-reims.fr\/index.php\/activites\/medailles\/medaille-du-150e-anniversaire\/#breadcrumb","itemListElement":[{"@type":"ListItem","position":1,"name":"Accueil","item":"https:\/\/academie-nationale-reims.fr\/"},{"@type":"ListItem","position":2,"name":"Activit\u00e9s","item":"https:\/\/academie-nationale-reims.fr\/index.php\/activites\/"},{"@type":"ListItem","position":3,"name":"M\u00e9dailles","item":"https:\/\/academie-nationale-reims.fr\/index.php\/activites\/medailles\/"},{"@type":"ListItem","position":4,"name":"M\u00e9daille du 150e anniversaire"}]},{"@type":"WebSite","@id":"https:\/\/academie-nationale-reims.fr\/#website","url":"https:\/\/academie-nationale-reims.fr\/","name":"Acad\u00e9mie nationale de Reims","description":"Ce site est en cours d\u2019am\u00e9nagements","publisher":{"@id":"https:\/\/academie-nationale-reims.fr\/#organization"},"potentialAction":[{"@type":"SearchAction","target":{"@type":"EntryPoint","urlTemplate":"https:\/\/academie-nationale-reims.fr\/?s={search_term_string}"},"query-input":"required name=search_term_string"}],"inLanguage":"fr-FR"},{"@type":"Organization","@id":"https:\/\/academie-nationale-reims.fr\/#organization","name":"Acad\u00e9mie nationale de Reims","url":"https:\/\/academie-nationale-reims.fr\/","logo":{"@type":"ImageObject","inLanguage":"fr-FR","@id":"https:\/\/academie-nationale-reims.fr\/#\/schema\/logo\/image\/","url":"https:\/\/academie-nationale-reims.fr\/wp-content\/uploads\/2023\/03\/logo.png","contentUrl":"https:\/\/academie-nationale-reims.fr\/wp-content\/uploads\/2023\/03\/logo.png","width":2038,"height":426,"caption":"Acad\u00e9mie nationale de Reims"},"image":{"@id":"https:\/\/academie-nationale-reims.fr\/#\/schema\/logo\/image\/"}}]}},"_links":{"self":[{"href":"https:\/\/academie-nationale-reims.fr\/index.php\/wp-json\/wp\/v2\/pages\/638"}],"collection":[{"href":"https:\/\/academie-nationale-reims.fr\/index.php\/wp-json\/wp\/v2\/pages"}],"about":[{"href":"https:\/\/academie-nationale-reims.fr\/index.php\/wp-json\/wp\/v2\/types\/page"}],"author":[{"embeddable":true,"href":"https:\/\/academie-nationale-reims.fr\/index.php\/wp-json\/wp\/v2\/users\/1"}],"replies":[{"embeddable":true,"href":"https:\/\/academie-nationale-reims.fr\/index.php\/wp-json\/wp\/v2\/comments?post=638"}],"version-history":[{"count":4,"href":"https:\/\/academie-nationale-reims.fr\/index.php\/wp-json\/wp\/v2\/pages\/638\/revisions"}],"predecessor-version":[{"id":649,"href":"https:\/\/academie-nationale-reims.fr\/index.php\/wp-json\/wp\/v2\/pages\/638\/revisions\/649"}],"up":[{"embeddable":true,"href":"https:\/\/academie-nationale-reims.fr\/index.php\/wp-json\/wp\/v2\/pages\/496"}],"wp:attachment":[{"href":"https:\/\/academie-nationale-reims.fr\/index.php\/wp-json\/wp\/v2\/media?parent=638"}],"curies":[{"name":"wp","href":"https:\/\/api.w.org\/{rel}","templated":true}]}}