{"id":66,"date":"2015-09-12T12:02:05","date_gmt":"2015-09-12T12:02:05","guid":{"rendered":"http:\/\/anr2-1.nanopikz.com\/?page_id=66"},"modified":"2021-01-21T18:23:24","modified_gmt":"2021-01-21T17:23:24","slug":"table-generale-des-auteurs","status":"publish","type":"page","link":"https:\/\/academie-nationale-reims.fr\/index.php\/publications\/table-generale-des-auteurs\/","title":{"rendered":"Table g\u00e9n\u00e9rale des auteurs"},"content":{"rendered":"<p>La Table g\u00e9n\u00e9rale alphab\u00e9tique des auteurs des tomes I \u00e0 CLXVIII des Travaux de l&rsquo;Acad\u00e9mie nationale de Reims\u00a0 (ann\u00e9es 1841 \u00e0 1989) est publi\u00e9e dans le volume 170 en 1993.<\/p>\n<p>Elle est compl\u00e9t\u00e9e en 1998 avec la Table g\u00e9n\u00e9rale alphab\u00e9tique des tomes CLXIX \u00e0 CLXXI (ann\u00e9es 1990 \u00e0 1995).<\/p>\n<p>Les Tables des volumes de 1990 \u00e0 2019 constituent le 187e volume des Travaux de l&rsquo;Acad\u00e9mie nationale de Reims.<\/p>\n<figure id=\"attachment_1661\" aria-describedby=\"caption-attachment-1661\" style=\"width: 244px\" class=\"wp-caption aligncenter\"><a href=\"http:\/\/academie-nationale-reims.fr\/wp-content\/uploads\/2020\/05\/Couverture_Vol_187.jpg\"><img decoding=\"async\" loading=\"lazy\" class=\" wp-image-1661\" src=\"http:\/\/academie-nationale-reims.fr\/wp-content\/uploads\/2020\/05\/Couverture_Vol_187.jpg\" alt=\"\" width=\"244\" height=\"363\" srcset=\"https:\/\/academie-nationale-reims.fr\/wp-content\/uploads\/2020\/05\/Couverture_Vol_187.jpg 941w, https:\/\/academie-nationale-reims.fr\/wp-content\/uploads\/2020\/05\/Couverture_Vol_187-201x300.jpg 201w, https:\/\/academie-nationale-reims.fr\/wp-content\/uploads\/2020\/05\/Couverture_Vol_187-688x1024.jpg 688w, https:\/\/academie-nationale-reims.fr\/wp-content\/uploads\/2020\/05\/Couverture_Vol_187-768x1143.jpg 768w\" sizes=\"(max-width: 244px) 100vw, 244px\" \/><\/a><figcaption id=\"caption-attachment-1661\" class=\"wp-caption-text\">Table g\u00e9n\u00e9rale alphab\u00e9tique et analytique<\/figcaption><\/figure>\n<p>Ces ouvrages sont toujours en vente. Merci de nous <a href=\"http:\/\/academie-nationale-reims.fr\/index.php\/contact\/\" target=\"_blank\" rel=\"noopener noreferrer\">contacter<\/a>.<\/p>\n","protected":false},"excerpt":{"rendered":"<p>La Table g\u00e9n\u00e9rale alphab\u00e9tique des auteurs des tomes I \u00e0 CLXVIII des Travaux de l&rsquo;Acad\u00e9mie nationale de Reims\u00a0 (ann\u00e9es 1841 \u00e0 1989) est publi\u00e9e dans le volume 170 en 1993. Elle est compl\u00e9t\u00e9e en 1998 avec la Table g\u00e9n\u00e9rale alphab\u00e9tique des tomes CLXIX \u00e0 CLXXI (ann\u00e9es 1990 \u00e0 1995). Les Tables des volumes de 1990 [&hellip;]<\/p>\n","protected":false},"author":1,"featured_media":0,"parent":17,"menu_order":4,"comment_status":"closed","ping_status":"closed","template":"","meta":{"_mi_skip_tracking":false},"yoast_head":"<!-- This site is optimized with the Yoast SEO plugin v20.4 - https:\/\/yoast.com\/wordpress\/plugins\/seo\/ -->\n<title>Table g\u00e9n\u00e9rale des auteurs - Acad\u00e9mie nationale de Reims<\/title>\n<meta name=\"robots\" content=\"index, follow, max-snippet:-1, max-image-preview:large, max-video-preview:-1\" \/>\n<link rel=\"canonical\" href=\"https:\/\/academie-nationale-reims.fr\/index.php\/publications\/table-generale-des-auteurs\/\" \/>\n<meta property=\"og:locale\" content=\"fr_FR\" \/>\n<meta property=\"og:type\" content=\"article\" \/>\n<meta property=\"og:title\" content=\"Table g\u00e9n\u00e9rale des auteurs - Acad\u00e9mie nationale de Reims\" \/>\n<meta property=\"og:description\" content=\"La Table g\u00e9n\u00e9rale alphab\u00e9tique des auteurs des tomes I \u00e0 CLXVIII des Travaux de l&rsquo;Acad\u00e9mie nationale de Reims\u00a0 (ann\u00e9es 1841 \u00e0 1989) est publi\u00e9e dans le volume 170 en 1993. Elle est compl\u00e9t\u00e9e en 1998 avec la Table g\u00e9n\u00e9rale alphab\u00e9tique des tomes CLXIX \u00e0 CLXXI (ann\u00e9es 1990 \u00e0 1995). Les Tables des volumes de 1990 [&hellip;]\" \/>\n<meta property=\"og:url\" content=\"https:\/\/academie-nationale-reims.fr\/index.php\/publications\/table-generale-des-auteurs\/\" \/>\n<meta property=\"og:site_name\" content=\"Acad\u00e9mie nationale de Reims\" \/>\n<meta property=\"article:modified_time\" content=\"2021-01-21T17:23:24+00:00\" \/>\n<meta property=\"og:image\" content=\"http:\/\/academie-nationale-reims.fr\/wp-content\/uploads\/2020\/05\/Couverture_Vol_187.jpg\" \/>\n<meta name=\"twitter:card\" content=\"summary_large_image\" \/>\n<script type=\"application\/ld+json\" class=\"yoast-schema-graph\">{\"@context\":\"https:\/\/schema.org\",\"@graph\":[{\"@type\":\"WebPage\",\"@id\":\"https:\/\/academie-nationale-reims.fr\/index.php\/publications\/table-generale-des-auteurs\/\",\"url\":\"https:\/\/academie-nationale-reims.fr\/index.php\/publications\/table-generale-des-auteurs\/\",\"name\":\"Table g\u00e9n\u00e9rale des auteurs - Acad\u00e9mie nationale de Reims\",\"isPartOf\":{\"@id\":\"https:\/\/academie-nationale-reims.fr\/#website\"},\"datePublished\":\"2015-09-12T12:02:05+00:00\",\"dateModified\":\"2021-01-21T17:23:24+00:00\",\"breadcrumb\":{\"@id\":\"https:\/\/academie-nationale-reims.fr\/index.php\/publications\/table-generale-des-auteurs\/#breadcrumb\"},\"inLanguage\":\"fr-FR\",\"potentialAction\":[{\"@type\":\"ReadAction\",\"target\":[\"https:\/\/academie-nationale-reims.fr\/index.php\/publications\/table-generale-des-auteurs\/\"]}]},{\"@type\":\"BreadcrumbList\",\"@id\":\"https:\/\/academie-nationale-reims.fr\/index.php\/publications\/table-generale-des-auteurs\/#breadcrumb\",\"itemListElement\":[{\"@type\":\"ListItem\",\"position\":1,\"name\":\"Accueil\",\"item\":\"https:\/\/academie-nationale-reims.fr\/\"},{\"@type\":\"ListItem\",\"position\":2,\"name\":\"Publications\",\"item\":\"http:\/\/academie-nationale-reims.fr\/index.php\/publications\/\"},{\"@type\":\"ListItem\",\"position\":3,\"name\":\"Table g\u00e9n\u00e9rale des auteurs\"}]},{\"@type\":\"WebSite\",\"@id\":\"https:\/\/academie-nationale-reims.fr\/#website\",\"url\":\"https:\/\/academie-nationale-reims.fr\/\",\"name\":\"Acad\u00e9mie nationale de Reims\",\"description\":\"Ce site est en cours d\u2019am\u00e9nagements\",\"publisher\":{\"@id\":\"https:\/\/academie-nationale-reims.fr\/#organization\"},\"potentialAction\":[{\"@type\":\"SearchAction\",\"target\":{\"@type\":\"EntryPoint\",\"urlTemplate\":\"https:\/\/academie-nationale-reims.fr\/?s={search_term_string}\"},\"query-input\":\"required name=search_term_string\"}],\"inLanguage\":\"fr-FR\"},{\"@type\":\"Organization\",\"@id\":\"https:\/\/academie-nationale-reims.fr\/#organization\",\"name\":\"Acad\u00e9mie nationale de Reims\",\"url\":\"https:\/\/academie-nationale-reims.fr\/\",\"logo\":{\"@type\":\"ImageObject\",\"inLanguage\":\"fr-FR\",\"@id\":\"https:\/\/academie-nationale-reims.fr\/#\/schema\/logo\/image\/\",\"url\":\"https:\/\/academie-nationale-reims.fr\/wp-content\/uploads\/2023\/03\/logo.png\",\"contentUrl\":\"https:\/\/academie-nationale-reims.fr\/wp-content\/uploads\/2023\/03\/logo.png\",\"width\":2038,\"height\":426,\"caption\":\"Acad\u00e9mie nationale de Reims\"},\"image\":{\"@id\":\"https:\/\/academie-nationale-reims.fr\/#\/schema\/logo\/image\/\"}}]}<\/script>\n<!-- \/ Yoast SEO plugin. -->","yoast_head_json":{"title":"Table g\u00e9n\u00e9rale des auteurs - Acad\u00e9mie nationale de Reims","robots":{"index":"index","follow":"follow","max-snippet":"max-snippet:-1","max-image-preview":"max-image-preview:large","max-video-preview":"max-video-preview:-1"},"canonical":"https:\/\/academie-nationale-reims.fr\/index.php\/publications\/table-generale-des-auteurs\/","og_locale":"fr_FR","og_type":"article","og_title":"Table g\u00e9n\u00e9rale des auteurs - Acad\u00e9mie nationale de Reims","og_description":"La Table g\u00e9n\u00e9rale alphab\u00e9tique des auteurs des tomes I \u00e0 CLXVIII des Travaux de l&rsquo;Acad\u00e9mie nationale de Reims\u00a0 (ann\u00e9es 1841 \u00e0 1989) est publi\u00e9e dans le volume 170 en 1993. Elle est compl\u00e9t\u00e9e en 1998 avec la Table g\u00e9n\u00e9rale alphab\u00e9tique des tomes CLXIX \u00e0 CLXXI (ann\u00e9es 1990 \u00e0 1995). Les Tables des volumes de 1990 [&hellip;]","og_url":"https:\/\/academie-nationale-reims.fr\/index.php\/publications\/table-generale-des-auteurs\/","og_site_name":"Acad\u00e9mie nationale de Reims","article_modified_time":"2021-01-21T17:23:24+00:00","og_image":[{"url":"http:\/\/academie-nationale-reims.fr\/wp-content\/uploads\/2020\/05\/Couverture_Vol_187.jpg"}],"twitter_card":"summary_large_image","schema":{"@context":"https:\/\/schema.org","@graph":[{"@type":"WebPage","@id":"https:\/\/academie-nationale-reims.fr\/index.php\/publications\/table-generale-des-auteurs\/","url":"https:\/\/academie-nationale-reims.fr\/index.php\/publications\/table-generale-des-auteurs\/","name":"Table g\u00e9n\u00e9rale des auteurs - Acad\u00e9mie nationale de Reims","isPartOf":{"@id":"https:\/\/academie-nationale-reims.fr\/#website"},"datePublished":"2015-09-12T12:02:05+00:00","dateModified":"2021-01-21T17:23:24+00:00","breadcrumb":{"@id":"https:\/\/academie-nationale-reims.fr\/index.php\/publications\/table-generale-des-auteurs\/#breadcrumb"},"inLanguage":"fr-FR","potentialAction":[{"@type":"ReadAction","target":["https:\/\/academie-nationale-reims.fr\/index.php\/publications\/table-generale-des-auteurs\/"]}]},{"@type":"BreadcrumbList","@id":"https:\/\/academie-nationale-reims.fr\/index.php\/publications\/table-generale-des-auteurs\/#breadcrumb","itemListElement":[{"@type":"ListItem","position":1,"name":"Accueil","item":"https:\/\/academie-nationale-reims.fr\/"},{"@type":"ListItem","position":2,"name":"Publications","item":"http:\/\/academie-nationale-reims.fr\/index.php\/publications\/"},{"@type":"ListItem","position":3,"name":"Table g\u00e9n\u00e9rale des auteurs"}]},{"@type":"WebSite","@id":"https:\/\/academie-nationale-reims.fr\/#website","url":"https:\/\/academie-nationale-reims.fr\/","name":"Acad\u00e9mie nationale de Reims","description":"Ce site est en cours d\u2019am\u00e9nagements","publisher":{"@id":"https:\/\/academie-nationale-reims.fr\/#organization"},"potentialAction":[{"@type":"SearchAction","target":{"@type":"EntryPoint","urlTemplate":"https:\/\/academie-nationale-reims.fr\/?s={search_term_string}"},"query-input":"required name=search_term_string"}],"inLanguage":"fr-FR"},{"@type":"Organization","@id":"https:\/\/academie-nationale-reims.fr\/#organization","name":"Acad\u00e9mie nationale de Reims","url":"https:\/\/academie-nationale-reims.fr\/","logo":{"@type":"ImageObject","inLanguage":"fr-FR","@id":"https:\/\/academie-nationale-reims.fr\/#\/schema\/logo\/image\/","url":"https:\/\/academie-nationale-reims.fr\/wp-content\/uploads\/2023\/03\/logo.png","contentUrl":"https:\/\/academie-nationale-reims.fr\/wp-content\/uploads\/2023\/03\/logo.png","width":2038,"height":426,"caption":"Acad\u00e9mie nationale de Reims"},"image":{"@id":"https:\/\/academie-nationale-reims.fr\/#\/schema\/logo\/image\/"}}]}},"_links":{"self":[{"href":"https:\/\/academie-nationale-reims.fr\/index.php\/wp-json\/wp\/v2\/pages\/66"}],"collection":[{"href":"https:\/\/academie-nationale-reims.fr\/index.php\/wp-json\/wp\/v2\/pages"}],"about":[{"href":"https:\/\/academie-nationale-reims.fr\/index.php\/wp-json\/wp\/v2\/types\/page"}],"author":[{"embeddable":true,"href":"https:\/\/academie-nationale-reims.fr\/index.php\/wp-json\/wp\/v2\/users\/1"}],"replies":[{"embeddable":true,"href":"https:\/\/academie-nationale-reims.fr\/index.php\/wp-json\/wp\/v2\/comments?post=66"}],"version-history":[{"count":5,"href":"https:\/\/academie-nationale-reims.fr\/index.php\/wp-json\/wp\/v2\/pages\/66\/revisions"}],"predecessor-version":[{"id":1762,"href":"https:\/\/academie-nationale-reims.fr\/index.php\/wp-json\/wp\/v2\/pages\/66\/revisions\/1762"}],"up":[{"embeddable":true,"href":"https:\/\/academie-nationale-reims.fr\/index.php\/wp-json\/wp\/v2\/pages\/17"}],"wp:attachment":[{"href":"https:\/\/academie-nationale-reims.fr\/index.php\/wp-json\/wp\/v2\/media?parent=66"}],"curies":[{"name":"wp","href":"https:\/\/api.w.org\/{rel}","templated":true}]}}