{"id":78,"date":"2015-09-12T12:05:07","date_gmt":"2015-09-12T12:05:07","guid":{"rendered":"http:\/\/anr2-1.nanopikz.com\/?page_id=78"},"modified":"2024-03-28T16:27:54","modified_gmt":"2024-03-28T15:27:54","slug":"liens-preferes","status":"publish","type":"page","link":"https:\/\/academie-nationale-reims.fr\/index.php\/contact\/liens-preferes\/","title":{"rendered":"Liens pr\u00e9f\u00e9r\u00e9s"},"content":{"rendered":"\n\n<ul style=\"list-style-type: circle;\">\n<li>Conf\u00e9rence Nationale des Acad\u00e9mies (CNA) \u00a0(Institut de France) \u00a0 : <a href=\"https:\/\/www.academies-cna.fr\">https:\/\/www.academies-cna.fr<\/a><\/li>\n<li>Comit\u00e9 des Travaux Historiques et Scientifiques (CTHS) \u00a0: <a href=\"http:\/\/cths.fr\">http:\/\/cths.fr<\/a><\/li>\n<li>Soci\u00e9t\u00e9 fran\u00e7aise d&rsquo;arch\u00e9ologie ( SFA) \u00a0: <a style=\"font-size: revert;\" href=\"http:\/\/sf-archeologie.net\">http:\/\/sf-archeologie.net<\/a><\/li>\n<li>Soci\u00e9t\u00e9 d&rsquo;agriculture, commerce, sciences et arts du d\u00e9partement de la Marne ( SACSAM) :\u00a0<a href=\"http:\/\/academie.chalons.free.fr\">http:\/\/academie.chalons.free.fr<\/a><\/li>\n<li>Le Tr\u00e9sor (Ville de Reims) : <a href=\"http:\/\/infoculture-reims.fr\">http:\/\/infoculture-reims.fr<\/a><\/li>\n<li>La Vie r\u00e9moise (Jean-Yves Sureau) : \u00a0<a href=\"https:\/\/sites.google.com\/site\/lavieremoise\/accueil\">https:\/\/sites.google.com\/site\/lavieremoise\/accueil<\/a>\u00a0<\/li>\n<li>Reims Histoire Arch\u00e9ologie (RHA) \u00a0 : <a href=\"https:\/\/www.reims-histoire-archeologie.com\">https:\/\/www.reims-histoire-archeologie.com<\/a><\/li>\n<li>ReimsAvant (V\u00e9ronique Valette) :\u00a0<a href=\"http:\/\/www.reimsavant.documentation-ra.com\/\">http:\/\/www.reimsavant.documentation-ra.com\/<\/a><\/li>\n<li>Les Amis de Saint-Nicaise du Chemin Vert de Reims <a href=\"http:\/\/lesamisdesaintnicaiseducheminvert.com\">http:\/\/lesamisdesaintnicaiseducheminvert.com<\/a><\/li>\n<\/ul>","protected":false},"excerpt":{"rendered":"<p>Conf\u00e9rence Nationale des Acad\u00e9mies (CNA) \u00a0(Institut de France) \u00a0 : https:\/\/www.academies-cna.fr Comit\u00e9 des Travaux Historiques et Scientifiques (CTHS) \u00a0: http:\/\/cths.fr Soci\u00e9t\u00e9 fran\u00e7aise d&rsquo;arch\u00e9ologie ( SFA) \u00a0: http:\/\/sf-archeologie.net Soci\u00e9t\u00e9 d&rsquo;agriculture, commerce, sciences et arts du d\u00e9partement de la Marne ( SACSAM) :\u00a0http:\/\/academie.chalons.free.fr Le Tr\u00e9sor (Ville de Reims) : http:\/\/infoculture-reims.fr La Vie r\u00e9moise (Jean-Yves Sureau) : \u00a0https:\/\/sites.google.com\/site\/lavieremoise\/accueil\u00a0 [&hellip;]<\/p>\n","protected":false},"author":1,"featured_media":0,"parent":21,"menu_order":2,"comment_status":"closed","ping_status":"closed","template":"","meta":{"_mi_skip_tracking":false},"yoast_head":"<!-- This site is optimized with the Yoast SEO plugin v20.4 - https:\/\/yoast.com\/wordpress\/plugins\/seo\/ -->\n<title>Liens pr\u00e9f\u00e9r\u00e9s - Acad\u00e9mie nationale de Reims<\/title>\n<meta name=\"robots\" content=\"index, follow, max-snippet:-1, max-image-preview:large, max-video-preview:-1\" \/>\n<link rel=\"canonical\" href=\"https:\/\/academie-nationale-reims.fr\/index.php\/contact\/liens-preferes\/\" \/>\n<meta property=\"og:locale\" content=\"fr_FR\" \/>\n<meta property=\"og:type\" content=\"article\" \/>\n<meta property=\"og:title\" content=\"Liens pr\u00e9f\u00e9r\u00e9s - Acad\u00e9mie nationale de Reims\" \/>\n<meta property=\"og:description\" content=\"Conf\u00e9rence Nationale des Acad\u00e9mies (CNA) \u00a0(Institut de France) \u00a0 : https:\/\/www.academies-cna.fr Comit\u00e9 des Travaux Historiques et Scientifiques (CTHS) \u00a0: http:\/\/cths.fr Soci\u00e9t\u00e9 fran\u00e7aise d&rsquo;arch\u00e9ologie ( SFA) \u00a0: http:\/\/sf-archeologie.net Soci\u00e9t\u00e9 d&rsquo;agriculture, commerce, sciences et arts du d\u00e9partement de la Marne ( SACSAM) :\u00a0http:\/\/academie.chalons.free.fr Le Tr\u00e9sor (Ville de Reims) : http:\/\/infoculture-reims.fr La Vie r\u00e9moise (Jean-Yves Sureau) : \u00a0https:\/\/sites.google.com\/site\/lavieremoise\/accueil\u00a0 [&hellip;]\" \/>\n<meta property=\"og:url\" content=\"https:\/\/academie-nationale-reims.fr\/index.php\/contact\/liens-preferes\/\" \/>\n<meta property=\"og:site_name\" content=\"Acad\u00e9mie nationale de Reims\" \/>\n<meta property=\"article:modified_time\" content=\"2024-03-28T15:27:54+00:00\" \/>\n<meta name=\"twitter:card\" content=\"summary_large_image\" \/>\n<meta name=\"twitter:label1\" content=\"Dur\u00e9e de lecture estim\u00e9e\" \/>\n\t<meta name=\"twitter:data1\" content=\"1 minute\" \/>\n<script type=\"application\/ld+json\" class=\"yoast-schema-graph\">{\"@context\":\"https:\/\/schema.org\",\"@graph\":[{\"@type\":\"WebPage\",\"@id\":\"https:\/\/academie-nationale-reims.fr\/index.php\/contact\/liens-preferes\/\",\"url\":\"https:\/\/academie-nationale-reims.fr\/index.php\/contact\/liens-preferes\/\",\"name\":\"Liens pr\u00e9f\u00e9r\u00e9s - Acad\u00e9mie nationale de Reims\",\"isPartOf\":{\"@id\":\"https:\/\/academie-nationale-reims.fr\/#website\"},\"datePublished\":\"2015-09-12T12:05:07+00:00\",\"dateModified\":\"2024-03-28T15:27:54+00:00\",\"breadcrumb\":{\"@id\":\"https:\/\/academie-nationale-reims.fr\/index.php\/contact\/liens-preferes\/#breadcrumb\"},\"inLanguage\":\"fr-FR\",\"potentialAction\":[{\"@type\":\"ReadAction\",\"target\":[\"https:\/\/academie-nationale-reims.fr\/index.php\/contact\/liens-preferes\/\"]}]},{\"@type\":\"BreadcrumbList\",\"@id\":\"https:\/\/academie-nationale-reims.fr\/index.php\/contact\/liens-preferes\/#breadcrumb\",\"itemListElement\":[{\"@type\":\"ListItem\",\"position\":1,\"name\":\"Accueil\",\"item\":\"https:\/\/academie-nationale-reims.fr\/\"},{\"@type\":\"ListItem\",\"position\":2,\"name\":\"Contacts\",\"item\":\"https:\/\/academie-nationale-reims.fr\/index.php\/contact\/\"},{\"@type\":\"ListItem\",\"position\":3,\"name\":\"Liens pr\u00e9f\u00e9r\u00e9s\"}]},{\"@type\":\"WebSite\",\"@id\":\"https:\/\/academie-nationale-reims.fr\/#website\",\"url\":\"https:\/\/academie-nationale-reims.fr\/\",\"name\":\"Acad\u00e9mie nationale de Reims\",\"description\":\"Ce site est en cours d\u2019am\u00e9nagements\",\"publisher\":{\"@id\":\"https:\/\/academie-nationale-reims.fr\/#organization\"},\"potentialAction\":[{\"@type\":\"SearchAction\",\"target\":{\"@type\":\"EntryPoint\",\"urlTemplate\":\"https:\/\/academie-nationale-reims.fr\/?s={search_term_string}\"},\"query-input\":\"required name=search_term_string\"}],\"inLanguage\":\"fr-FR\"},{\"@type\":\"Organization\",\"@id\":\"https:\/\/academie-nationale-reims.fr\/#organization\",\"name\":\"Acad\u00e9mie nationale de Reims\",\"url\":\"https:\/\/academie-nationale-reims.fr\/\",\"logo\":{\"@type\":\"ImageObject\",\"inLanguage\":\"fr-FR\",\"@id\":\"https:\/\/academie-nationale-reims.fr\/#\/schema\/logo\/image\/\",\"url\":\"https:\/\/academie-nationale-reims.fr\/wp-content\/uploads\/2023\/03\/logo.png\",\"contentUrl\":\"https:\/\/academie-nationale-reims.fr\/wp-content\/uploads\/2023\/03\/logo.png\",\"width\":2038,\"height\":426,\"caption\":\"Acad\u00e9mie nationale de Reims\"},\"image\":{\"@id\":\"https:\/\/academie-nationale-reims.fr\/#\/schema\/logo\/image\/\"}}]}<\/script>\n<!-- \/ Yoast SEO plugin. -->","yoast_head_json":{"title":"Liens pr\u00e9f\u00e9r\u00e9s - Acad\u00e9mie nationale de Reims","robots":{"index":"index","follow":"follow","max-snippet":"max-snippet:-1","max-image-preview":"max-image-preview:large","max-video-preview":"max-video-preview:-1"},"canonical":"https:\/\/academie-nationale-reims.fr\/index.php\/contact\/liens-preferes\/","og_locale":"fr_FR","og_type":"article","og_title":"Liens pr\u00e9f\u00e9r\u00e9s - Acad\u00e9mie nationale de Reims","og_description":"Conf\u00e9rence Nationale des Acad\u00e9mies (CNA) \u00a0(Institut de France) \u00a0 : https:\/\/www.academies-cna.fr Comit\u00e9 des Travaux Historiques et Scientifiques (CTHS) \u00a0: http:\/\/cths.fr Soci\u00e9t\u00e9 fran\u00e7aise d&rsquo;arch\u00e9ologie ( SFA) \u00a0: http:\/\/sf-archeologie.net Soci\u00e9t\u00e9 d&rsquo;agriculture, commerce, sciences et arts du d\u00e9partement de la Marne ( SACSAM) :\u00a0http:\/\/academie.chalons.free.fr Le Tr\u00e9sor (Ville de Reims) : http:\/\/infoculture-reims.fr La Vie r\u00e9moise (Jean-Yves Sureau) : \u00a0https:\/\/sites.google.com\/site\/lavieremoise\/accueil\u00a0 [&hellip;]","og_url":"https:\/\/academie-nationale-reims.fr\/index.php\/contact\/liens-preferes\/","og_site_name":"Acad\u00e9mie nationale de Reims","article_modified_time":"2024-03-28T15:27:54+00:00","twitter_card":"summary_large_image","twitter_misc":{"Dur\u00e9e de lecture estim\u00e9e":"1 minute"},"schema":{"@context":"https:\/\/schema.org","@graph":[{"@type":"WebPage","@id":"https:\/\/academie-nationale-reims.fr\/index.php\/contact\/liens-preferes\/","url":"https:\/\/academie-nationale-reims.fr\/index.php\/contact\/liens-preferes\/","name":"Liens pr\u00e9f\u00e9r\u00e9s - Acad\u00e9mie nationale de Reims","isPartOf":{"@id":"https:\/\/academie-nationale-reims.fr\/#website"},"datePublished":"2015-09-12T12:05:07+00:00","dateModified":"2024-03-28T15:27:54+00:00","breadcrumb":{"@id":"https:\/\/academie-nationale-reims.fr\/index.php\/contact\/liens-preferes\/#breadcrumb"},"inLanguage":"fr-FR","potentialAction":[{"@type":"ReadAction","target":["https:\/\/academie-nationale-reims.fr\/index.php\/contact\/liens-preferes\/"]}]},{"@type":"BreadcrumbList","@id":"https:\/\/academie-nationale-reims.fr\/index.php\/contact\/liens-preferes\/#breadcrumb","itemListElement":[{"@type":"ListItem","position":1,"name":"Accueil","item":"https:\/\/academie-nationale-reims.fr\/"},{"@type":"ListItem","position":2,"name":"Contacts","item":"https:\/\/academie-nationale-reims.fr\/index.php\/contact\/"},{"@type":"ListItem","position":3,"name":"Liens pr\u00e9f\u00e9r\u00e9s"}]},{"@type":"WebSite","@id":"https:\/\/academie-nationale-reims.fr\/#website","url":"https:\/\/academie-nationale-reims.fr\/","name":"Acad\u00e9mie nationale de Reims","description":"Ce site est en cours d\u2019am\u00e9nagements","publisher":{"@id":"https:\/\/academie-nationale-reims.fr\/#organization"},"potentialAction":[{"@type":"SearchAction","target":{"@type":"EntryPoint","urlTemplate":"https:\/\/academie-nationale-reims.fr\/?s={search_term_string}"},"query-input":"required name=search_term_string"}],"inLanguage":"fr-FR"},{"@type":"Organization","@id":"https:\/\/academie-nationale-reims.fr\/#organization","name":"Acad\u00e9mie nationale de Reims","url":"https:\/\/academie-nationale-reims.fr\/","logo":{"@type":"ImageObject","inLanguage":"fr-FR","@id":"https:\/\/academie-nationale-reims.fr\/#\/schema\/logo\/image\/","url":"https:\/\/academie-nationale-reims.fr\/wp-content\/uploads\/2023\/03\/logo.png","contentUrl":"https:\/\/academie-nationale-reims.fr\/wp-content\/uploads\/2023\/03\/logo.png","width":2038,"height":426,"caption":"Acad\u00e9mie nationale de Reims"},"image":{"@id":"https:\/\/academie-nationale-reims.fr\/#\/schema\/logo\/image\/"}}]}},"_links":{"self":[{"href":"https:\/\/academie-nationale-reims.fr\/index.php\/wp-json\/wp\/v2\/pages\/78"}],"collection":[{"href":"https:\/\/academie-nationale-reims.fr\/index.php\/wp-json\/wp\/v2\/pages"}],"about":[{"href":"https:\/\/academie-nationale-reims.fr\/index.php\/wp-json\/wp\/v2\/types\/page"}],"author":[{"embeddable":true,"href":"https:\/\/academie-nationale-reims.fr\/index.php\/wp-json\/wp\/v2\/users\/1"}],"replies":[{"embeddable":true,"href":"https:\/\/academie-nationale-reims.fr\/index.php\/wp-json\/wp\/v2\/comments?post=78"}],"version-history":[{"count":22,"href":"https:\/\/academie-nationale-reims.fr\/index.php\/wp-json\/wp\/v2\/pages\/78\/revisions"}],"predecessor-version":[{"id":2677,"href":"https:\/\/academie-nationale-reims.fr\/index.php\/wp-json\/wp\/v2\/pages\/78\/revisions\/2677"}],"up":[{"embeddable":true,"href":"https:\/\/academie-nationale-reims.fr\/index.php\/wp-json\/wp\/v2\/pages\/21"}],"wp:attachment":[{"href":"https:\/\/academie-nationale-reims.fr\/index.php\/wp-json\/wp\/v2\/media?parent=78"}],"curies":[{"name":"wp","href":"https:\/\/api.w.org\/{rel}","templated":true}]}}