{"id":811,"date":"2016-04-02T16:16:57","date_gmt":"2016-04-02T15:16:57","guid":{"rendered":"http:\/\/academie-nationale-reims.fr\/?page_id=811"},"modified":"2024-02-28T12:05:10","modified_gmt":"2024-02-28T11:05:10","slug":"academiciens-illustres","status":"publish","type":"page","link":"https:\/\/academie-nationale-reims.fr\/index.php\/presentation\/histoire\/academiciens-illustres\/","title":{"rendered":"Acad\u00e9miciens illustres"},"content":{"rendered":"<p style=\"text-align: center;\">A travers son histoire, l&rsquo;Acad\u00e9mie nationale de Reims rayonne gr\u00e2ce \u00e0 l&rsquo;action de certains de ses membres :<\/p>\n<p style=\"text-align: center;\">Jacques-Joseph <a href=\"http:\/\/academie-nationale-reims.fr\/wp-content\/uploads\/2016\/04\/Panneau-MACQUART-3-DP-DN.pdf\" rel=\"\">MAQUART<\/a>\u00a0(1803-1873) membre titulaire en 1843<\/p>\n<p style=\"text-align: center;\">Eug\u00e8ne <a href=\"http:\/\/academie-nationale-reims.fr\/wp-content\/uploads\/2016\/04\/Panneau-AUGER-3-DP-DN.pdf\" rel=\"\">AUGER<\/a> (1847-1922) membre correspondant en 1889<\/p>\n<p style=\"text-align: center;\">Ernest <a href=\"http:\/\/academie-nationale-reims.fr\/wp-content\/uploads\/2016\/04\/Panneau-Ernest-KALAS-3-DP-DN.pdf\" rel=\"\">KALAS<\/a> (1861-1928) membre titulaire en 1903, pr\u00e9sident en 1913 et 1923<\/p>\n<p style=\"text-align: center;\">Hugues <a href=\"http:\/\/academie-nationale-reims.fr\/wp-content\/uploads\/2016\/04\/Panneau-KRAFFT-3-DP-DN.pdf\" rel=\"\">KRAFFT<\/a>\u00a0(1853-1935) membre titulaire en 1909, pr\u00e9sident en 1930<\/p>\n<p style=\"text-align: center;\">Ren\u00e9 <a href=\"http:\/\/academie-nationale-reims.fr\/wp-content\/uploads\/2016\/04\/Panneau-DRUART-DP-DN.pdf\" rel=\"\">DRUART<\/a> (1888-1961) membre titulaire en 1921, pr\u00e9sident en 1934, secr\u00e9taire g\u00e9n\u00e9ral\u00a0de 1945 \u00e0 1961<\/p>\n<p style=\"text-align: center;\">Eug\u00e8ne <a href=\"http:\/\/academie-nationale-reims.fr\/wp-content\/uploads\/2016\/04\/Panneau-DUPONT-3-DP-DN.pdf\" rel=\"\">DUPONT<\/a> (1859-1941) membre titulaire de 1927 \u00e0 1941<\/p>\n<p>\u00a0 \u00a0 \u00a0Charles <a href=\"http:\/\/academie-nationale-reims.fr\/wp-content\/uploads\/2024\/02\/GIVELET-Charles-E.-Dorffer-2012.docx\">GIVELET\u00a0<\/a><\/p>\n","protected":false},"excerpt":{"rendered":"<p>A travers son histoire, l&rsquo;Acad\u00e9mie nationale de Reims rayonne gr\u00e2ce \u00e0 l&rsquo;action de certains de ses membres : Jacques-Joseph MAQUART\u00a0(1803-1873) membre titulaire en 1843 Eug\u00e8ne AUGER (1847-1922) membre correspondant en 1889 Ernest KALAS (1861-1928) membre titulaire en 1903, pr\u00e9sident en 1913 et 1923 Hugues KRAFFT\u00a0(1853-1935) membre titulaire en 1909, pr\u00e9sident en 1930 Ren\u00e9 DRUART (1888-1961) [&hellip;]<\/p>\n","protected":false},"author":1,"featured_media":0,"parent":23,"menu_order":3,"comment_status":"closed","ping_status":"closed","template":"","meta":{"_mi_skip_tracking":false},"yoast_head":"<!-- This site is optimized with the Yoast SEO plugin v20.4 - https:\/\/yoast.com\/wordpress\/plugins\/seo\/ -->\n<title>Acad\u00e9miciens illustres - Acad\u00e9mie nationale de Reims<\/title>\n<meta name=\"robots\" content=\"index, follow, max-snippet:-1, max-image-preview:large, max-video-preview:-1\" \/>\n<link rel=\"canonical\" href=\"https:\/\/academie-nationale-reims.fr\/index.php\/presentation\/histoire\/academiciens-illustres\/\" \/>\n<meta property=\"og:locale\" content=\"fr_FR\" \/>\n<meta property=\"og:type\" content=\"article\" \/>\n<meta property=\"og:title\" content=\"Acad\u00e9miciens illustres - Acad\u00e9mie nationale de Reims\" \/>\n<meta property=\"og:description\" content=\"A travers son histoire, l&rsquo;Acad\u00e9mie nationale de Reims rayonne gr\u00e2ce \u00e0 l&rsquo;action de certains de ses membres : Jacques-Joseph MAQUART\u00a0(1803-1873) membre titulaire en 1843 Eug\u00e8ne AUGER (1847-1922) membre correspondant en 1889 Ernest KALAS (1861-1928) membre titulaire en 1903, pr\u00e9sident en 1913 et 1923 Hugues KRAFFT\u00a0(1853-1935) membre titulaire en 1909, pr\u00e9sident en 1930 Ren\u00e9 DRUART (1888-1961) [&hellip;]\" \/>\n<meta property=\"og:url\" content=\"https:\/\/academie-nationale-reims.fr\/index.php\/presentation\/histoire\/academiciens-illustres\/\" \/>\n<meta property=\"og:site_name\" content=\"Acad\u00e9mie nationale de Reims\" \/>\n<meta property=\"article:modified_time\" content=\"2024-02-28T11:05:10+00:00\" \/>\n<meta name=\"twitter:card\" content=\"summary_large_image\" \/>\n<meta name=\"twitter:label1\" content=\"Dur\u00e9e de lecture estim\u00e9e\" \/>\n\t<meta name=\"twitter:data1\" content=\"1 minute\" \/>\n<script type=\"application\/ld+json\" class=\"yoast-schema-graph\">{\"@context\":\"https:\/\/schema.org\",\"@graph\":[{\"@type\":\"WebPage\",\"@id\":\"https:\/\/academie-nationale-reims.fr\/index.php\/presentation\/histoire\/academiciens-illustres\/\",\"url\":\"https:\/\/academie-nationale-reims.fr\/index.php\/presentation\/histoire\/academiciens-illustres\/\",\"name\":\"Acad\u00e9miciens illustres - Acad\u00e9mie nationale de Reims\",\"isPartOf\":{\"@id\":\"https:\/\/academie-nationale-reims.fr\/#website\"},\"datePublished\":\"2016-04-02T15:16:57+00:00\",\"dateModified\":\"2024-02-28T11:05:10+00:00\",\"breadcrumb\":{\"@id\":\"https:\/\/academie-nationale-reims.fr\/index.php\/presentation\/histoire\/academiciens-illustres\/#breadcrumb\"},\"inLanguage\":\"fr-FR\",\"potentialAction\":[{\"@type\":\"ReadAction\",\"target\":[\"https:\/\/academie-nationale-reims.fr\/index.php\/presentation\/histoire\/academiciens-illustres\/\"]}]},{\"@type\":\"BreadcrumbList\",\"@id\":\"https:\/\/academie-nationale-reims.fr\/index.php\/presentation\/histoire\/academiciens-illustres\/#breadcrumb\",\"itemListElement\":[{\"@type\":\"ListItem\",\"position\":1,\"name\":\"Accueil\",\"item\":\"https:\/\/academie-nationale-reims.fr\/\"},{\"@type\":\"ListItem\",\"position\":2,\"name\":\"L&rsquo;Acad\u00e9mie\",\"item\":\"http:\/\/academie-nationale-reims.fr\/index.php\/presentation\/\"},{\"@type\":\"ListItem\",\"position\":3,\"name\":\"Histoire\",\"item\":\"http:\/\/academie-nationale-reims.fr\/index.php\/presentation\/histoire\/\"},{\"@type\":\"ListItem\",\"position\":4,\"name\":\"Acad\u00e9miciens illustres\"}]},{\"@type\":\"WebSite\",\"@id\":\"https:\/\/academie-nationale-reims.fr\/#website\",\"url\":\"https:\/\/academie-nationale-reims.fr\/\",\"name\":\"Acad\u00e9mie nationale de Reims\",\"description\":\"Ce site est en cours d\u2019am\u00e9nagements\",\"publisher\":{\"@id\":\"https:\/\/academie-nationale-reims.fr\/#organization\"},\"potentialAction\":[{\"@type\":\"SearchAction\",\"target\":{\"@type\":\"EntryPoint\",\"urlTemplate\":\"https:\/\/academie-nationale-reims.fr\/?s={search_term_string}\"},\"query-input\":\"required name=search_term_string\"}],\"inLanguage\":\"fr-FR\"},{\"@type\":\"Organization\",\"@id\":\"https:\/\/academie-nationale-reims.fr\/#organization\",\"name\":\"Acad\u00e9mie nationale de Reims\",\"url\":\"https:\/\/academie-nationale-reims.fr\/\",\"logo\":{\"@type\":\"ImageObject\",\"inLanguage\":\"fr-FR\",\"@id\":\"https:\/\/academie-nationale-reims.fr\/#\/schema\/logo\/image\/\",\"url\":\"https:\/\/academie-nationale-reims.fr\/wp-content\/uploads\/2023\/03\/logo.png\",\"contentUrl\":\"https:\/\/academie-nationale-reims.fr\/wp-content\/uploads\/2023\/03\/logo.png\",\"width\":2038,\"height\":426,\"caption\":\"Acad\u00e9mie nationale de Reims\"},\"image\":{\"@id\":\"https:\/\/academie-nationale-reims.fr\/#\/schema\/logo\/image\/\"}}]}<\/script>\n<!-- \/ Yoast SEO plugin. -->","yoast_head_json":{"title":"Acad\u00e9miciens illustres - Acad\u00e9mie nationale de Reims","robots":{"index":"index","follow":"follow","max-snippet":"max-snippet:-1","max-image-preview":"max-image-preview:large","max-video-preview":"max-video-preview:-1"},"canonical":"https:\/\/academie-nationale-reims.fr\/index.php\/presentation\/histoire\/academiciens-illustres\/","og_locale":"fr_FR","og_type":"article","og_title":"Acad\u00e9miciens illustres - Acad\u00e9mie nationale de Reims","og_description":"A travers son histoire, l&rsquo;Acad\u00e9mie nationale de Reims rayonne gr\u00e2ce \u00e0 l&rsquo;action de certains de ses membres : Jacques-Joseph MAQUART\u00a0(1803-1873) membre titulaire en 1843 Eug\u00e8ne AUGER (1847-1922) membre correspondant en 1889 Ernest KALAS (1861-1928) membre titulaire en 1903, pr\u00e9sident en 1913 et 1923 Hugues KRAFFT\u00a0(1853-1935) membre titulaire en 1909, pr\u00e9sident en 1930 Ren\u00e9 DRUART (1888-1961) [&hellip;]","og_url":"https:\/\/academie-nationale-reims.fr\/index.php\/presentation\/histoire\/academiciens-illustres\/","og_site_name":"Acad\u00e9mie nationale de Reims","article_modified_time":"2024-02-28T11:05:10+00:00","twitter_card":"summary_large_image","twitter_misc":{"Dur\u00e9e de lecture estim\u00e9e":"1 minute"},"schema":{"@context":"https:\/\/schema.org","@graph":[{"@type":"WebPage","@id":"https:\/\/academie-nationale-reims.fr\/index.php\/presentation\/histoire\/academiciens-illustres\/","url":"https:\/\/academie-nationale-reims.fr\/index.php\/presentation\/histoire\/academiciens-illustres\/","name":"Acad\u00e9miciens illustres - Acad\u00e9mie nationale de Reims","isPartOf":{"@id":"https:\/\/academie-nationale-reims.fr\/#website"},"datePublished":"2016-04-02T15:16:57+00:00","dateModified":"2024-02-28T11:05:10+00:00","breadcrumb":{"@id":"https:\/\/academie-nationale-reims.fr\/index.php\/presentation\/histoire\/academiciens-illustres\/#breadcrumb"},"inLanguage":"fr-FR","potentialAction":[{"@type":"ReadAction","target":["https:\/\/academie-nationale-reims.fr\/index.php\/presentation\/histoire\/academiciens-illustres\/"]}]},{"@type":"BreadcrumbList","@id":"https:\/\/academie-nationale-reims.fr\/index.php\/presentation\/histoire\/academiciens-illustres\/#breadcrumb","itemListElement":[{"@type":"ListItem","position":1,"name":"Accueil","item":"https:\/\/academie-nationale-reims.fr\/"},{"@type":"ListItem","position":2,"name":"L&rsquo;Acad\u00e9mie","item":"http:\/\/academie-nationale-reims.fr\/index.php\/presentation\/"},{"@type":"ListItem","position":3,"name":"Histoire","item":"http:\/\/academie-nationale-reims.fr\/index.php\/presentation\/histoire\/"},{"@type":"ListItem","position":4,"name":"Acad\u00e9miciens illustres"}]},{"@type":"WebSite","@id":"https:\/\/academie-nationale-reims.fr\/#website","url":"https:\/\/academie-nationale-reims.fr\/","name":"Acad\u00e9mie nationale de Reims","description":"Ce site est en cours d\u2019am\u00e9nagements","publisher":{"@id":"https:\/\/academie-nationale-reims.fr\/#organization"},"potentialAction":[{"@type":"SearchAction","target":{"@type":"EntryPoint","urlTemplate":"https:\/\/academie-nationale-reims.fr\/?s={search_term_string}"},"query-input":"required name=search_term_string"}],"inLanguage":"fr-FR"},{"@type":"Organization","@id":"https:\/\/academie-nationale-reims.fr\/#organization","name":"Acad\u00e9mie nationale de Reims","url":"https:\/\/academie-nationale-reims.fr\/","logo":{"@type":"ImageObject","inLanguage":"fr-FR","@id":"https:\/\/academie-nationale-reims.fr\/#\/schema\/logo\/image\/","url":"https:\/\/academie-nationale-reims.fr\/wp-content\/uploads\/2023\/03\/logo.png","contentUrl":"https:\/\/academie-nationale-reims.fr\/wp-content\/uploads\/2023\/03\/logo.png","width":2038,"height":426,"caption":"Acad\u00e9mie nationale de Reims"},"image":{"@id":"https:\/\/academie-nationale-reims.fr\/#\/schema\/logo\/image\/"}}]}},"_links":{"self":[{"href":"https:\/\/academie-nationale-reims.fr\/index.php\/wp-json\/wp\/v2\/pages\/811"}],"collection":[{"href":"https:\/\/academie-nationale-reims.fr\/index.php\/wp-json\/wp\/v2\/pages"}],"about":[{"href":"https:\/\/academie-nationale-reims.fr\/index.php\/wp-json\/wp\/v2\/types\/page"}],"author":[{"embeddable":true,"href":"https:\/\/academie-nationale-reims.fr\/index.php\/wp-json\/wp\/v2\/users\/1"}],"replies":[{"embeddable":true,"href":"https:\/\/academie-nationale-reims.fr\/index.php\/wp-json\/wp\/v2\/comments?post=811"}],"version-history":[{"count":6,"href":"https:\/\/academie-nationale-reims.fr\/index.php\/wp-json\/wp\/v2\/pages\/811\/revisions"}],"predecessor-version":[{"id":2544,"href":"https:\/\/academie-nationale-reims.fr\/index.php\/wp-json\/wp\/v2\/pages\/811\/revisions\/2544"}],"up":[{"embeddable":true,"href":"https:\/\/academie-nationale-reims.fr\/index.php\/wp-json\/wp\/v2\/pages\/23"}],"wp:attachment":[{"href":"https:\/\/academie-nationale-reims.fr\/index.php\/wp-json\/wp\/v2\/media?parent=811"}],"curies":[{"name":"wp","href":"https:\/\/api.w.org\/{rel}","templated":true}]}}